{"id":7900,"date":"2025-10-19T06:37:05","date_gmt":"2025-10-19T06:37:05","guid":{"rendered":"https:\/\/stitchedbysyed.com\/product\/halloween-ghost-embroidery-design-bubble-tea-pumpkin-digital-download-4x4-5x7-6x10-sizes-available\/"},"modified":"2025-11-04T05:24:56","modified_gmt":"2025-11-04T05:24:56","slug":"halloween-ghost-embroidery-design-bubble-tea-pumpkin-digital-download-4x4-5x7-6x10-sizes-available","status":"publish","type":"product","link":"https:\/\/stitchedbysyed.com\/fr\/product\/halloween-ghost-embroidery-design-bubble-tea-pumpkin-digital-download-4x4-5x7-6x10-sizes-available\/","title":{"rendered":"Motif de broderie fant\u00f4me Halloween : Bubble Tea &amp; Pumpkin (t\u00e9l\u00e9chargement num\u00e9rique, formats 4\u00d74, 5\u00d77, 6\u00d710 disponibles)"},"content":{"rendered":"<p>Sip in style this Halloween with the Ghost with Bubble Tea &amp; Pumpkin embroidery design. A fun filled stitch pattern perfect for seasonal clothing, bags, and home d\u00e9cor.<\/p>\n<p>\ud83d\udccf Tailles (pouces US uniquement)<br \/>\nToutes les tailles de cette annonce sont en pouces (US), et non en unit\u00e9s m\u00e9triques (cm).<br \/>\nTailles disponibles : 4\u00d74, 5\u00d77, 6\u00d710<\/p>\n<p>\ud83e\uddf5 Fichier de broderie num\u00e9rique uniquement<br \/>\nIl s\u2019agit d\u2019un fichier de broderie num\u00e9rique \u2014 aucun produit physique ne sera exp\u00e9di\u00e9. Vous devez poss\u00e9der une machine \u00e0 broder pour utiliser ces motifs.<\/p>\n<p>\ud83d\udcc2 Formats de fichiers inclus<br \/>\nVotre t\u00e9l\u00e9chargement inclura les formats de fichiers de broderie suivants :<br \/>\n\u2705 EMB, EXP, DST, HUS, PES, VP3, ART, JEF, PCS, CND, SEW, XXX, CSD<\/p>\n<p>\ud83d\udca1 Besoin d\u2019un autre format ? Contactez-moi avant d\u2019acheter.<br \/>\n\ud83d\udccc Besoin d\u2019une taille personnalis\u00e9e ? Veuillez me contacter avant d\u2019acheter.<\/p>\n<p>Conditions d\u2019utilisation<\/p>\n<p>Vous pouvez<br \/>\nUtiliser ce fichier pour des projets personnels<br \/>\nCr\u00e9er des articles physiques \u00e0 vendre (chemises, sacs, d\u00e9corations d\u2019int\u00e9rieur, etc.)<\/p>\n<p>Vous ne pouvez pas<br \/>\nNe partagez pas, ne vendez pas et ne distribuez pas ce fichier num\u00e9rique.<br \/>\nNe revendez pas ce fichier sous quelque format que ce soit (interdiction de le vendre tel quel).<\/p>\n<p>Informations importantes<br \/>\nCeci est un produit num\u00e9rique \u2014 aucun remboursement.<br \/>\nLa qualit\u00e9 de la broderie d\u00e9pend des r\u00e9glages de votre machine, de la tension du fil, du stabilisateur, du tissu et de l\u2019aiguille.<br \/>\nPour une version sp\u00e9ciale adapt\u00e9e \u00e0 la broderie sur casquette, veuillez me contacter avant l\u2019achat. Ce service personnalis\u00e9 est plus co\u00fbteux que la fiche standard.<br \/>\nUn test de broderie est fortement recommand\u00e9 avant la production finale.<\/p>\n<p>Satisfaction client garantie \ud83d\udcaf<br \/>\nVotre satisfaction est ma priorit\u00e9 ! Si vous avez la moindre question ou un souci concernant votre design, contactez-moi \u00e0 tout moment \u2014 je serai heureux de vous aider rapidement.<\/p>\n<p>Merci infiniment d\u2019avoir visit\u00e9 ma boutique StitchedBySyed ! \ud83d\udc8c Je vous souhaite de merveilleuses cr\u00e9ations et beaucoup de plaisir \u00e0 broder.<\/p>","protected":false},"excerpt":{"rendered":"<p>Sip in style this Halloween with the Ghost with Bubble Tea &amp; Pumpkin embroidery design. A fun filled stitch pattern perfect for seasonal clothing, bags, and home d\u00e9cor. \ud83d\udccf Sizes (US Inches Only) All sizes in this listing are in inches (US), not metric (cm). Available Sizes: 4&#215;4, 5&#215;7, 6&#215;10 \ud83e\uddf5 Digital Embroidery File Only [&hellip;]<\/p>","protected":false},"featured_media":7903,"comment_status":"open","ping_status":"closed","template":"","meta":[],"product_brand":[],"product_cat":[183,67,155],"product_tag":[91,143,70,71,138,76,77,139,93,446,78,79,302],"class_list":{"0":"post-7900","1":"product","2":"type-product","3":"status-publish","4":"has-post-thumbnail","6":"product_cat-embroidery-machine-files","7":"product_cat-ghost-embroidery-designs","8":"product_cat-halloween-embroidery-designs","9":"product_tag-chicken-independence","10":"product_tag-embroidery-files","11":"product_tag-embroidery-pattern","12":"product_tag-filled-stitch-ghost","13":"product_tag-halloween-embroidery","14":"product_tag-halloween-ghost","15":"product_tag-instant-download","16":"product_tag-machine-embroidery","17":"product_tag-party-ghost","18":"product_tag-personalised-gift","19":"product_tag-seasonal-embroidery","20":"product_tag-spooky-cute-design","21":"product_tag-toddler-costume","23":"first","24":"instock","25":"sale","26":"downloadable","27":"taxable","28":"shipping-taxable","29":"purchasable","30":"product-type-simple"},"yoast_head":"<!-- This site is optimized with the Yoast SEO Premium plugin v26.2 (Yoast SEO v26.2) - https:\/\/yoast.com\/wordpress\/plugins\/seo\/ -->\n<title>Halloween Ghost Embroidery Design: Bubble Tea &amp; Pumpkin (Digital Download, 4x4, 5x7, 6x10 Sizes Available) - stitchedbysyed.com<\/title>\n<meta name=\"description\" content=\"Sip in style this Halloween with the Ghost with Bubble Tea &amp; Pumpkin embroidery design. A fun filled stitch pattern perfect for seasonal clothing, bags, and home d\u00e9cor.\" \/>\n<meta name=\"robots\" content=\"index, follow, max-snippet:-1, max-image-preview:large, max-video-preview:-1\" \/>\n<link rel=\"canonical\" href=\"https:\/\/stitchedbysyed.com\/fr\/product\/halloween-ghost-embroidery-design-bubble-tea-pumpkin-digital-download-4x4-5x7-6x10-sizes-available\/\" \/>\n<meta property=\"og:locale\" content=\"fr_FR\" \/>\n<meta property=\"og:type\" content=\"article\" \/>\n<meta property=\"og:title\" content=\"Halloween Ghost Embroidery Design: Bubble Tea &amp; Pumpkin (Digital Download, 4x4, 5x7, 6x10 Sizes Available)\" \/>\n<meta property=\"og:description\" content=\"Sip in style this Halloween with the Ghost with Bubble Tea &amp; Pumpkin embroidery design. A fun filled stitch pattern perfect for seasonal clothing, bags, and home d\u00e9cor.\" \/>\n<meta property=\"og:url\" content=\"https:\/\/stitchedbysyed.com\/fr\/product\/halloween-ghost-embroidery-design-bubble-tea-pumpkin-digital-download-4x4-5x7-6x10-sizes-available\/\" \/>\n<meta property=\"og:site_name\" content=\"stitchedbysyed.com\" \/>\n<meta property=\"article:modified_time\" content=\"2025-11-04T05:24:56+00:00\" \/>\n<meta property=\"og:image\" content=\"https:\/\/stitchedbysyed.com\/wp-content\/uploads\/2025\/10\/il_fullxfull.7115668940_7jmh-1.jpg\" \/>\n\t<meta property=\"og:image:width\" content=\"1080\" \/>\n\t<meta property=\"og:image:height\" content=\"1080\" \/>\n\t<meta property=\"og:image:type\" content=\"image\/jpeg\" \/>\n<meta name=\"twitter:card\" content=\"summary_large_image\" \/>\n<meta name=\"twitter:label1\" content=\"Dur\u00e9e de lecture estim\u00e9e\" \/>\n\t<meta name=\"twitter:data1\" content=\"2 minutes\" \/>\n<script type=\"application\/ld+json\" class=\"yoast-schema-graph\">{\"@context\":\"https:\/\/schema.org\",\"@graph\":[{\"@type\":\"WebPage\",\"@id\":\"https:\/\/stitchedbysyed.com\/product\/halloween-ghost-embroidery-design-bubble-tea-pumpkin-digital-download-4x4-5x7-6x10-sizes-available\/\",\"url\":\"https:\/\/stitchedbysyed.com\/product\/halloween-ghost-embroidery-design-bubble-tea-pumpkin-digital-download-4x4-5x7-6x10-sizes-available\/\",\"name\":\"Halloween Ghost Embroidery Design: Bubble Tea & Pumpkin (Digital Download, 4x4, 5x7, 6x10 Sizes Available) - stitchedbysyed.com\",\"isPartOf\":{\"@id\":\"https:\/\/stitchedbysyed.com\/#website\"},\"primaryImageOfPage\":{\"@id\":\"https:\/\/stitchedbysyed.com\/product\/halloween-ghost-embroidery-design-bubble-tea-pumpkin-digital-download-4x4-5x7-6x10-sizes-available\/#primaryimage\"},\"image\":{\"@id\":\"https:\/\/stitchedbysyed.com\/product\/halloween-ghost-embroidery-design-bubble-tea-pumpkin-digital-download-4x4-5x7-6x10-sizes-available\/#primaryimage\"},\"thumbnailUrl\":\"https:\/\/stitchedbysyed.com\/wp-content\/uploads\/2025\/10\/il_fullxfull.7115668940_7jmh-1.jpg\",\"datePublished\":\"2025-10-19T06:37:05+00:00\",\"dateModified\":\"2025-11-04T05:24:56+00:00\",\"description\":\"Sip in style this Halloween with the Ghost with Bubble Tea & Pumpkin embroidery design. A fun filled stitch pattern perfect for seasonal clothing, bags, and home d\u00e9cor.\",\"breadcrumb\":{\"@id\":\"https:\/\/stitchedbysyed.com\/product\/halloween-ghost-embroidery-design-bubble-tea-pumpkin-digital-download-4x4-5x7-6x10-sizes-available\/#breadcrumb\"},\"inLanguage\":\"fr-FR\",\"potentialAction\":[{\"@type\":\"ReadAction\",\"target\":[\"https:\/\/stitchedbysyed.com\/product\/halloween-ghost-embroidery-design-bubble-tea-pumpkin-digital-download-4x4-5x7-6x10-sizes-available\/\"]}]},{\"@type\":\"ImageObject\",\"inLanguage\":\"fr-FR\",\"@id\":\"https:\/\/stitchedbysyed.com\/product\/halloween-ghost-embroidery-design-bubble-tea-pumpkin-digital-download-4x4-5x7-6x10-sizes-available\/#primaryimage\",\"url\":\"https:\/\/stitchedbysyed.com\/wp-content\/uploads\/2025\/10\/il_fullxfull.7115668940_7jmh-1.jpg\",\"contentUrl\":\"https:\/\/stitchedbysyed.com\/wp-content\/uploads\/2025\/10\/il_fullxfull.7115668940_7jmh-1.jpg\",\"width\":1080,\"height\":1080},{\"@type\":\"BreadcrumbList\",\"@id\":\"https:\/\/stitchedbysyed.com\/product\/halloween-ghost-embroidery-design-bubble-tea-pumpkin-digital-download-4x4-5x7-6x10-sizes-available\/#breadcrumb\",\"itemListElement\":[{\"@type\":\"ListItem\",\"position\":1,\"name\":\"Home\",\"item\":\"https:\/\/stitchedbysyed.com\/\"},{\"@type\":\"ListItem\",\"position\":2,\"name\":\"Shop\",\"item\":\"https:\/\/stitchedbysyed.com\/shop\/\"},{\"@type\":\"ListItem\",\"position\":3,\"name\":\"Halloween Ghost Embroidery Design: Bubble Tea &#038; Pumpkin (Digital Download, 4&#215;4, 5&#215;7, 6&#215;10 Sizes Available)\"}]},{\"@type\":\"WebSite\",\"@id\":\"https:\/\/stitchedbysyed.com\/#website\",\"url\":\"https:\/\/stitchedbysyed.com\/\",\"name\":\"stitchedbysyed.com\",\"description\":\"\",\"publisher\":{\"@id\":\"https:\/\/stitchedbysyed.com\/#organization\"},\"potentialAction\":[{\"@type\":\"SearchAction\",\"target\":{\"@type\":\"EntryPoint\",\"urlTemplate\":\"https:\/\/stitchedbysyed.com\/?s={search_term_string}\"},\"query-input\":{\"@type\":\"PropertyValueSpecification\",\"valueRequired\":true,\"valueName\":\"search_term_string\"}}],\"inLanguage\":\"fr-FR\"},{\"@type\":\"Organization\",\"@id\":\"https:\/\/stitchedbysyed.com\/#organization\",\"name\":\"stitchedbysyed.com\",\"url\":\"https:\/\/stitchedbysyed.com\/\",\"logo\":{\"@type\":\"ImageObject\",\"inLanguage\":\"fr-FR\",\"@id\":\"https:\/\/stitchedbysyed.com\/#\/schema\/logo\/image\/\",\"url\":\"https:\/\/stitchedbysyed.com\/wp-content\/uploads\/2025\/10\/cropped-Stitchedbysyed_logo_dark.webp\",\"contentUrl\":\"https:\/\/stitchedbysyed.com\/wp-content\/uploads\/2025\/10\/cropped-Stitchedbysyed_logo_dark.webp\",\"width\":395,\"height\":162,\"caption\":\"stitchedbysyed.com\"},\"image\":{\"@id\":\"https:\/\/stitchedbysyed.com\/#\/schema\/logo\/image\/\"}}]}<\/script>\n<!-- \/ Yoast SEO Premium plugin. -->","yoast_head_json":{"title":"Halloween Ghost Embroidery Design: Bubble Tea & Pumpkin (Digital Download, 4x4, 5x7, 6x10 Sizes Available) - stitchedbysyed.com","description":"Sip in style this Halloween with the Ghost with Bubble Tea & Pumpkin embroidery design. A fun filled stitch pattern perfect for seasonal clothing, bags, and home d\u00e9cor.","robots":{"index":"index","follow":"follow","max-snippet":"max-snippet:-1","max-image-preview":"max-image-preview:large","max-video-preview":"max-video-preview:-1"},"canonical":"https:\/\/stitchedbysyed.com\/fr\/product\/halloween-ghost-embroidery-design-bubble-tea-pumpkin-digital-download-4x4-5x7-6x10-sizes-available\/","og_locale":"fr_FR","og_type":"article","og_title":"Halloween Ghost Embroidery Design: Bubble Tea & Pumpkin (Digital Download, 4x4, 5x7, 6x10 Sizes Available)","og_description":"Sip in style this Halloween with the Ghost with Bubble Tea & Pumpkin embroidery design. A fun filled stitch pattern perfect for seasonal clothing, bags, and home d\u00e9cor.","og_url":"https:\/\/stitchedbysyed.com\/fr\/product\/halloween-ghost-embroidery-design-bubble-tea-pumpkin-digital-download-4x4-5x7-6x10-sizes-available\/","og_site_name":"stitchedbysyed.com","article_modified_time":"2025-11-04T05:24:56+00:00","og_image":[{"width":1080,"height":1080,"url":"https:\/\/stitchedbysyed.com\/wp-content\/uploads\/2025\/10\/il_fullxfull.7115668940_7jmh-1.jpg","type":"image\/jpeg"}],"twitter_card":"summary_large_image","twitter_misc":{"Dur\u00e9e de lecture estim\u00e9e":"2 minutes"},"schema":{"@context":"https:\/\/schema.org","@graph":[{"@type":"WebPage","@id":"https:\/\/stitchedbysyed.com\/product\/halloween-ghost-embroidery-design-bubble-tea-pumpkin-digital-download-4x4-5x7-6x10-sizes-available\/","url":"https:\/\/stitchedbysyed.com\/product\/halloween-ghost-embroidery-design-bubble-tea-pumpkin-digital-download-4x4-5x7-6x10-sizes-available\/","name":"Halloween Ghost Embroidery Design: Bubble Tea & Pumpkin (Digital Download, 4x4, 5x7, 6x10 Sizes Available) - stitchedbysyed.com","isPartOf":{"@id":"https:\/\/stitchedbysyed.com\/#website"},"primaryImageOfPage":{"@id":"https:\/\/stitchedbysyed.com\/product\/halloween-ghost-embroidery-design-bubble-tea-pumpkin-digital-download-4x4-5x7-6x10-sizes-available\/#primaryimage"},"image":{"@id":"https:\/\/stitchedbysyed.com\/product\/halloween-ghost-embroidery-design-bubble-tea-pumpkin-digital-download-4x4-5x7-6x10-sizes-available\/#primaryimage"},"thumbnailUrl":"https:\/\/stitchedbysyed.com\/wp-content\/uploads\/2025\/10\/il_fullxfull.7115668940_7jmh-1.jpg","datePublished":"2025-10-19T06:37:05+00:00","dateModified":"2025-11-04T05:24:56+00:00","description":"Sip in style this Halloween with the Ghost with Bubble Tea & Pumpkin embroidery design. A fun filled stitch pattern perfect for seasonal clothing, bags, and home d\u00e9cor.","breadcrumb":{"@id":"https:\/\/stitchedbysyed.com\/product\/halloween-ghost-embroidery-design-bubble-tea-pumpkin-digital-download-4x4-5x7-6x10-sizes-available\/#breadcrumb"},"inLanguage":"fr-FR","potentialAction":[{"@type":"ReadAction","target":["https:\/\/stitchedbysyed.com\/product\/halloween-ghost-embroidery-design-bubble-tea-pumpkin-digital-download-4x4-5x7-6x10-sizes-available\/"]}]},{"@type":"ImageObject","inLanguage":"fr-FR","@id":"https:\/\/stitchedbysyed.com\/product\/halloween-ghost-embroidery-design-bubble-tea-pumpkin-digital-download-4x4-5x7-6x10-sizes-available\/#primaryimage","url":"https:\/\/stitchedbysyed.com\/wp-content\/uploads\/2025\/10\/il_fullxfull.7115668940_7jmh-1.jpg","contentUrl":"https:\/\/stitchedbysyed.com\/wp-content\/uploads\/2025\/10\/il_fullxfull.7115668940_7jmh-1.jpg","width":1080,"height":1080},{"@type":"BreadcrumbList","@id":"https:\/\/stitchedbysyed.com\/product\/halloween-ghost-embroidery-design-bubble-tea-pumpkin-digital-download-4x4-5x7-6x10-sizes-available\/#breadcrumb","itemListElement":[{"@type":"ListItem","position":1,"name":"Home","item":"https:\/\/stitchedbysyed.com\/"},{"@type":"ListItem","position":2,"name":"Shop","item":"https:\/\/stitchedbysyed.com\/shop\/"},{"@type":"ListItem","position":3,"name":"Halloween Ghost Embroidery Design: Bubble Tea &#038; Pumpkin (Digital Download, 4&#215;4, 5&#215;7, 6&#215;10 Sizes Available)"}]},{"@type":"WebSite","@id":"https:\/\/stitchedbysyed.com\/#website","url":"https:\/\/stitchedbysyed.com\/","name":"stitchedbysyed.com","description":"","publisher":{"@id":"https:\/\/stitchedbysyed.com\/#organization"},"potentialAction":[{"@type":"SearchAction","target":{"@type":"EntryPoint","urlTemplate":"https:\/\/stitchedbysyed.com\/?s={search_term_string}"},"query-input":{"@type":"PropertyValueSpecification","valueRequired":true,"valueName":"search_term_string"}}],"inLanguage":"fr-FR"},{"@type":"Organization","@id":"https:\/\/stitchedbysyed.com\/#organization","name":"stitchedbysyed.com","url":"https:\/\/stitchedbysyed.com\/","logo":{"@type":"ImageObject","inLanguage":"fr-FR","@id":"https:\/\/stitchedbysyed.com\/#\/schema\/logo\/image\/","url":"https:\/\/stitchedbysyed.com\/wp-content\/uploads\/2025\/10\/cropped-Stitchedbysyed_logo_dark.webp","contentUrl":"https:\/\/stitchedbysyed.com\/wp-content\/uploads\/2025\/10\/cropped-Stitchedbysyed_logo_dark.webp","width":395,"height":162,"caption":"stitchedbysyed.com"},"image":{"@id":"https:\/\/stitchedbysyed.com\/#\/schema\/logo\/image\/"}}]}},"_links":{"self":[{"href":"https:\/\/stitchedbysyed.com\/fr\/wp-json\/wp\/v2\/product\/7900","targetHints":{"allow":["GET"]}}],"collection":[{"href":"https:\/\/stitchedbysyed.com\/fr\/wp-json\/wp\/v2\/product"}],"about":[{"href":"https:\/\/stitchedbysyed.com\/fr\/wp-json\/wp\/v2\/types\/product"}],"replies":[{"embeddable":true,"href":"https:\/\/stitchedbysyed.com\/fr\/wp-json\/wp\/v2\/comments?post=7900"}],"wp:featuredmedia":[{"embeddable":true,"href":"https:\/\/stitchedbysyed.com\/fr\/wp-json\/wp\/v2\/media\/7903"}],"wp:attachment":[{"href":"https:\/\/stitchedbysyed.com\/fr\/wp-json\/wp\/v2\/media?parent=7900"}],"wp:term":[{"taxonomy":"product_brand","embeddable":true,"href":"https:\/\/stitchedbysyed.com\/fr\/wp-json\/wp\/v2\/product_brand?post=7900"},{"taxonomy":"product_cat","embeddable":true,"href":"https:\/\/stitchedbysyed.com\/fr\/wp-json\/wp\/v2\/product_cat?post=7900"},{"taxonomy":"product_tag","embeddable":true,"href":"https:\/\/stitchedbysyed.com\/fr\/wp-json\/wp\/v2\/product_tag?post=7900"}],"curies":[{"name":"wp","href":"https:\/\/api.w.org\/{rel}","templated":true}]}}