{"id":7806,"date":"2025-10-19T06:32:08","date_gmt":"2025-10-19T06:32:08","guid":{"rendered":"https:\/\/stitchedbysyed.com\/product\/boo-tiful-halloween-embroidery-design-cute-boo-with-heart-text-spooky-machine-embroidery-file-for-halloween-autumn-embroidery-design\/"},"modified":"2025-11-04T05:26:03","modified_gmt":"2025-11-04T05:26:03","slug":"boo-tiful-halloween-embroidery-design-cute-boo-with-heart-text-spooky-machine-embroidery-file-for-halloween-autumn-embroidery-design","status":"publish","type":"product","link":"https:\/\/stitchedbysyed.com\/fr\/product\/boo-tiful-halloween-embroidery-design-cute-boo-with-heart-text-spooky-machine-embroidery-file-for-halloween-autumn-embroidery-design\/","title":{"rendered":"Motif de broderie Boo-tiful Halloween - Mignon Boo avec texte en forme de coeur, Fichier de broderie machine pour Halloween, Motif de broderie d'automne"},"content":{"rendered":"<p>Add a touch of spooky charm to your Halloween crafting with this Boo-tiful Halloween Embroidery Design \u2013 featuring a cute \u201cBoo\u201d with a heart accent and bold \u201cTIFUL\u201d lettering for a playful, festive look. Perfect for customizing Halloween outfits, tote bags, pillows, and home d\u00e9cor, this machine embroidery file helps you create unique seasonal gifts or decorate your space with a fun, spooky vibe. Whether you&#8217;re a seasoned embroidery enthusiast or a DIY lover, this design is easy to stitch and adds a charming Halloween touch to any project.<\/p>\n<p>Key features include:<br \/>\n&#8211; High-quality embroidery file compatible with most machine types<br \/>\n&#8211; Ideal for Halloween, autumn, and fall-themed crafts<br \/>\n&#8211; Perfect for trick or treat bags, costumes, pillows, and festive decorations<br \/>\n&#8211; Instant download for quick and easy project start<\/p>\n<p>Create eye-catching, personalized Halloween items that stand out and spread seasonal cheer. Bring your spooky ideas to life with this trending embroidery design and make your Halloween celebrations even more special!<\/p>\n<p>\ud83d\udccf Tailles (pouces US uniquement)<br \/>\nToutes les tailles de cette annonce sont en pouces (US), et non en unit\u00e9s m\u00e9triques (cm).<br \/>\nTailles disponibles : 4\u00d74, 5\u00d77, 6\u00d710<\/p>\n<p>\ud83e\uddf5 Fichier de broderie num\u00e9rique uniquement<br \/>\nIl s\u2019agit d\u2019un fichier de broderie num\u00e9rique \u2014 aucun produit physique ne sera exp\u00e9di\u00e9. Vous devez poss\u00e9der une machine \u00e0 broder pour utiliser ces motifs.<\/p>\n<p>\ud83d\udcc2 Formats de fichiers inclus<br \/>\nVotre t\u00e9l\u00e9chargement inclura les formats de fichiers de broderie suivants :<br \/>\n\u2705 EMB, EXP, DST, HUS, PES, VP3, ART, JEF, PCS, CND, SEW, XXX, CSD<\/p>\n<p>\ud83d\udca1 Besoin d\u2019un autre format ? Contactez-moi avant d\u2019acheter.<br \/>\n\ud83d\udccc Besoin d\u2019une taille personnalis\u00e9e ? Veuillez me contacter avant d\u2019acheter.<\/p>\n<p>Conditions d\u2019utilisation<\/p>\n<p>Vous pouvez<br \/>\nUtiliser ce fichier pour des projets personnels<br \/>\nCr\u00e9er des articles physiques \u00e0 vendre (chemises, sacs, d\u00e9corations d\u2019int\u00e9rieur, etc.)<\/p>\n<p>Vous ne pouvez pas<br \/>\nNe partagez pas, ne vendez pas et ne distribuez pas ce fichier num\u00e9rique.<br \/>\nNe revendez pas ce fichier sous quelque format que ce soit (interdiction de le vendre tel quel).<\/p>\n<p>Informations importantes<br \/>\nCeci est un produit num\u00e9rique \u2014 aucun remboursement.<br \/>\nLa qualit\u00e9 de la broderie d\u00e9pend des r\u00e9glages de votre machine, de la tension du fil, du stabilisateur, du tissu et de l\u2019aiguille.<br \/>\nPour une version sp\u00e9ciale adapt\u00e9e \u00e0 la broderie sur casquette, veuillez me contacter avant l\u2019achat. Ce service personnalis\u00e9 est plus co\u00fbteux que la fiche standard.<br \/>\nUn test de broderie est fortement recommand\u00e9 avant la production finale.<\/p>\n<p>Satisfaction client garantie \ud83d\udcaf<br \/>\nVotre satisfaction est ma priorit\u00e9 ! Si vous avez la moindre question ou un souci concernant votre design, contactez-moi \u00e0 tout moment \u2014 je serai heureux de vous aider rapidement.<\/p>\n<p>Merci infiniment d\u2019avoir visit\u00e9 ma boutique StitchedBySyed ! \ud83d\udc8c Je vous souhaite de merveilleuses cr\u00e9ations et beaucoup de plaisir \u00e0 broder.<\/p>","protected":false},"excerpt":{"rendered":"<p>Add a touch of spooky charm to your Halloween crafting with this Boo-tiful Halloween Embroidery Design \u2013 featuring a cute \u201cBoo\u201d with a heart accent and bold \u201cTIFUL\u201d lettering for a playful, festive look. Perfect for customizing Halloween outfits, tote bags, pillows, and home d\u00e9cor, this machine embroidery file helps you create unique seasonal gifts [&hellip;]<\/p>","protected":false},"featured_media":7807,"comment_status":"open","ping_status":"closed","template":"","meta":[],"product_brand":[],"product_cat":[183,155],"product_tag":[137,414,415,141,69,143,146,103,138,139,114,409,115],"class_list":{"0":"post-7806","1":"product","2":"type-product","3":"status-publish","4":"has-post-thumbnail","6":"product_cat-embroidery-machine-files","7":"product_cat-halloween-embroidery-designs","8":"product_tag-autumn-fall","9":"product_tag-boo-embroidery-desig","10":"product_tag-custom-embroidery","11":"product_tag-embroidery-crafts","12":"product_tag-embroidery-file","13":"product_tag-embroidery-files","14":"product_tag-ghost-embroidery-fil","15":"product_tag-halloween-designs","16":"product_tag-halloween-embroidery","17":"product_tag-machine-embroidery","18":"product_tag-spooky-jack-embroide","19":"product_tag-trending-embroidery","20":"product_tag-trick-or-treat","22":"first","23":"instock","24":"sale","25":"downloadable","26":"taxable","27":"shipping-taxable","28":"purchasable","29":"product-type-simple"},"yoast_head":"<!-- This site is optimized with the Yoast SEO Premium plugin v26.2 (Yoast SEO v26.2) - https:\/\/yoast.com\/wordpress\/plugins\/seo\/ -->\n<title>Boo-tiful Halloween Embroidery Design \u2013 Cute Boo with Heart Text, Spooky Machine Embroidery File for Halloween, Autumn Embroidery Design - stitchedbysyed.com<\/title>\n<meta name=\"description\" content=\"Add a touch of spooky charm to your Halloween crafting with this Boo-tiful Halloween Embroidery Design \u2013 featuring a cute \u201cBoo\u201d with a heart accent and bold \u201cTIFUL\u201d lettering for a playful, festive look.\" \/>\n<meta name=\"robots\" content=\"index, follow, max-snippet:-1, max-image-preview:large, max-video-preview:-1\" \/>\n<link rel=\"canonical\" href=\"https:\/\/stitchedbysyed.com\/fr\/product\/boo-tiful-halloween-embroidery-design-cute-boo-with-heart-text-spooky-machine-embroidery-file-for-halloween-autumn-embroidery-design\/\" \/>\n<meta property=\"og:locale\" content=\"fr_FR\" \/>\n<meta property=\"og:type\" content=\"article\" \/>\n<meta property=\"og:title\" content=\"Boo-tiful Halloween Embroidery Design \u2013 Cute Boo with Heart Text, Spooky Machine Embroidery File for Halloween, Autumn Embroidery Design\" \/>\n<meta property=\"og:description\" content=\"Add a touch of spooky charm to your Halloween crafting with this Boo-tiful Halloween Embroidery Design \u2013 featuring a cute \u201cBoo\u201d with a heart accent and bold \u201cTIFUL\u201d lettering for a playful, festive look.\" \/>\n<meta property=\"og:url\" content=\"https:\/\/stitchedbysyed.com\/fr\/product\/boo-tiful-halloween-embroidery-design-cute-boo-with-heart-text-spooky-machine-embroidery-file-for-halloween-autumn-embroidery-design\/\" \/>\n<meta property=\"og:site_name\" content=\"stitchedbysyed.com\" \/>\n<meta property=\"article:modified_time\" content=\"2025-11-04T05:26:03+00:00\" \/>\n<meta property=\"og:image\" content=\"https:\/\/stitchedbysyed.com\/wp-content\/uploads\/2025\/10\/il_fullxfull.7180802634_nzw4.jpg\" \/>\n\t<meta property=\"og:image:width\" content=\"2048\" \/>\n\t<meta property=\"og:image:height\" content=\"2048\" \/>\n\t<meta property=\"og:image:type\" content=\"image\/jpeg\" \/>\n<meta name=\"twitter:card\" content=\"summary_large_image\" \/>\n<meta name=\"twitter:label1\" content=\"Dur\u00e9e de lecture estim\u00e9e\" \/>\n\t<meta name=\"twitter:data1\" content=\"2 minutes\" \/>\n<script type=\"application\/ld+json\" class=\"yoast-schema-graph\">{\"@context\":\"https:\/\/schema.org\",\"@graph\":[{\"@type\":\"WebPage\",\"@id\":\"https:\/\/stitchedbysyed.com\/product\/boo-tiful-halloween-embroidery-design-cute-boo-with-heart-text-spooky-machine-embroidery-file-for-halloween-autumn-embroidery-design\/\",\"url\":\"https:\/\/stitchedbysyed.com\/product\/boo-tiful-halloween-embroidery-design-cute-boo-with-heart-text-spooky-machine-embroidery-file-for-halloween-autumn-embroidery-design\/\",\"name\":\"Boo-tiful Halloween Embroidery Design \u2013 Cute Boo with Heart Text, Spooky Machine Embroidery File for Halloween, Autumn Embroidery Design - stitchedbysyed.com\",\"isPartOf\":{\"@id\":\"https:\/\/stitchedbysyed.com\/#website\"},\"primaryImageOfPage\":{\"@id\":\"https:\/\/stitchedbysyed.com\/product\/boo-tiful-halloween-embroidery-design-cute-boo-with-heart-text-spooky-machine-embroidery-file-for-halloween-autumn-embroidery-design\/#primaryimage\"},\"image\":{\"@id\":\"https:\/\/stitchedbysyed.com\/product\/boo-tiful-halloween-embroidery-design-cute-boo-with-heart-text-spooky-machine-embroidery-file-for-halloween-autumn-embroidery-design\/#primaryimage\"},\"thumbnailUrl\":\"https:\/\/stitchedbysyed.com\/wp-content\/uploads\/2025\/10\/il_fullxfull.7180802634_nzw4.jpg\",\"datePublished\":\"2025-10-19T06:32:08+00:00\",\"dateModified\":\"2025-11-04T05:26:03+00:00\",\"description\":\"Add a touch of spooky charm to your Halloween crafting with this Boo-tiful Halloween Embroidery Design \u2013 featuring a cute \u201cBoo\u201d with a heart accent and bold \u201cTIFUL\u201d lettering for a playful, festive look.\",\"breadcrumb\":{\"@id\":\"https:\/\/stitchedbysyed.com\/product\/boo-tiful-halloween-embroidery-design-cute-boo-with-heart-text-spooky-machine-embroidery-file-for-halloween-autumn-embroidery-design\/#breadcrumb\"},\"inLanguage\":\"fr-FR\",\"potentialAction\":[{\"@type\":\"ReadAction\",\"target\":[\"https:\/\/stitchedbysyed.com\/product\/boo-tiful-halloween-embroidery-design-cute-boo-with-heart-text-spooky-machine-embroidery-file-for-halloween-autumn-embroidery-design\/\"]}]},{\"@type\":\"ImageObject\",\"inLanguage\":\"fr-FR\",\"@id\":\"https:\/\/stitchedbysyed.com\/product\/boo-tiful-halloween-embroidery-design-cute-boo-with-heart-text-spooky-machine-embroidery-file-for-halloween-autumn-embroidery-design\/#primaryimage\",\"url\":\"https:\/\/stitchedbysyed.com\/wp-content\/uploads\/2025\/10\/il_fullxfull.7180802634_nzw4.jpg\",\"contentUrl\":\"https:\/\/stitchedbysyed.com\/wp-content\/uploads\/2025\/10\/il_fullxfull.7180802634_nzw4.jpg\",\"width\":2048,\"height\":2048},{\"@type\":\"BreadcrumbList\",\"@id\":\"https:\/\/stitchedbysyed.com\/product\/boo-tiful-halloween-embroidery-design-cute-boo-with-heart-text-spooky-machine-embroidery-file-for-halloween-autumn-embroidery-design\/#breadcrumb\",\"itemListElement\":[{\"@type\":\"ListItem\",\"position\":1,\"name\":\"Home\",\"item\":\"https:\/\/stitchedbysyed.com\/\"},{\"@type\":\"ListItem\",\"position\":2,\"name\":\"Shop\",\"item\":\"https:\/\/stitchedbysyed.com\/shop\/\"},{\"@type\":\"ListItem\",\"position\":3,\"name\":\"Boo-tiful Halloween Embroidery Design \u2013 Cute Boo with Heart Text, Spooky Machine Embroidery File for Halloween, Autumn Embroidery Design\"}]},{\"@type\":\"WebSite\",\"@id\":\"https:\/\/stitchedbysyed.com\/#website\",\"url\":\"https:\/\/stitchedbysyed.com\/\",\"name\":\"stitchedbysyed.com\",\"description\":\"\",\"publisher\":{\"@id\":\"https:\/\/stitchedbysyed.com\/#organization\"},\"potentialAction\":[{\"@type\":\"SearchAction\",\"target\":{\"@type\":\"EntryPoint\",\"urlTemplate\":\"https:\/\/stitchedbysyed.com\/?s={search_term_string}\"},\"query-input\":{\"@type\":\"PropertyValueSpecification\",\"valueRequired\":true,\"valueName\":\"search_term_string\"}}],\"inLanguage\":\"fr-FR\"},{\"@type\":\"Organization\",\"@id\":\"https:\/\/stitchedbysyed.com\/#organization\",\"name\":\"stitchedbysyed.com\",\"url\":\"https:\/\/stitchedbysyed.com\/\",\"logo\":{\"@type\":\"ImageObject\",\"inLanguage\":\"fr-FR\",\"@id\":\"https:\/\/stitchedbysyed.com\/#\/schema\/logo\/image\/\",\"url\":\"https:\/\/stitchedbysyed.com\/wp-content\/uploads\/2025\/10\/cropped-Stitchedbysyed_logo_dark.webp\",\"contentUrl\":\"https:\/\/stitchedbysyed.com\/wp-content\/uploads\/2025\/10\/cropped-Stitchedbysyed_logo_dark.webp\",\"width\":395,\"height\":162,\"caption\":\"stitchedbysyed.com\"},\"image\":{\"@id\":\"https:\/\/stitchedbysyed.com\/#\/schema\/logo\/image\/\"}}]}<\/script>\n<!-- \/ Yoast SEO Premium plugin. -->","yoast_head_json":{"title":"Boo-tiful Halloween Embroidery Design \u2013 Cute Boo with Heart Text, Spooky Machine Embroidery File for Halloween, Autumn Embroidery Design - stitchedbysyed.com","description":"Add a touch of spooky charm to your Halloween crafting with this Boo-tiful Halloween Embroidery Design \u2013 featuring a cute \u201cBoo\u201d with a heart accent and bold \u201cTIFUL\u201d lettering for a playful, festive look.","robots":{"index":"index","follow":"follow","max-snippet":"max-snippet:-1","max-image-preview":"max-image-preview:large","max-video-preview":"max-video-preview:-1"},"canonical":"https:\/\/stitchedbysyed.com\/fr\/product\/boo-tiful-halloween-embroidery-design-cute-boo-with-heart-text-spooky-machine-embroidery-file-for-halloween-autumn-embroidery-design\/","og_locale":"fr_FR","og_type":"article","og_title":"Boo-tiful Halloween Embroidery Design \u2013 Cute Boo with Heart Text, Spooky Machine Embroidery File for Halloween, Autumn Embroidery Design","og_description":"Add a touch of spooky charm to your Halloween crafting with this Boo-tiful Halloween Embroidery Design \u2013 featuring a cute \u201cBoo\u201d with a heart accent and bold \u201cTIFUL\u201d lettering for a playful, festive look.","og_url":"https:\/\/stitchedbysyed.com\/fr\/product\/boo-tiful-halloween-embroidery-design-cute-boo-with-heart-text-spooky-machine-embroidery-file-for-halloween-autumn-embroidery-design\/","og_site_name":"stitchedbysyed.com","article_modified_time":"2025-11-04T05:26:03+00:00","og_image":[{"width":2048,"height":2048,"url":"https:\/\/stitchedbysyed.com\/wp-content\/uploads\/2025\/10\/il_fullxfull.7180802634_nzw4.jpg","type":"image\/jpeg"}],"twitter_card":"summary_large_image","twitter_misc":{"Dur\u00e9e de lecture estim\u00e9e":"2 minutes"},"schema":{"@context":"https:\/\/schema.org","@graph":[{"@type":"WebPage","@id":"https:\/\/stitchedbysyed.com\/product\/boo-tiful-halloween-embroidery-design-cute-boo-with-heart-text-spooky-machine-embroidery-file-for-halloween-autumn-embroidery-design\/","url":"https:\/\/stitchedbysyed.com\/product\/boo-tiful-halloween-embroidery-design-cute-boo-with-heart-text-spooky-machine-embroidery-file-for-halloween-autumn-embroidery-design\/","name":"Boo-tiful Halloween Embroidery Design \u2013 Cute Boo with Heart Text, Spooky Machine Embroidery File for Halloween, Autumn Embroidery Design - stitchedbysyed.com","isPartOf":{"@id":"https:\/\/stitchedbysyed.com\/#website"},"primaryImageOfPage":{"@id":"https:\/\/stitchedbysyed.com\/product\/boo-tiful-halloween-embroidery-design-cute-boo-with-heart-text-spooky-machine-embroidery-file-for-halloween-autumn-embroidery-design\/#primaryimage"},"image":{"@id":"https:\/\/stitchedbysyed.com\/product\/boo-tiful-halloween-embroidery-design-cute-boo-with-heart-text-spooky-machine-embroidery-file-for-halloween-autumn-embroidery-design\/#primaryimage"},"thumbnailUrl":"https:\/\/stitchedbysyed.com\/wp-content\/uploads\/2025\/10\/il_fullxfull.7180802634_nzw4.jpg","datePublished":"2025-10-19T06:32:08+00:00","dateModified":"2025-11-04T05:26:03+00:00","description":"Add a touch of spooky charm to your Halloween crafting with this Boo-tiful Halloween Embroidery Design \u2013 featuring a cute \u201cBoo\u201d with a heart accent and bold \u201cTIFUL\u201d lettering for a playful, festive look.","breadcrumb":{"@id":"https:\/\/stitchedbysyed.com\/product\/boo-tiful-halloween-embroidery-design-cute-boo-with-heart-text-spooky-machine-embroidery-file-for-halloween-autumn-embroidery-design\/#breadcrumb"},"inLanguage":"fr-FR","potentialAction":[{"@type":"ReadAction","target":["https:\/\/stitchedbysyed.com\/product\/boo-tiful-halloween-embroidery-design-cute-boo-with-heart-text-spooky-machine-embroidery-file-for-halloween-autumn-embroidery-design\/"]}]},{"@type":"ImageObject","inLanguage":"fr-FR","@id":"https:\/\/stitchedbysyed.com\/product\/boo-tiful-halloween-embroidery-design-cute-boo-with-heart-text-spooky-machine-embroidery-file-for-halloween-autumn-embroidery-design\/#primaryimage","url":"https:\/\/stitchedbysyed.com\/wp-content\/uploads\/2025\/10\/il_fullxfull.7180802634_nzw4.jpg","contentUrl":"https:\/\/stitchedbysyed.com\/wp-content\/uploads\/2025\/10\/il_fullxfull.7180802634_nzw4.jpg","width":2048,"height":2048},{"@type":"BreadcrumbList","@id":"https:\/\/stitchedbysyed.com\/product\/boo-tiful-halloween-embroidery-design-cute-boo-with-heart-text-spooky-machine-embroidery-file-for-halloween-autumn-embroidery-design\/#breadcrumb","itemListElement":[{"@type":"ListItem","position":1,"name":"Home","item":"https:\/\/stitchedbysyed.com\/"},{"@type":"ListItem","position":2,"name":"Shop","item":"https:\/\/stitchedbysyed.com\/shop\/"},{"@type":"ListItem","position":3,"name":"Boo-tiful Halloween Embroidery Design \u2013 Cute Boo with Heart Text, Spooky Machine Embroidery File for Halloween, Autumn Embroidery Design"}]},{"@type":"WebSite","@id":"https:\/\/stitchedbysyed.com\/#website","url":"https:\/\/stitchedbysyed.com\/","name":"stitchedbysyed.com","description":"","publisher":{"@id":"https:\/\/stitchedbysyed.com\/#organization"},"potentialAction":[{"@type":"SearchAction","target":{"@type":"EntryPoint","urlTemplate":"https:\/\/stitchedbysyed.com\/?s={search_term_string}"},"query-input":{"@type":"PropertyValueSpecification","valueRequired":true,"valueName":"search_term_string"}}],"inLanguage":"fr-FR"},{"@type":"Organization","@id":"https:\/\/stitchedbysyed.com\/#organization","name":"stitchedbysyed.com","url":"https:\/\/stitchedbysyed.com\/","logo":{"@type":"ImageObject","inLanguage":"fr-FR","@id":"https:\/\/stitchedbysyed.com\/#\/schema\/logo\/image\/","url":"https:\/\/stitchedbysyed.com\/wp-content\/uploads\/2025\/10\/cropped-Stitchedbysyed_logo_dark.webp","contentUrl":"https:\/\/stitchedbysyed.com\/wp-content\/uploads\/2025\/10\/cropped-Stitchedbysyed_logo_dark.webp","width":395,"height":162,"caption":"stitchedbysyed.com"},"image":{"@id":"https:\/\/stitchedbysyed.com\/#\/schema\/logo\/image\/"}}]}},"_links":{"self":[{"href":"https:\/\/stitchedbysyed.com\/fr\/wp-json\/wp\/v2\/product\/7806","targetHints":{"allow":["GET"]}}],"collection":[{"href":"https:\/\/stitchedbysyed.com\/fr\/wp-json\/wp\/v2\/product"}],"about":[{"href":"https:\/\/stitchedbysyed.com\/fr\/wp-json\/wp\/v2\/types\/product"}],"replies":[{"embeddable":true,"href":"https:\/\/stitchedbysyed.com\/fr\/wp-json\/wp\/v2\/comments?post=7806"}],"wp:featuredmedia":[{"embeddable":true,"href":"https:\/\/stitchedbysyed.com\/fr\/wp-json\/wp\/v2\/media\/7807"}],"wp:attachment":[{"href":"https:\/\/stitchedbysyed.com\/fr\/wp-json\/wp\/v2\/media?parent=7806"}],"wp:term":[{"taxonomy":"product_brand","embeddable":true,"href":"https:\/\/stitchedbysyed.com\/fr\/wp-json\/wp\/v2\/product_brand?post=7806"},{"taxonomy":"product_cat","embeddable":true,"href":"https:\/\/stitchedbysyed.com\/fr\/wp-json\/wp\/v2\/product_cat?post=7806"},{"taxonomy":"product_tag","embeddable":true,"href":"https:\/\/stitchedbysyed.com\/fr\/wp-json\/wp\/v2\/product_tag?post=7806"}],"curies":[{"name":"wp","href":"https:\/\/api.w.org\/{rel}","templated":true}]}}