{"id":7685,"date":"2025-10-19T06:23:12","date_gmt":"2025-10-19T06:23:12","guid":{"rendered":"https:\/\/stitchedbysyed.com\/product\/personalised-kids-embroidery-name-patch-magical-rainbow-unicorn-exclusive-design-instant-download-digital-files\/"},"modified":"2025-11-04T05:23:18","modified_gmt":"2025-11-04T05:23:18","slug":"personalised-kids-embroidery-name-patch-magical-rainbow-unicorn-exclusive-design-instant-download-digital-files","status":"publish","type":"product","link":"https:\/\/stitchedbysyed.com\/fr\/product\/personalised-kids-embroidery-name-patch-magical-rainbow-unicorn-exclusive-design-instant-download-digital-files\/","title":{"rendered":"Ecusson de broderie personnalis\u00e9 pour enfants | Licorne arc-en-ciel magique | design exclusif | Fichiers num\u00e9riques \u00e0 t\u00e9l\u00e9charger instantan\u00e9ment"},"content":{"rendered":"<p>Magical Rainbow Unicorn Personalised Kids Embroidery Name Patch. Bring a touch of magic and personalization to your projects with this Exclusive Design. Featuring a graceful baby unicorn surrounded by sparkling stars, this design is perfect for adding a whimsical touch to any girl\u2019s outfit, nursery d\u00e9cor, or personalized gift. The included custom name banner makes it extra special, making your embroidery truly one-of-a-kind.<\/p>\n<p>Cette broderie de licorne arc-en-ciel est id\u00e9ale pour les enfants, les petites filles, les anniversaires et les projets sur le th\u00e8me de la magie. Que vous souhaitiez cr\u00e9er une couverture souvenir, un v\u00eatement personnalis\u00e9 ou une \u0153uvre d'art murale d\u00e9corative, ce motif enchanteur fera briller vos cr\u00e9ations.<\/p>\n<p>T\u00e9l\u00e9chargement num\u00e9rique instantan\u00e9 - commencez \u00e0 coudre imm\u00e9diatement<\/p>\n<p>\ud83d\udccf Tailles (pouces US uniquement)<br \/>\nToutes les tailles de cette annonce sont en pouces (US), et non en unit\u00e9s m\u00e9triques (cm).<br \/>\nTailles disponibles : 4\u00d74, 5\u00d77, 6\u00d710<\/p>\n<p>\ud83e\uddf5 Fichier de broderie num\u00e9rique uniquement<br \/>\nIl s\u2019agit d\u2019un fichier de broderie num\u00e9rique \u2014 aucun produit physique ne sera exp\u00e9di\u00e9. Vous devez poss\u00e9der une machine \u00e0 broder pour utiliser ces motifs.<\/p>\n<p>\ud83d\udcc2 Formats de fichiers inclus<br \/>\nVotre t\u00e9l\u00e9chargement inclura les formats de fichiers de broderie suivants :<br \/>\n\u2705 EMB, EXP, DST, HUS, PES, VP3, ART, JEF, PCS, CND, SEW, XXX, CSD<\/p>\n<p>\ud83d\udca1 Besoin d\u2019un autre format ? Contactez-moi avant d\u2019acheter.<br \/>\n\ud83d\udccc Besoin d\u2019une taille personnalis\u00e9e ? Veuillez me contacter avant d\u2019acheter.<br \/>\nLe nom ou la police du monogramme ne sont pas inclus dans le mod\u00e8le.<br \/>\n________________________________________________________<\/p>\n<p>Conditions d\u2019utilisation<\/p>\n<p>Vous pouvez<br \/>\nUtiliser ce fichier pour des projets personnels<br \/>\nCr\u00e9er des articles physiques \u00e0 vendre (chemises, sacs, d\u00e9corations d\u2019int\u00e9rieur, etc.)<\/p>\n<p>Vous ne pouvez pas<br \/>\nNe partagez pas, ne vendez pas et ne distribuez pas ce fichier num\u00e9rique.<br \/>\nNe revendez pas ce fichier sous quelque format que ce soit (interdiction de le vendre tel quel).<\/p>\n<p>Informations importantes<\/p>\n<p>Ceci est un produit num\u00e9rique \u2014 aucun remboursement.<br \/>\nLa qualit\u00e9 de la broderie d\u00e9pend des r\u00e9glages de votre machine, de la tension du fil, du stabilisateur, du tissu et de l\u2019aiguille.<br \/>\nPour une version sp\u00e9ciale adapt\u00e9e \u00e0 la broderie sur casquette, veuillez me contacter avant l\u2019achat. Ce service personnalis\u00e9 est plus co\u00fbteux que la fiche standard.<br \/>\nUn test de broderie est fortement recommand\u00e9 avant la production finale.<\/p>\n<p>Satisfaction client garantie \ud83d\udcaf<br \/>\nVotre satisfaction est ma priorit\u00e9 ! Si vous avez la moindre question ou un souci concernant votre design, contactez-moi \u00e0 tout moment \u2014 je serai heureux de vous aider rapidement.<\/p>\n<p>Merci d'avoir visit\u00e9 StitchedBySyed \ud83d\udc8c - Happy Embroidery Design stitching !<\/p>","protected":false},"excerpt":{"rendered":"<p>Magical Rainbow Unicorn Personalised Kids Embroidery Name Patch. Bring a touch of magic and personalization to your projects with this Exclusive Design. Featuring a graceful baby unicorn surrounded by sparkling stars, this design is perfect for adding a whimsical touch to any girl\u2019s outfit, nursery d\u00e9cor, or personalized gift. The included custom name banner makes [&hellip;]<\/p>","protected":false},"featured_media":7686,"comment_status":"open","ping_status":"closed","template":"","meta":[],"product_brand":[],"product_cat":[183,159],"product_tag":[348,117,353,216,185,139,219,221,352,217,214,218,215],"class_list":{"0":"post-7685","1":"product","2":"type-product","3":"status-publish","4":"has-post-thumbnail","6":"product_cat-embroidery-machine-files","7":"product_cat-kids-embroidery-designs","8":"product_tag-baby-unicorn-design","9":"product_tag-embroidery-design","10":"product_tag-exclusive-design","11":"product_tag-girl-embroidery","12":"product_tag-kids-embroidery","13":"product_tag-machine-embroidery","14":"product_tag-magic-embroidery","15":"product_tag-magical-unicorn","16":"product_tag-personalised-kids","17":"product_tag-personalized-name","18":"product_tag-rainbow-embroidery","19":"product_tag-star-embroidery","20":"product_tag-unicorn-embroidery","22":"first","23":"instock","24":"sale","25":"downloadable","26":"taxable","27":"shipping-taxable","28":"purchasable","29":"product-type-simple"},"yoast_head":"<!-- This site is optimized with the Yoast SEO Premium plugin v26.2 (Yoast SEO v26.2) - https:\/\/yoast.com\/wordpress\/plugins\/seo\/ -->\n<title>Personalised Kids Embroidery Name Patch | Magical Rainbow Unicorn | exclusive design | Instant Download Digital Files - stitchedbysyed.com<\/title>\n<meta name=\"description\" content=\"Magical Rainbow Unicorn Personalised Kids Embroidery Name Patch. Bring a touch of magic and personalization to your projects with this Exclusive Design.\" \/>\n<meta name=\"robots\" content=\"index, follow, max-snippet:-1, max-image-preview:large, max-video-preview:-1\" \/>\n<link rel=\"canonical\" href=\"https:\/\/stitchedbysyed.com\/fr\/product\/personalised-kids-embroidery-name-patch-magical-rainbow-unicorn-exclusive-design-instant-download-digital-files\/\" \/>\n<meta property=\"og:locale\" content=\"fr_FR\" \/>\n<meta property=\"og:type\" content=\"article\" \/>\n<meta property=\"og:title\" content=\"Personalised Kids Embroidery Name Patch | Magical Rainbow Unicorn | exclusive design | Instant Download Digital Files\" \/>\n<meta property=\"og:description\" content=\"Magical Rainbow Unicorn Personalised Kids Embroidery Name Patch. Bring a touch of magic and personalization to your projects with this Exclusive Design.\" \/>\n<meta property=\"og:url\" content=\"https:\/\/stitchedbysyed.com\/fr\/product\/personalised-kids-embroidery-name-patch-magical-rainbow-unicorn-exclusive-design-instant-download-digital-files\/\" \/>\n<meta property=\"og:site_name\" content=\"stitchedbysyed.com\" \/>\n<meta property=\"article:modified_time\" content=\"2025-11-04T05:23:18+00:00\" \/>\n<meta property=\"og:image\" content=\"https:\/\/stitchedbysyed.com\/wp-content\/uploads\/2025\/10\/il_fullxfull.7235085515_shk7.jpg\" \/>\n\t<meta property=\"og:image:width\" content=\"1091\" \/>\n\t<meta property=\"og:image:height\" content=\"1176\" \/>\n\t<meta property=\"og:image:type\" content=\"image\/jpeg\" \/>\n<meta name=\"twitter:card\" content=\"summary_large_image\" \/>\n<meta name=\"twitter:label1\" content=\"Dur\u00e9e de lecture estim\u00e9e\" \/>\n\t<meta name=\"twitter:data1\" content=\"2 minutes\" \/>\n<script type=\"application\/ld+json\" class=\"yoast-schema-graph\">{\"@context\":\"https:\/\/schema.org\",\"@graph\":[{\"@type\":\"WebPage\",\"@id\":\"https:\/\/stitchedbysyed.com\/product\/personalised-kids-embroidery-name-patch-magical-rainbow-unicorn-exclusive-design-instant-download-digital-files\/\",\"url\":\"https:\/\/stitchedbysyed.com\/product\/personalised-kids-embroidery-name-patch-magical-rainbow-unicorn-exclusive-design-instant-download-digital-files\/\",\"name\":\"Personalised Kids Embroidery Name Patch | Magical Rainbow Unicorn | exclusive design | Instant Download Digital Files - stitchedbysyed.com\",\"isPartOf\":{\"@id\":\"https:\/\/stitchedbysyed.com\/#website\"},\"primaryImageOfPage\":{\"@id\":\"https:\/\/stitchedbysyed.com\/product\/personalised-kids-embroidery-name-patch-magical-rainbow-unicorn-exclusive-design-instant-download-digital-files\/#primaryimage\"},\"image\":{\"@id\":\"https:\/\/stitchedbysyed.com\/product\/personalised-kids-embroidery-name-patch-magical-rainbow-unicorn-exclusive-design-instant-download-digital-files\/#primaryimage\"},\"thumbnailUrl\":\"https:\/\/stitchedbysyed.com\/wp-content\/uploads\/2025\/10\/il_fullxfull.7235085515_shk7.jpg\",\"datePublished\":\"2025-10-19T06:23:12+00:00\",\"dateModified\":\"2025-11-04T05:23:18+00:00\",\"description\":\"Magical Rainbow Unicorn Personalised Kids Embroidery Name Patch. Bring a touch of magic and personalization to your projects with this Exclusive Design.\",\"breadcrumb\":{\"@id\":\"https:\/\/stitchedbysyed.com\/product\/personalised-kids-embroidery-name-patch-magical-rainbow-unicorn-exclusive-design-instant-download-digital-files\/#breadcrumb\"},\"inLanguage\":\"fr-FR\",\"potentialAction\":[{\"@type\":\"ReadAction\",\"target\":[\"https:\/\/stitchedbysyed.com\/product\/personalised-kids-embroidery-name-patch-magical-rainbow-unicorn-exclusive-design-instant-download-digital-files\/\"]}]},{\"@type\":\"ImageObject\",\"inLanguage\":\"fr-FR\",\"@id\":\"https:\/\/stitchedbysyed.com\/product\/personalised-kids-embroidery-name-patch-magical-rainbow-unicorn-exclusive-design-instant-download-digital-files\/#primaryimage\",\"url\":\"https:\/\/stitchedbysyed.com\/wp-content\/uploads\/2025\/10\/il_fullxfull.7235085515_shk7.jpg\",\"contentUrl\":\"https:\/\/stitchedbysyed.com\/wp-content\/uploads\/2025\/10\/il_fullxfull.7235085515_shk7.jpg\",\"width\":1091,\"height\":1176},{\"@type\":\"BreadcrumbList\",\"@id\":\"https:\/\/stitchedbysyed.com\/product\/personalised-kids-embroidery-name-patch-magical-rainbow-unicorn-exclusive-design-instant-download-digital-files\/#breadcrumb\",\"itemListElement\":[{\"@type\":\"ListItem\",\"position\":1,\"name\":\"Home\",\"item\":\"https:\/\/stitchedbysyed.com\/\"},{\"@type\":\"ListItem\",\"position\":2,\"name\":\"Shop\",\"item\":\"https:\/\/stitchedbysyed.com\/shop\/\"},{\"@type\":\"ListItem\",\"position\":3,\"name\":\"Personalised Kids Embroidery Name Patch | Magical Rainbow Unicorn | exclusive design | Instant Download Digital Files\"}]},{\"@type\":\"WebSite\",\"@id\":\"https:\/\/stitchedbysyed.com\/#website\",\"url\":\"https:\/\/stitchedbysyed.com\/\",\"name\":\"stitchedbysyed.com\",\"description\":\"\",\"publisher\":{\"@id\":\"https:\/\/stitchedbysyed.com\/#organization\"},\"potentialAction\":[{\"@type\":\"SearchAction\",\"target\":{\"@type\":\"EntryPoint\",\"urlTemplate\":\"https:\/\/stitchedbysyed.com\/?s={search_term_string}\"},\"query-input\":{\"@type\":\"PropertyValueSpecification\",\"valueRequired\":true,\"valueName\":\"search_term_string\"}}],\"inLanguage\":\"fr-FR\"},{\"@type\":\"Organization\",\"@id\":\"https:\/\/stitchedbysyed.com\/#organization\",\"name\":\"stitchedbysyed.com\",\"url\":\"https:\/\/stitchedbysyed.com\/\",\"logo\":{\"@type\":\"ImageObject\",\"inLanguage\":\"fr-FR\",\"@id\":\"https:\/\/stitchedbysyed.com\/#\/schema\/logo\/image\/\",\"url\":\"https:\/\/stitchedbysyed.com\/wp-content\/uploads\/2025\/10\/cropped-Stitchedbysyed_logo_dark.webp\",\"contentUrl\":\"https:\/\/stitchedbysyed.com\/wp-content\/uploads\/2025\/10\/cropped-Stitchedbysyed_logo_dark.webp\",\"width\":395,\"height\":162,\"caption\":\"stitchedbysyed.com\"},\"image\":{\"@id\":\"https:\/\/stitchedbysyed.com\/#\/schema\/logo\/image\/\"}}]}<\/script>\n<!-- \/ Yoast SEO Premium plugin. -->","yoast_head_json":{"title":"Personalised Kids Embroidery Name Patch | Magical Rainbow Unicorn | exclusive design | Instant Download Digital Files - stitchedbysyed.com","description":"Magical Rainbow Unicorn Personalised Kids Embroidery Name Patch. Bring a touch of magic and personalization to your projects with this Exclusive Design.","robots":{"index":"index","follow":"follow","max-snippet":"max-snippet:-1","max-image-preview":"max-image-preview:large","max-video-preview":"max-video-preview:-1"},"canonical":"https:\/\/stitchedbysyed.com\/fr\/product\/personalised-kids-embroidery-name-patch-magical-rainbow-unicorn-exclusive-design-instant-download-digital-files\/","og_locale":"fr_FR","og_type":"article","og_title":"Personalised Kids Embroidery Name Patch | Magical Rainbow Unicorn | exclusive design | Instant Download Digital Files","og_description":"Magical Rainbow Unicorn Personalised Kids Embroidery Name Patch. Bring a touch of magic and personalization to your projects with this Exclusive Design.","og_url":"https:\/\/stitchedbysyed.com\/fr\/product\/personalised-kids-embroidery-name-patch-magical-rainbow-unicorn-exclusive-design-instant-download-digital-files\/","og_site_name":"stitchedbysyed.com","article_modified_time":"2025-11-04T05:23:18+00:00","og_image":[{"width":1091,"height":1176,"url":"https:\/\/stitchedbysyed.com\/wp-content\/uploads\/2025\/10\/il_fullxfull.7235085515_shk7.jpg","type":"image\/jpeg"}],"twitter_card":"summary_large_image","twitter_misc":{"Dur\u00e9e de lecture estim\u00e9e":"2 minutes"},"schema":{"@context":"https:\/\/schema.org","@graph":[{"@type":"WebPage","@id":"https:\/\/stitchedbysyed.com\/product\/personalised-kids-embroidery-name-patch-magical-rainbow-unicorn-exclusive-design-instant-download-digital-files\/","url":"https:\/\/stitchedbysyed.com\/product\/personalised-kids-embroidery-name-patch-magical-rainbow-unicorn-exclusive-design-instant-download-digital-files\/","name":"Personalised Kids Embroidery Name Patch | Magical Rainbow Unicorn | exclusive design | Instant Download Digital Files - stitchedbysyed.com","isPartOf":{"@id":"https:\/\/stitchedbysyed.com\/#website"},"primaryImageOfPage":{"@id":"https:\/\/stitchedbysyed.com\/product\/personalised-kids-embroidery-name-patch-magical-rainbow-unicorn-exclusive-design-instant-download-digital-files\/#primaryimage"},"image":{"@id":"https:\/\/stitchedbysyed.com\/product\/personalised-kids-embroidery-name-patch-magical-rainbow-unicorn-exclusive-design-instant-download-digital-files\/#primaryimage"},"thumbnailUrl":"https:\/\/stitchedbysyed.com\/wp-content\/uploads\/2025\/10\/il_fullxfull.7235085515_shk7.jpg","datePublished":"2025-10-19T06:23:12+00:00","dateModified":"2025-11-04T05:23:18+00:00","description":"Magical Rainbow Unicorn Personalised Kids Embroidery Name Patch. Bring a touch of magic and personalization to your projects with this Exclusive Design.","breadcrumb":{"@id":"https:\/\/stitchedbysyed.com\/product\/personalised-kids-embroidery-name-patch-magical-rainbow-unicorn-exclusive-design-instant-download-digital-files\/#breadcrumb"},"inLanguage":"fr-FR","potentialAction":[{"@type":"ReadAction","target":["https:\/\/stitchedbysyed.com\/product\/personalised-kids-embroidery-name-patch-magical-rainbow-unicorn-exclusive-design-instant-download-digital-files\/"]}]},{"@type":"ImageObject","inLanguage":"fr-FR","@id":"https:\/\/stitchedbysyed.com\/product\/personalised-kids-embroidery-name-patch-magical-rainbow-unicorn-exclusive-design-instant-download-digital-files\/#primaryimage","url":"https:\/\/stitchedbysyed.com\/wp-content\/uploads\/2025\/10\/il_fullxfull.7235085515_shk7.jpg","contentUrl":"https:\/\/stitchedbysyed.com\/wp-content\/uploads\/2025\/10\/il_fullxfull.7235085515_shk7.jpg","width":1091,"height":1176},{"@type":"BreadcrumbList","@id":"https:\/\/stitchedbysyed.com\/product\/personalised-kids-embroidery-name-patch-magical-rainbow-unicorn-exclusive-design-instant-download-digital-files\/#breadcrumb","itemListElement":[{"@type":"ListItem","position":1,"name":"Home","item":"https:\/\/stitchedbysyed.com\/"},{"@type":"ListItem","position":2,"name":"Shop","item":"https:\/\/stitchedbysyed.com\/shop\/"},{"@type":"ListItem","position":3,"name":"Personalised Kids Embroidery Name Patch | Magical Rainbow Unicorn | exclusive design | Instant Download Digital Files"}]},{"@type":"WebSite","@id":"https:\/\/stitchedbysyed.com\/#website","url":"https:\/\/stitchedbysyed.com\/","name":"stitchedbysyed.com","description":"","publisher":{"@id":"https:\/\/stitchedbysyed.com\/#organization"},"potentialAction":[{"@type":"SearchAction","target":{"@type":"EntryPoint","urlTemplate":"https:\/\/stitchedbysyed.com\/?s={search_term_string}"},"query-input":{"@type":"PropertyValueSpecification","valueRequired":true,"valueName":"search_term_string"}}],"inLanguage":"fr-FR"},{"@type":"Organization","@id":"https:\/\/stitchedbysyed.com\/#organization","name":"stitchedbysyed.com","url":"https:\/\/stitchedbysyed.com\/","logo":{"@type":"ImageObject","inLanguage":"fr-FR","@id":"https:\/\/stitchedbysyed.com\/#\/schema\/logo\/image\/","url":"https:\/\/stitchedbysyed.com\/wp-content\/uploads\/2025\/10\/cropped-Stitchedbysyed_logo_dark.webp","contentUrl":"https:\/\/stitchedbysyed.com\/wp-content\/uploads\/2025\/10\/cropped-Stitchedbysyed_logo_dark.webp","width":395,"height":162,"caption":"stitchedbysyed.com"},"image":{"@id":"https:\/\/stitchedbysyed.com\/#\/schema\/logo\/image\/"}}]}},"_links":{"self":[{"href":"https:\/\/stitchedbysyed.com\/fr\/wp-json\/wp\/v2\/product\/7685","targetHints":{"allow":["GET"]}}],"collection":[{"href":"https:\/\/stitchedbysyed.com\/fr\/wp-json\/wp\/v2\/product"}],"about":[{"href":"https:\/\/stitchedbysyed.com\/fr\/wp-json\/wp\/v2\/types\/product"}],"replies":[{"embeddable":true,"href":"https:\/\/stitchedbysyed.com\/fr\/wp-json\/wp\/v2\/comments?post=7685"}],"wp:featuredmedia":[{"embeddable":true,"href":"https:\/\/stitchedbysyed.com\/fr\/wp-json\/wp\/v2\/media\/7686"}],"wp:attachment":[{"href":"https:\/\/stitchedbysyed.com\/fr\/wp-json\/wp\/v2\/media?parent=7685"}],"wp:term":[{"taxonomy":"product_brand","embeddable":true,"href":"https:\/\/stitchedbysyed.com\/fr\/wp-json\/wp\/v2\/product_brand?post=7685"},{"taxonomy":"product_cat","embeddable":true,"href":"https:\/\/stitchedbysyed.com\/fr\/wp-json\/wp\/v2\/product_cat?post=7685"},{"taxonomy":"product_tag","embeddable":true,"href":"https:\/\/stitchedbysyed.com\/fr\/wp-json\/wp\/v2\/product_tag?post=7685"}],"curies":[{"name":"wp","href":"https:\/\/api.w.org\/{rel}","templated":true}]}}