{"id":7530,"date":"2025-10-19T06:16:08","date_gmt":"2025-10-19T06:16:08","guid":{"rendered":"https:\/\/stitchedbysyed.com\/product\/20th-us-special-forces-embroidery-design-sf-green-berets-crest-de-oppresso-liber-morale-marine-patch-military-gift-instant-download\/"},"modified":"2025-11-04T05:21:41","modified_gmt":"2025-11-04T05:21:41","slug":"20th-us-special-forces-embroidery-design-sf-green-berets-crest-de-oppresso-liber-morale-marine-patch-military-gift-instant-download","status":"publish","type":"product","link":"https:\/\/stitchedbysyed.com\/fr\/product\/20th-us-special-forces-embroidery-design-sf-green-berets-crest-de-oppresso-liber-morale-marine-patch-military-gift-instant-download\/","title":{"rendered":"20\u00e8me US Special Forces Embroidery Design | SF Green Berets Crest De Oppresso Liber | Morale Marine Patch Military Gift Instant Download"},"content":{"rendered":"<p>This is 20th US Special Forces Embroidery Design | SF Green Berets Crest De Oppresso Liber | Morale Patch Military Gift Instant Download Files<br \/>\nVous avez besoin d'une machine \u00e0 broder pour utiliser ce motif.<\/p>\n<p>\ud83d\udccf Tailles (pouces US uniquement)<br \/>\nToutes les tailles de cette annonce sont en pouces (US), et non en unit\u00e9s m\u00e9triques (cm).<br \/>\nAvailable Sizes: Left Chest, Cap<\/p>\n<p>\ud83e\uddf5 Fichier de broderie num\u00e9rique uniquement<br \/>\nIl s\u2019agit d\u2019un fichier de broderie num\u00e9rique \u2014 aucun produit physique ne sera exp\u00e9di\u00e9. Vous devez poss\u00e9der une machine \u00e0 broder pour utiliser ces motifs.<\/p>\n<p>\ud83d\udcc2 Formats de fichiers inclus<br \/>\nVotre t\u00e9l\u00e9chargement inclura les formats de fichiers de broderie suivants :<br \/>\n\u2705 EMB, EXP, DST, HUS, PES, VP3, ART, JEF, PCS, CND, SEW, XXX, CSD<\/p>\n<p>\ud83d\udca1 Besoin d\u2019un autre format ? Contactez-moi avant d\u2019acheter.<br \/>\n\ud83d\udccc Besoin d\u2019une taille personnalis\u00e9e ? Veuillez me contacter avant d\u2019acheter.<\/p>\n<p>Conditions d\u2019utilisation<\/p>\n<p>Vous pouvez<br \/>\nUtiliser ce fichier pour des projets personnels<br \/>\nCr\u00e9er des articles physiques \u00e0 vendre (chemises, sacs, d\u00e9corations d\u2019int\u00e9rieur, etc.)<\/p>\n<p>Vous ne pouvez pas<br \/>\nNe partagez pas, ne vendez pas et ne distribuez pas ce fichier num\u00e9rique.<br \/>\nNe revendez pas ce fichier sous quelque format que ce soit (interdiction de le vendre tel quel).<\/p>\n<p>Informations importantes<br \/>\nCeci est un produit num\u00e9rique \u2014 aucun remboursement.<br \/>\nLa qualit\u00e9 de la broderie d\u00e9pend des r\u00e9glages de votre machine, de la tension du fil, du stabilisateur, du tissu et de l\u2019aiguille.<br \/>\nPour une version sp\u00e9ciale adapt\u00e9e \u00e0 la broderie sur casquette, veuillez me contacter avant l\u2019achat. Ce service personnalis\u00e9 est plus co\u00fbteux que la fiche standard.<br \/>\nUn test de broderie est fortement recommand\u00e9 avant la production finale.<\/p>\n<p>Satisfaction client garantie \ud83d\udcaf<br \/>\nVotre satisfaction est ma priorit\u00e9 ! Si vous avez la moindre question ou un souci concernant votre design, contactez-moi \u00e0 tout moment \u2014 je serai heureux de vous aider rapidement.<\/p>\n<p>Merci infiniment d\u2019avoir visit\u00e9 ma boutique StitchedBySyed ! \ud83d\udc8c Je vous souhaite de merveilleuses cr\u00e9ations et beaucoup de plaisir \u00e0 broder.<\/p>","protected":false},"excerpt":{"rendered":"<p>This is 20th US Special Forces Embroidery Design | SF Green Berets Crest De Oppresso Liber | Morale Patch Military Gift Instant Download Files You need an embroidery machine to use this design \ud83d\udccf Sizes (US Inches Only) All sizes in this listing are in inches (US), not metric (cm). Available Sizes: Left Chest, Cap [&hellip;]<\/p>","protected":false},"featured_media":7531,"comment_status":"open","ping_status":"closed","template":"","meta":[],"product_brand":[],"product_cat":[183,158],"product_tag":[261,230,268,265,143,70,139,267,260,263,262,264,266],"class_list":{"0":"post-7530","1":"product","2":"type-product","3":"status-publish","4":"has-post-thumbnail","6":"product_cat-embroidery-machine-files","7":"product_cat-military-embroidery","8":"product_tag-christmas-gift","9":"product_tag-custom-patch","10":"product_tag-eagle-globe","11":"product_tag-embroidered-dad-hat","12":"product_tag-embroidery-files","13":"product_tag-embroidery-pattern","14":"product_tag-machine-embroidery","15":"product_tag-marine-corps-design","16":"product_tag-military-gift","17":"product_tag-military-patch","18":"product_tag-morale-patch","19":"product_tag-us-army-designs","20":"product_tag-usmc-embroidery","22":"first","23":"instock","24":"sale","25":"downloadable","26":"taxable","27":"shipping-taxable","28":"purchasable","29":"product-type-simple"},"yoast_head":"<!-- This site is optimized with the Yoast SEO Premium plugin v26.2 (Yoast SEO v26.2) - https:\/\/yoast.com\/wordpress\/plugins\/seo\/ -->\n<title>20th US Special Forces Embroidery Design | SF Green Berets Crest De Oppresso Liber | Morale Marine Patch Military Gift Instant Download - stitchedbysyed.com<\/title>\n<meta name=\"description\" content=\"This is 20th US Special Forces Embroidery Design | SF Green Berets Crest De Oppresso Liber | Morale Patch Military Gift Instant Download FilesYou need an embroidery machine to use this design\" \/>\n<meta name=\"robots\" content=\"index, follow, max-snippet:-1, max-image-preview:large, max-video-preview:-1\" \/>\n<link rel=\"canonical\" href=\"https:\/\/stitchedbysyed.com\/fr\/product\/20th-us-special-forces-embroidery-design-sf-green-berets-crest-de-oppresso-liber-morale-marine-patch-military-gift-instant-download\/\" \/>\n<meta property=\"og:locale\" content=\"fr_FR\" \/>\n<meta property=\"og:type\" content=\"article\" \/>\n<meta property=\"og:title\" content=\"20th US Special Forces Embroidery Design | SF Green Berets Crest De Oppresso Liber | Morale Marine Patch Military Gift Instant Download\" \/>\n<meta property=\"og:description\" content=\"This is 20th US Special Forces Embroidery Design | SF Green Berets Crest De Oppresso Liber | Morale Patch Military Gift Instant Download FilesYou need an embroidery machine to use this design\" \/>\n<meta property=\"og:url\" content=\"https:\/\/stitchedbysyed.com\/fr\/product\/20th-us-special-forces-embroidery-design-sf-green-berets-crest-de-oppresso-liber-morale-marine-patch-military-gift-instant-download\/\" \/>\n<meta property=\"og:site_name\" content=\"stitchedbysyed.com\" \/>\n<meta property=\"article:modified_time\" content=\"2025-11-04T05:21:41+00:00\" \/>\n<meta property=\"og:image\" content=\"https:\/\/stitchedbysyed.com\/wp-content\/uploads\/2025\/10\/il_fullxfull.7317655993_f04s.jpg\" \/>\n\t<meta property=\"og:image:width\" content=\"948\" \/>\n\t<meta property=\"og:image:height\" content=\"948\" \/>\n\t<meta property=\"og:image:type\" content=\"image\/jpeg\" \/>\n<meta name=\"twitter:card\" content=\"summary_large_image\" \/>\n<meta name=\"twitter:label1\" content=\"Dur\u00e9e de lecture estim\u00e9e\" \/>\n\t<meta name=\"twitter:data1\" content=\"2 minutes\" \/>\n<script type=\"application\/ld+json\" class=\"yoast-schema-graph\">{\"@context\":\"https:\/\/schema.org\",\"@graph\":[{\"@type\":\"WebPage\",\"@id\":\"https:\/\/stitchedbysyed.com\/product\/20th-us-special-forces-embroidery-design-sf-green-berets-crest-de-oppresso-liber-morale-marine-patch-military-gift-instant-download\/\",\"url\":\"https:\/\/stitchedbysyed.com\/product\/20th-us-special-forces-embroidery-design-sf-green-berets-crest-de-oppresso-liber-morale-marine-patch-military-gift-instant-download\/\",\"name\":\"20th US Special Forces Embroidery Design | SF Green Berets Crest De Oppresso Liber | Morale Marine Patch Military Gift Instant Download - stitchedbysyed.com\",\"isPartOf\":{\"@id\":\"https:\/\/stitchedbysyed.com\/#website\"},\"primaryImageOfPage\":{\"@id\":\"https:\/\/stitchedbysyed.com\/product\/20th-us-special-forces-embroidery-design-sf-green-berets-crest-de-oppresso-liber-morale-marine-patch-military-gift-instant-download\/#primaryimage\"},\"image\":{\"@id\":\"https:\/\/stitchedbysyed.com\/product\/20th-us-special-forces-embroidery-design-sf-green-berets-crest-de-oppresso-liber-morale-marine-patch-military-gift-instant-download\/#primaryimage\"},\"thumbnailUrl\":\"https:\/\/stitchedbysyed.com\/wp-content\/uploads\/2025\/10\/il_fullxfull.7317655993_f04s.jpg\",\"datePublished\":\"2025-10-19T06:16:08+00:00\",\"dateModified\":\"2025-11-04T05:21:41+00:00\",\"description\":\"This is 20th US Special Forces Embroidery Design | SF Green Berets Crest De Oppresso Liber | Morale Patch Military Gift Instant Download FilesYou need an embroidery machine to use this design\",\"breadcrumb\":{\"@id\":\"https:\/\/stitchedbysyed.com\/product\/20th-us-special-forces-embroidery-design-sf-green-berets-crest-de-oppresso-liber-morale-marine-patch-military-gift-instant-download\/#breadcrumb\"},\"inLanguage\":\"fr-FR\",\"potentialAction\":[{\"@type\":\"ReadAction\",\"target\":[\"https:\/\/stitchedbysyed.com\/product\/20th-us-special-forces-embroidery-design-sf-green-berets-crest-de-oppresso-liber-morale-marine-patch-military-gift-instant-download\/\"]}]},{\"@type\":\"ImageObject\",\"inLanguage\":\"fr-FR\",\"@id\":\"https:\/\/stitchedbysyed.com\/product\/20th-us-special-forces-embroidery-design-sf-green-berets-crest-de-oppresso-liber-morale-marine-patch-military-gift-instant-download\/#primaryimage\",\"url\":\"https:\/\/stitchedbysyed.com\/wp-content\/uploads\/2025\/10\/il_fullxfull.7317655993_f04s.jpg\",\"contentUrl\":\"https:\/\/stitchedbysyed.com\/wp-content\/uploads\/2025\/10\/il_fullxfull.7317655993_f04s.jpg\",\"width\":948,\"height\":948},{\"@type\":\"BreadcrumbList\",\"@id\":\"https:\/\/stitchedbysyed.com\/product\/20th-us-special-forces-embroidery-design-sf-green-berets-crest-de-oppresso-liber-morale-marine-patch-military-gift-instant-download\/#breadcrumb\",\"itemListElement\":[{\"@type\":\"ListItem\",\"position\":1,\"name\":\"Home\",\"item\":\"https:\/\/stitchedbysyed.com\/\"},{\"@type\":\"ListItem\",\"position\":2,\"name\":\"Shop\",\"item\":\"https:\/\/stitchedbysyed.com\/shop\/\"},{\"@type\":\"ListItem\",\"position\":3,\"name\":\"20th US Special Forces Embroidery Design | SF Green Berets Crest De Oppresso Liber | Morale Marine Patch Military Gift Instant Download\"}]},{\"@type\":\"WebSite\",\"@id\":\"https:\/\/stitchedbysyed.com\/#website\",\"url\":\"https:\/\/stitchedbysyed.com\/\",\"name\":\"stitchedbysyed.com\",\"description\":\"\",\"publisher\":{\"@id\":\"https:\/\/stitchedbysyed.com\/#organization\"},\"potentialAction\":[{\"@type\":\"SearchAction\",\"target\":{\"@type\":\"EntryPoint\",\"urlTemplate\":\"https:\/\/stitchedbysyed.com\/?s={search_term_string}\"},\"query-input\":{\"@type\":\"PropertyValueSpecification\",\"valueRequired\":true,\"valueName\":\"search_term_string\"}}],\"inLanguage\":\"fr-FR\"},{\"@type\":\"Organization\",\"@id\":\"https:\/\/stitchedbysyed.com\/#organization\",\"name\":\"stitchedbysyed.com\",\"url\":\"https:\/\/stitchedbysyed.com\/\",\"logo\":{\"@type\":\"ImageObject\",\"inLanguage\":\"fr-FR\",\"@id\":\"https:\/\/stitchedbysyed.com\/#\/schema\/logo\/image\/\",\"url\":\"https:\/\/stitchedbysyed.com\/wp-content\/uploads\/2025\/10\/cropped-Stitchedbysyed_logo_dark.webp\",\"contentUrl\":\"https:\/\/stitchedbysyed.com\/wp-content\/uploads\/2025\/10\/cropped-Stitchedbysyed_logo_dark.webp\",\"width\":395,\"height\":162,\"caption\":\"stitchedbysyed.com\"},\"image\":{\"@id\":\"https:\/\/stitchedbysyed.com\/#\/schema\/logo\/image\/\"}}]}<\/script>\n<!-- \/ Yoast SEO Premium plugin. -->","yoast_head_json":{"title":"20th US Special Forces Embroidery Design | SF Green Berets Crest De Oppresso Liber | Morale Marine Patch Military Gift Instant Download - stitchedbysyed.com","description":"This is 20th US Special Forces Embroidery Design | SF Green Berets Crest De Oppresso Liber | Morale Patch Military Gift Instant Download FilesYou need an embroidery machine to use this design","robots":{"index":"index","follow":"follow","max-snippet":"max-snippet:-1","max-image-preview":"max-image-preview:large","max-video-preview":"max-video-preview:-1"},"canonical":"https:\/\/stitchedbysyed.com\/fr\/product\/20th-us-special-forces-embroidery-design-sf-green-berets-crest-de-oppresso-liber-morale-marine-patch-military-gift-instant-download\/","og_locale":"fr_FR","og_type":"article","og_title":"20th US Special Forces Embroidery Design | SF Green Berets Crest De Oppresso Liber | Morale Marine Patch Military Gift Instant Download","og_description":"This is 20th US Special Forces Embroidery Design | SF Green Berets Crest De Oppresso Liber | Morale Patch Military Gift Instant Download FilesYou need an embroidery machine to use this design","og_url":"https:\/\/stitchedbysyed.com\/fr\/product\/20th-us-special-forces-embroidery-design-sf-green-berets-crest-de-oppresso-liber-morale-marine-patch-military-gift-instant-download\/","og_site_name":"stitchedbysyed.com","article_modified_time":"2025-11-04T05:21:41+00:00","og_image":[{"width":948,"height":948,"url":"https:\/\/stitchedbysyed.com\/wp-content\/uploads\/2025\/10\/il_fullxfull.7317655993_f04s.jpg","type":"image\/jpeg"}],"twitter_card":"summary_large_image","twitter_misc":{"Dur\u00e9e de lecture estim\u00e9e":"2 minutes"},"schema":{"@context":"https:\/\/schema.org","@graph":[{"@type":"WebPage","@id":"https:\/\/stitchedbysyed.com\/product\/20th-us-special-forces-embroidery-design-sf-green-berets-crest-de-oppresso-liber-morale-marine-patch-military-gift-instant-download\/","url":"https:\/\/stitchedbysyed.com\/product\/20th-us-special-forces-embroidery-design-sf-green-berets-crest-de-oppresso-liber-morale-marine-patch-military-gift-instant-download\/","name":"20th US Special Forces Embroidery Design | SF Green Berets Crest De Oppresso Liber | Morale Marine Patch Military Gift Instant Download - stitchedbysyed.com","isPartOf":{"@id":"https:\/\/stitchedbysyed.com\/#website"},"primaryImageOfPage":{"@id":"https:\/\/stitchedbysyed.com\/product\/20th-us-special-forces-embroidery-design-sf-green-berets-crest-de-oppresso-liber-morale-marine-patch-military-gift-instant-download\/#primaryimage"},"image":{"@id":"https:\/\/stitchedbysyed.com\/product\/20th-us-special-forces-embroidery-design-sf-green-berets-crest-de-oppresso-liber-morale-marine-patch-military-gift-instant-download\/#primaryimage"},"thumbnailUrl":"https:\/\/stitchedbysyed.com\/wp-content\/uploads\/2025\/10\/il_fullxfull.7317655993_f04s.jpg","datePublished":"2025-10-19T06:16:08+00:00","dateModified":"2025-11-04T05:21:41+00:00","description":"This is 20th US Special Forces Embroidery Design | SF Green Berets Crest De Oppresso Liber | Morale Patch Military Gift Instant Download FilesYou need an embroidery machine to use this design","breadcrumb":{"@id":"https:\/\/stitchedbysyed.com\/product\/20th-us-special-forces-embroidery-design-sf-green-berets-crest-de-oppresso-liber-morale-marine-patch-military-gift-instant-download\/#breadcrumb"},"inLanguage":"fr-FR","potentialAction":[{"@type":"ReadAction","target":["https:\/\/stitchedbysyed.com\/product\/20th-us-special-forces-embroidery-design-sf-green-berets-crest-de-oppresso-liber-morale-marine-patch-military-gift-instant-download\/"]}]},{"@type":"ImageObject","inLanguage":"fr-FR","@id":"https:\/\/stitchedbysyed.com\/product\/20th-us-special-forces-embroidery-design-sf-green-berets-crest-de-oppresso-liber-morale-marine-patch-military-gift-instant-download\/#primaryimage","url":"https:\/\/stitchedbysyed.com\/wp-content\/uploads\/2025\/10\/il_fullxfull.7317655993_f04s.jpg","contentUrl":"https:\/\/stitchedbysyed.com\/wp-content\/uploads\/2025\/10\/il_fullxfull.7317655993_f04s.jpg","width":948,"height":948},{"@type":"BreadcrumbList","@id":"https:\/\/stitchedbysyed.com\/product\/20th-us-special-forces-embroidery-design-sf-green-berets-crest-de-oppresso-liber-morale-marine-patch-military-gift-instant-download\/#breadcrumb","itemListElement":[{"@type":"ListItem","position":1,"name":"Home","item":"https:\/\/stitchedbysyed.com\/"},{"@type":"ListItem","position":2,"name":"Shop","item":"https:\/\/stitchedbysyed.com\/shop\/"},{"@type":"ListItem","position":3,"name":"20th US Special Forces Embroidery Design | SF Green Berets Crest De Oppresso Liber | Morale Marine Patch Military Gift Instant Download"}]},{"@type":"WebSite","@id":"https:\/\/stitchedbysyed.com\/#website","url":"https:\/\/stitchedbysyed.com\/","name":"stitchedbysyed.com","description":"","publisher":{"@id":"https:\/\/stitchedbysyed.com\/#organization"},"potentialAction":[{"@type":"SearchAction","target":{"@type":"EntryPoint","urlTemplate":"https:\/\/stitchedbysyed.com\/?s={search_term_string}"},"query-input":{"@type":"PropertyValueSpecification","valueRequired":true,"valueName":"search_term_string"}}],"inLanguage":"fr-FR"},{"@type":"Organization","@id":"https:\/\/stitchedbysyed.com\/#organization","name":"stitchedbysyed.com","url":"https:\/\/stitchedbysyed.com\/","logo":{"@type":"ImageObject","inLanguage":"fr-FR","@id":"https:\/\/stitchedbysyed.com\/#\/schema\/logo\/image\/","url":"https:\/\/stitchedbysyed.com\/wp-content\/uploads\/2025\/10\/cropped-Stitchedbysyed_logo_dark.webp","contentUrl":"https:\/\/stitchedbysyed.com\/wp-content\/uploads\/2025\/10\/cropped-Stitchedbysyed_logo_dark.webp","width":395,"height":162,"caption":"stitchedbysyed.com"},"image":{"@id":"https:\/\/stitchedbysyed.com\/#\/schema\/logo\/image\/"}}]}},"_links":{"self":[{"href":"https:\/\/stitchedbysyed.com\/fr\/wp-json\/wp\/v2\/product\/7530","targetHints":{"allow":["GET"]}}],"collection":[{"href":"https:\/\/stitchedbysyed.com\/fr\/wp-json\/wp\/v2\/product"}],"about":[{"href":"https:\/\/stitchedbysyed.com\/fr\/wp-json\/wp\/v2\/types\/product"}],"replies":[{"embeddable":true,"href":"https:\/\/stitchedbysyed.com\/fr\/wp-json\/wp\/v2\/comments?post=7530"}],"wp:featuredmedia":[{"embeddable":true,"href":"https:\/\/stitchedbysyed.com\/fr\/wp-json\/wp\/v2\/media\/7531"}],"wp:attachment":[{"href":"https:\/\/stitchedbysyed.com\/fr\/wp-json\/wp\/v2\/media?parent=7530"}],"wp:term":[{"taxonomy":"product_brand","embeddable":true,"href":"https:\/\/stitchedbysyed.com\/fr\/wp-json\/wp\/v2\/product_brand?post=7530"},{"taxonomy":"product_cat","embeddable":true,"href":"https:\/\/stitchedbysyed.com\/fr\/wp-json\/wp\/v2\/product_cat?post=7530"},{"taxonomy":"product_tag","embeddable":true,"href":"https:\/\/stitchedbysyed.com\/fr\/wp-json\/wp\/v2\/product_tag?post=7530"}],"curies":[{"name":"wp","href":"https:\/\/api.w.org\/{rel}","templated":true}]}}