{"id":8104,"date":"2025-11-03T10:21:09","date_gmt":"2025-11-03T10:21:09","guid":{"rendered":"https:\/\/stitchedbysyed.com\/product\/paws-embroidery-design-my-best-friend-has-fur-and-paws-machine-embroidery-pattern-pes-embroidery-dog-love-machine-embroidery-dog-sayings\/"},"modified":"2026-01-25T06:09:29","modified_gmt":"2026-01-25T06:09:29","slug":"paws-embroidery-design-my-best-friend-has-fur-and-paws-machine-embroidery-pattern-pes-embroidery-dog-love-machine-embroidery-dog-sayings","status":"publish","type":"product","link":"https:\/\/stitchedbysyed.com\/es\/producto\/paws-embroidery-design-my-best-friend-has-fur-and-paws-machine-embroidery-pattern-pes-embroidery-dog-love-machine-embroidery-dog-sayings\/","title":{"rendered":"Paws Embroidery Design, My Best Friend has Fur and Paws Machine Embroidery Pattern, Pes Embroidery Dog Love, Machine Embroidery Dog Sayings"},"content":{"rendered":"<p>Design Name: Dog Saying My Best Friend has Fur and Paws Designs<br \/>\nDesign Type: Machine Embroidery<\/p>\n<p>\ud83d\udccf Tama\u00f1os (solo en pulgadas de EE. UU.)<br \/>\nTodas las medidas de este anuncio est\u00e1n en pulgadas (EE. UU.), no en sistema m\u00e9trico (cm).<br \/>\nTama\u00f1os disponibles: 4\u00d74, 5\u00d77, 6\u00d710<\/p>\n<p>\ud83e\uddf5 Solo archivo de bordado digital<br \/>\nEste es un archivo de dise\u00f1o de bordado digital \u2014 no se enviar\u00e1 ning\u00fan producto f\u00edsico. Debes tener una m\u00e1quina de bordar para usar estos dise\u00f1os.<\/p>\n<p>\ud83d\udcc2 Formatos de archivo incluidos<br \/>\nTu descarga incluir\u00e1 los siguientes formatos de archivos de bordado:<br \/>\n\u2705 EMB, EXP, DST, HUS, PES, VP3, ART, JEF, PCS, CND, SEW, XXX, CSD<\/p>\n<p>\ud83d\udca1 \u00bfNecesitas un formato diferente? Cont\u00e1ctame antes de comprar.<br \/>\n\ud83d\udccc \u00bfNecesitas un tama\u00f1o personalizado? Por favor, cont\u00e1ctame antes de comprar.<\/p>\n<p>T\u00e9rminos de uso<\/p>\n<p>Puedes<br \/>\nUsar este archivo para proyectos personales<br \/>\nCrear art\u00edculos f\u00edsicos para vender (camisetas, bolsos, decoraci\u00f3n del hogar, etc.)<\/p>\n<p>No puede<br \/>\nNo comparta, venda ni distribuya este archivo digital.<br \/>\nNo revenda este archivo en ning\u00fan formato (no se puede vender tal cual).<\/p>\n<p>Informaci\u00f3n importante<\/p>\n<p>Este es un producto digital \u2014 no hay reembolsos.<br \/>\nLa calidad del bordado depende de los ajustes de su m\u00e1quina, la tensi\u00f3n del hilo, el estabilizador, la tela y la aguja.<br \/>\nPara una versi\u00f3n personalizada dise\u00f1ada para bordar en gorras, comun\u00edquese conmigo antes de comprar. Este servicio tiene un costo superior al listado est\u00e1ndar.<br \/>\nSe recomienda encarecidamente una puntada de prueba antes de la producci\u00f3n final.<\/p>\n<p>Satisfacci\u00f3n del cliente garantizada \ud83d\udcaf<br \/>\nSu satisfacci\u00f3n es muy importante para m\u00ed. Si tiene dudas o inconvenientes con su dise\u00f1o, cont\u00e1cteme cuando lo necesite \u2014 estar\u00e9 encantado de ayudarle.<\/p>\n<p>Gracias por visitar StitchedBySyed \ud83d\udc8c - \u00a1Feliz bordado de dise\u00f1o de costura!<\/p>","protected":false},"excerpt":{"rendered":"<p>Design Name: Dog Saying My Best Friend has Fur and Paws Designs Design Type: Machine Embroidery \ud83d\udccf Sizes (US Inches Only) All sizes in this listing are in inches (US), not metric (cm). Available Sizes: 4&#215;4, 5&#215;7, 6&#215;10 \ud83e\uddf5 Digital Embroidery File Only This is a digital embroidery design file \u2014 no physical product will [&hellip;]<\/p>","protected":false},"featured_media":8105,"comment_status":"open","ping_status":"closed","template":"","meta":[],"product_brand":[],"product_cat":[156,183],"product_tag":[292,286,289,287,280,283,290,284,281,282,475,285,288],"class_list":{"0":"post-8104","1":"product","2":"type-product","3":"status-publish","4":"has-post-thumbnail","6":"product_cat-animal-embroidery","7":"product_cat-embroidery-machine-files","8":"product_tag-animal-lover","9":"product_tag-cute-dog-quote","10":"product_tag-dog-design","11":"product_tag-dog-embroidery","12":"product_tag-dog-lover","13":"product_tag-dog-mom","14":"product_tag-dog-saying","15":"product_tag-dog-stitch","16":"product_tag-girl-and-dog","17":"product_tag-paw-print-file","18":"product_tag-paws-embroidery","19":"product_tag-pet-lover","20":"product_tag-puppy-love","22":"first","23":"instock","24":"sale","25":"downloadable","26":"taxable","27":"shipping-taxable","28":"purchasable","29":"product-type-simple"},"yoast_head":"<!-- This site is optimized with the Yoast SEO Premium plugin v26.2 (Yoast SEO v26.2) - https:\/\/yoast.com\/wordpress\/plugins\/seo\/ -->\n<title>Paws Embroidery Design, My Best Friend has Fur and Paws Machine Embroidery Pattern, Pes Embroidery Dog Love, Machine Embroidery Dog Sayings - stitchedbysyed.com<\/title>\n<meta name=\"robots\" content=\"index, follow, max-snippet:-1, max-image-preview:large, max-video-preview:-1\" \/>\n<link rel=\"canonical\" href=\"https:\/\/stitchedbysyed.com\/es\/producto\/paws-embroidery-design-my-best-friend-has-fur-and-paws-machine-embroidery-pattern-pes-embroidery-dog-love-machine-embroidery-dog-sayings\/\" \/>\n<meta property=\"og:locale\" content=\"es_ES\" \/>\n<meta property=\"og:type\" content=\"article\" \/>\n<meta property=\"og:title\" content=\"Paws Embroidery Design, My Best Friend has Fur and Paws Machine Embroidery Pattern, Pes Embroidery Dog Love, Machine Embroidery Dog Sayings\" \/>\n<meta property=\"og:description\" content=\"Design Name: Dog Saying My Best Friend has Fur and Paws Designs Design Type: Machine Embroidery \ud83d\udccf Sizes (US Inches Only) All sizes in this listing are in inches (US), not metric (cm). Available Sizes: 4&#215;4, 5&#215;7, 6&#215;10 \ud83e\uddf5 Digital Embroidery File Only This is a digital embroidery design file \u2014 no physical product will [&hellip;]\" \/>\n<meta property=\"og:url\" content=\"https:\/\/stitchedbysyed.com\/es\/producto\/paws-embroidery-design-my-best-friend-has-fur-and-paws-machine-embroidery-pattern-pes-embroidery-dog-love-machine-embroidery-dog-sayings\/\" \/>\n<meta property=\"og:site_name\" content=\"stitchedbysyed.com\" \/>\n<meta property=\"article:modified_time\" content=\"2026-01-25T06:09:29+00:00\" \/>\n<meta property=\"og:image\" content=\"https:\/\/stitchedbysyed.com\/wp-content\/uploads\/2025\/11\/il_fullxfull.7352511302_g34t-scaled.jpg\" \/>\n\t<meta property=\"og:image:width\" content=\"2560\" \/>\n\t<meta property=\"og:image:height\" content=\"2560\" \/>\n\t<meta property=\"og:image:type\" content=\"image\/jpeg\" \/>\n<meta name=\"twitter:card\" content=\"summary_large_image\" \/>\n<meta name=\"twitter:label1\" content=\"Tiempo de lectura\" \/>\n\t<meta name=\"twitter:data1\" content=\"2 minutos\" \/>\n<script type=\"application\/ld+json\" class=\"yoast-schema-graph\">{\"@context\":\"https:\/\/schema.org\",\"@graph\":[{\"@type\":\"WebPage\",\"@id\":\"https:\/\/stitchedbysyed.com\/product\/paws-embroidery-design-my-best-friend-has-fur-and-paws-machine-embroidery-pattern-pes-embroidery-dog-love-machine-embroidery-dog-sayings\/\",\"url\":\"https:\/\/stitchedbysyed.com\/product\/paws-embroidery-design-my-best-friend-has-fur-and-paws-machine-embroidery-pattern-pes-embroidery-dog-love-machine-embroidery-dog-sayings\/\",\"name\":\"Paws Embroidery Design, My Best Friend has Fur and Paws Machine Embroidery Pattern, Pes Embroidery Dog Love, Machine Embroidery Dog Sayings - stitchedbysyed.com\",\"isPartOf\":{\"@id\":\"https:\/\/stitchedbysyed.com\/#website\"},\"primaryImageOfPage\":{\"@id\":\"https:\/\/stitchedbysyed.com\/product\/paws-embroidery-design-my-best-friend-has-fur-and-paws-machine-embroidery-pattern-pes-embroidery-dog-love-machine-embroidery-dog-sayings\/#primaryimage\"},\"image\":{\"@id\":\"https:\/\/stitchedbysyed.com\/product\/paws-embroidery-design-my-best-friend-has-fur-and-paws-machine-embroidery-pattern-pes-embroidery-dog-love-machine-embroidery-dog-sayings\/#primaryimage\"},\"thumbnailUrl\":\"https:\/\/stitchedbysyed.com\/wp-content\/uploads\/2025\/11\/il_fullxfull.7352511302_g34t-scaled.jpg\",\"datePublished\":\"2025-11-03T10:21:09+00:00\",\"dateModified\":\"2026-01-25T06:09:29+00:00\",\"breadcrumb\":{\"@id\":\"https:\/\/stitchedbysyed.com\/product\/paws-embroidery-design-my-best-friend-has-fur-and-paws-machine-embroidery-pattern-pes-embroidery-dog-love-machine-embroidery-dog-sayings\/#breadcrumb\"},\"inLanguage\":\"es\",\"potentialAction\":[{\"@type\":\"ReadAction\",\"target\":[\"https:\/\/stitchedbysyed.com\/product\/paws-embroidery-design-my-best-friend-has-fur-and-paws-machine-embroidery-pattern-pes-embroidery-dog-love-machine-embroidery-dog-sayings\/\"]}]},{\"@type\":\"ImageObject\",\"inLanguage\":\"es\",\"@id\":\"https:\/\/stitchedbysyed.com\/product\/paws-embroidery-design-my-best-friend-has-fur-and-paws-machine-embroidery-pattern-pes-embroidery-dog-love-machine-embroidery-dog-sayings\/#primaryimage\",\"url\":\"https:\/\/stitchedbysyed.com\/wp-content\/uploads\/2025\/11\/il_fullxfull.7352511302_g34t-scaled.jpg\",\"contentUrl\":\"https:\/\/stitchedbysyed.com\/wp-content\/uploads\/2025\/11\/il_fullxfull.7352511302_g34t-scaled.jpg\",\"width\":2560,\"height\":2560},{\"@type\":\"BreadcrumbList\",\"@id\":\"https:\/\/stitchedbysyed.com\/product\/paws-embroidery-design-my-best-friend-has-fur-and-paws-machine-embroidery-pattern-pes-embroidery-dog-love-machine-embroidery-dog-sayings\/#breadcrumb\",\"itemListElement\":[{\"@type\":\"ListItem\",\"position\":1,\"name\":\"Home\",\"item\":\"https:\/\/stitchedbysyed.com\/\"},{\"@type\":\"ListItem\",\"position\":2,\"name\":\"Shop\",\"item\":\"https:\/\/stitchedbysyed.com\/shop\/\"},{\"@type\":\"ListItem\",\"position\":3,\"name\":\"Paws Embroidery Design, My Best Friend has Fur and Paws Machine Embroidery Pattern, Pes Embroidery Dog Love, Machine Embroidery Dog Sayings\"}]},{\"@type\":\"WebSite\",\"@id\":\"https:\/\/stitchedbysyed.com\/#website\",\"url\":\"https:\/\/stitchedbysyed.com\/\",\"name\":\"stitchedbysyed.com\",\"description\":\"\",\"publisher\":{\"@id\":\"https:\/\/stitchedbysyed.com\/#organization\"},\"potentialAction\":[{\"@type\":\"SearchAction\",\"target\":{\"@type\":\"EntryPoint\",\"urlTemplate\":\"https:\/\/stitchedbysyed.com\/?s={search_term_string}\"},\"query-input\":{\"@type\":\"PropertyValueSpecification\",\"valueRequired\":true,\"valueName\":\"search_term_string\"}}],\"inLanguage\":\"es\"},{\"@type\":\"Organization\",\"@id\":\"https:\/\/stitchedbysyed.com\/#organization\",\"name\":\"stitchedbysyed.com\",\"url\":\"https:\/\/stitchedbysyed.com\/\",\"logo\":{\"@type\":\"ImageObject\",\"inLanguage\":\"es\",\"@id\":\"https:\/\/stitchedbysyed.com\/#\/schema\/logo\/image\/\",\"url\":\"https:\/\/stitchedbysyed.com\/wp-content\/uploads\/2025\/10\/cropped-Stitchedbysyed_logo_dark.webp\",\"contentUrl\":\"https:\/\/stitchedbysyed.com\/wp-content\/uploads\/2025\/10\/cropped-Stitchedbysyed_logo_dark.webp\",\"width\":395,\"height\":162,\"caption\":\"stitchedbysyed.com\"},\"image\":{\"@id\":\"https:\/\/stitchedbysyed.com\/#\/schema\/logo\/image\/\"}}]}<\/script>\n<!-- \/ Yoast SEO Premium plugin. -->","yoast_head_json":{"title":"Paws Embroidery Design, My Best Friend has Fur and Paws Machine Embroidery Pattern, Pes Embroidery Dog Love, Machine Embroidery Dog Sayings - stitchedbysyed.com","robots":{"index":"index","follow":"follow","max-snippet":"max-snippet:-1","max-image-preview":"max-image-preview:large","max-video-preview":"max-video-preview:-1"},"canonical":"https:\/\/stitchedbysyed.com\/es\/producto\/paws-embroidery-design-my-best-friend-has-fur-and-paws-machine-embroidery-pattern-pes-embroidery-dog-love-machine-embroidery-dog-sayings\/","og_locale":"es_ES","og_type":"article","og_title":"Paws Embroidery Design, My Best Friend has Fur and Paws Machine Embroidery Pattern, Pes Embroidery Dog Love, Machine Embroidery Dog Sayings","og_description":"Design Name: Dog Saying My Best Friend has Fur and Paws Designs Design Type: Machine Embroidery \ud83d\udccf Sizes (US Inches Only) All sizes in this listing are in inches (US), not metric (cm). Available Sizes: 4&#215;4, 5&#215;7, 6&#215;10 \ud83e\uddf5 Digital Embroidery File Only This is a digital embroidery design file \u2014 no physical product will [&hellip;]","og_url":"https:\/\/stitchedbysyed.com\/es\/producto\/paws-embroidery-design-my-best-friend-has-fur-and-paws-machine-embroidery-pattern-pes-embroidery-dog-love-machine-embroidery-dog-sayings\/","og_site_name":"stitchedbysyed.com","article_modified_time":"2026-01-25T06:09:29+00:00","og_image":[{"width":2560,"height":2560,"url":"https:\/\/stitchedbysyed.com\/wp-content\/uploads\/2025\/11\/il_fullxfull.7352511302_g34t-scaled.jpg","type":"image\/jpeg"}],"twitter_card":"summary_large_image","twitter_misc":{"Tiempo de lectura":"2 minutos"},"schema":{"@context":"https:\/\/schema.org","@graph":[{"@type":"WebPage","@id":"https:\/\/stitchedbysyed.com\/product\/paws-embroidery-design-my-best-friend-has-fur-and-paws-machine-embroidery-pattern-pes-embroidery-dog-love-machine-embroidery-dog-sayings\/","url":"https:\/\/stitchedbysyed.com\/product\/paws-embroidery-design-my-best-friend-has-fur-and-paws-machine-embroidery-pattern-pes-embroidery-dog-love-machine-embroidery-dog-sayings\/","name":"Paws Embroidery Design, My Best Friend has Fur and Paws Machine Embroidery Pattern, Pes Embroidery Dog Love, Machine Embroidery Dog Sayings - stitchedbysyed.com","isPartOf":{"@id":"https:\/\/stitchedbysyed.com\/#website"},"primaryImageOfPage":{"@id":"https:\/\/stitchedbysyed.com\/product\/paws-embroidery-design-my-best-friend-has-fur-and-paws-machine-embroidery-pattern-pes-embroidery-dog-love-machine-embroidery-dog-sayings\/#primaryimage"},"image":{"@id":"https:\/\/stitchedbysyed.com\/product\/paws-embroidery-design-my-best-friend-has-fur-and-paws-machine-embroidery-pattern-pes-embroidery-dog-love-machine-embroidery-dog-sayings\/#primaryimage"},"thumbnailUrl":"https:\/\/stitchedbysyed.com\/wp-content\/uploads\/2025\/11\/il_fullxfull.7352511302_g34t-scaled.jpg","datePublished":"2025-11-03T10:21:09+00:00","dateModified":"2026-01-25T06:09:29+00:00","breadcrumb":{"@id":"https:\/\/stitchedbysyed.com\/product\/paws-embroidery-design-my-best-friend-has-fur-and-paws-machine-embroidery-pattern-pes-embroidery-dog-love-machine-embroidery-dog-sayings\/#breadcrumb"},"inLanguage":"es","potentialAction":[{"@type":"ReadAction","target":["https:\/\/stitchedbysyed.com\/product\/paws-embroidery-design-my-best-friend-has-fur-and-paws-machine-embroidery-pattern-pes-embroidery-dog-love-machine-embroidery-dog-sayings\/"]}]},{"@type":"ImageObject","inLanguage":"es","@id":"https:\/\/stitchedbysyed.com\/product\/paws-embroidery-design-my-best-friend-has-fur-and-paws-machine-embroidery-pattern-pes-embroidery-dog-love-machine-embroidery-dog-sayings\/#primaryimage","url":"https:\/\/stitchedbysyed.com\/wp-content\/uploads\/2025\/11\/il_fullxfull.7352511302_g34t-scaled.jpg","contentUrl":"https:\/\/stitchedbysyed.com\/wp-content\/uploads\/2025\/11\/il_fullxfull.7352511302_g34t-scaled.jpg","width":2560,"height":2560},{"@type":"BreadcrumbList","@id":"https:\/\/stitchedbysyed.com\/product\/paws-embroidery-design-my-best-friend-has-fur-and-paws-machine-embroidery-pattern-pes-embroidery-dog-love-machine-embroidery-dog-sayings\/#breadcrumb","itemListElement":[{"@type":"ListItem","position":1,"name":"Home","item":"https:\/\/stitchedbysyed.com\/"},{"@type":"ListItem","position":2,"name":"Shop","item":"https:\/\/stitchedbysyed.com\/shop\/"},{"@type":"ListItem","position":3,"name":"Paws Embroidery Design, My Best Friend has Fur and Paws Machine Embroidery Pattern, Pes Embroidery Dog Love, Machine Embroidery Dog Sayings"}]},{"@type":"WebSite","@id":"https:\/\/stitchedbysyed.com\/#website","url":"https:\/\/stitchedbysyed.com\/","name":"stitchedbysyed.com","description":"","publisher":{"@id":"https:\/\/stitchedbysyed.com\/#organization"},"potentialAction":[{"@type":"SearchAction","target":{"@type":"EntryPoint","urlTemplate":"https:\/\/stitchedbysyed.com\/?s={search_term_string}"},"query-input":{"@type":"PropertyValueSpecification","valueRequired":true,"valueName":"search_term_string"}}],"inLanguage":"es"},{"@type":"Organization","@id":"https:\/\/stitchedbysyed.com\/#organization","name":"stitchedbysyed.com","url":"https:\/\/stitchedbysyed.com\/","logo":{"@type":"ImageObject","inLanguage":"es","@id":"https:\/\/stitchedbysyed.com\/#\/schema\/logo\/image\/","url":"https:\/\/stitchedbysyed.com\/wp-content\/uploads\/2025\/10\/cropped-Stitchedbysyed_logo_dark.webp","contentUrl":"https:\/\/stitchedbysyed.com\/wp-content\/uploads\/2025\/10\/cropped-Stitchedbysyed_logo_dark.webp","width":395,"height":162,"caption":"stitchedbysyed.com"},"image":{"@id":"https:\/\/stitchedbysyed.com\/#\/schema\/logo\/image\/"}}]}},"_links":{"self":[{"href":"https:\/\/stitchedbysyed.com\/es\/wp-json\/wp\/v2\/product\/8104","targetHints":{"allow":["GET"]}}],"collection":[{"href":"https:\/\/stitchedbysyed.com\/es\/wp-json\/wp\/v2\/product"}],"about":[{"href":"https:\/\/stitchedbysyed.com\/es\/wp-json\/wp\/v2\/types\/product"}],"replies":[{"embeddable":true,"href":"https:\/\/stitchedbysyed.com\/es\/wp-json\/wp\/v2\/comments?post=8104"}],"wp:featuredmedia":[{"embeddable":true,"href":"https:\/\/stitchedbysyed.com\/es\/wp-json\/wp\/v2\/media\/8105"}],"wp:attachment":[{"href":"https:\/\/stitchedbysyed.com\/es\/wp-json\/wp\/v2\/media?parent=8104"}],"wp:term":[{"taxonomy":"product_brand","embeddable":true,"href":"https:\/\/stitchedbysyed.com\/es\/wp-json\/wp\/v2\/product_brand?post=8104"},{"taxonomy":"product_cat","embeddable":true,"href":"https:\/\/stitchedbysyed.com\/es\/wp-json\/wp\/v2\/product_cat?post=8104"},{"taxonomy":"product_tag","embeddable":true,"href":"https:\/\/stitchedbysyed.com\/es\/wp-json\/wp\/v2\/product_tag?post=8104"}],"curies":[{"name":"wp","href":"https:\/\/api.w.org\/{rel}","templated":true}]}}