{"id":7900,"date":"2025-10-19T06:37:05","date_gmt":"2025-10-19T06:37:05","guid":{"rendered":"https:\/\/stitchedbysyed.com\/product\/halloween-ghost-embroidery-design-bubble-tea-pumpkin-digital-download-4x4-5x7-6x10-sizes-available\/"},"modified":"2025-11-04T05:24:56","modified_gmt":"2025-11-04T05:24:56","slug":"halloween-ghost-embroidery-design-bubble-tea-pumpkin-digital-download-4x4-5x7-6x10-sizes-available","status":"publish","type":"product","link":"https:\/\/stitchedbysyed.com\/es\/producto\/halloween-ghost-embroidery-design-bubble-tea-pumpkin-digital-download-4x4-5x7-6x10-sizes-available\/","title":{"rendered":"Halloween Ghost Embroidery Design: Bubble Tea &#038; Pumpkin (Digital Download, 4&#215;4, 5&#215;7, 6&#215;10 Sizes Available)"},"content":{"rendered":"<p>Sip in style this Halloween with the Ghost with Bubble Tea &amp; Pumpkin embroidery design. A fun filled stitch pattern perfect for seasonal clothing, bags, and home d\u00e9cor.<\/p>\n<p>\ud83d\udccf Tama\u00f1os (solo en pulgadas de EE. UU.)<br \/>\nTodas las medidas de este anuncio est\u00e1n en pulgadas (EE. UU.), no en sistema m\u00e9trico (cm).<br \/>\nTama\u00f1os disponibles: 4\u00d74, 5\u00d77, 6\u00d710<\/p>\n<p>\ud83e\uddf5 Solo archivo de bordado digital<br \/>\nEste es un archivo de dise\u00f1o de bordado digital \u2014 no se enviar\u00e1 ning\u00fan producto f\u00edsico. Debes tener una m\u00e1quina de bordar para usar estos dise\u00f1os.<\/p>\n<p>\ud83d\udcc2 Formatos de archivo incluidos<br \/>\nTu descarga incluir\u00e1 los siguientes formatos de archivos de bordado:<br \/>\n\u2705 EMB, EXP, DST, HUS, PES, VP3, ART, JEF, PCS, CND, SEW, XXX, CSD<\/p>\n<p>\ud83d\udca1 \u00bfNecesitas un formato diferente? Cont\u00e1ctame antes de comprar.<br \/>\n\ud83d\udccc \u00bfNecesitas un tama\u00f1o personalizado? Por favor, cont\u00e1ctame antes de comprar.<\/p>\n<p>T\u00e9rminos de uso<\/p>\n<p>Puedes<br \/>\nUsar este archivo para proyectos personales<br \/>\nCrear art\u00edculos f\u00edsicos para vender (camisetas, bolsos, decoraci\u00f3n del hogar, etc.)<\/p>\n<p>No puede<br \/>\nNo comparta, venda ni distribuya este archivo digital.<br \/>\nNo revenda este archivo en ning\u00fan formato (no se puede vender tal cual).<\/p>\n<p>Informaci\u00f3n importante<br \/>\nEste es un producto digital \u2014 no hay reembolsos.<br \/>\nLa calidad del bordado depende de los ajustes de su m\u00e1quina, la tensi\u00f3n del hilo, el estabilizador, la tela y la aguja.<br \/>\nPara una versi\u00f3n personalizada dise\u00f1ada para bordar en gorras, comun\u00edquese conmigo antes de comprar. Este servicio tiene un costo superior al listado est\u00e1ndar.<br \/>\nSe recomienda encarecidamente una puntada de prueba antes de la producci\u00f3n final.<\/p>\n<p>Satisfacci\u00f3n del cliente garantizada \ud83d\udcaf<br \/>\nSu satisfacci\u00f3n es muy importante para m\u00ed. Si tiene dudas o inconvenientes con su dise\u00f1o, cont\u00e1cteme cuando lo necesite \u2014 estar\u00e9 encantado de ayudarle.<\/p>\n<p>Muchas gracias por visitar mi tienda StitchedBySyed \ud83d\udc8c \u2014 le deseo momentos creativos y felices bordando sus nuevos dise\u00f1os.<\/p>","protected":false},"excerpt":{"rendered":"<p>Sip in style this Halloween with the Ghost with Bubble Tea &amp; Pumpkin embroidery design. A fun filled stitch pattern perfect for seasonal clothing, bags, and home d\u00e9cor. \ud83d\udccf Sizes (US Inches Only) All sizes in this listing are in inches (US), not metric (cm). Available Sizes: 4&#215;4, 5&#215;7, 6&#215;10 \ud83e\uddf5 Digital Embroidery File Only [&hellip;]<\/p>","protected":false},"featured_media":7903,"comment_status":"open","ping_status":"closed","template":"","meta":[],"product_brand":[],"product_cat":[183,67,155],"product_tag":[91,143,70,71,138,76,77,139,93,446,78,79,302],"class_list":{"0":"post-7900","1":"product","2":"type-product","3":"status-publish","4":"has-post-thumbnail","6":"product_cat-embroidery-machine-files","7":"product_cat-ghost-embroidery-designs","8":"product_cat-halloween-embroidery-designs","9":"product_tag-chicken-independence","10":"product_tag-embroidery-files","11":"product_tag-embroidery-pattern","12":"product_tag-filled-stitch-ghost","13":"product_tag-halloween-embroidery","14":"product_tag-halloween-ghost","15":"product_tag-instant-download","16":"product_tag-machine-embroidery","17":"product_tag-party-ghost","18":"product_tag-personalised-gift","19":"product_tag-seasonal-embroidery","20":"product_tag-spooky-cute-design","21":"product_tag-toddler-costume","23":"first","24":"instock","25":"sale","26":"downloadable","27":"taxable","28":"shipping-taxable","29":"purchasable","30":"product-type-simple"},"yoast_head":"<!-- This site is optimized with the Yoast SEO Premium plugin v26.2 (Yoast SEO v26.2) - https:\/\/yoast.com\/wordpress\/plugins\/seo\/ -->\n<title>Halloween Ghost Embroidery Design: Bubble Tea &amp; Pumpkin (Digital Download, 4x4, 5x7, 6x10 Sizes Available) - stitchedbysyed.com<\/title>\n<meta name=\"description\" content=\"Sip in style this Halloween with the Ghost with Bubble Tea &amp; Pumpkin embroidery design. A fun filled stitch pattern perfect for seasonal clothing, bags, and home d\u00e9cor.\" \/>\n<meta name=\"robots\" content=\"index, follow, max-snippet:-1, max-image-preview:large, max-video-preview:-1\" \/>\n<link rel=\"canonical\" href=\"https:\/\/stitchedbysyed.com\/es\/producto\/halloween-ghost-embroidery-design-bubble-tea-pumpkin-digital-download-4x4-5x7-6x10-sizes-available\/\" \/>\n<meta property=\"og:locale\" content=\"es_ES\" \/>\n<meta property=\"og:type\" content=\"article\" \/>\n<meta property=\"og:title\" content=\"Halloween Ghost Embroidery Design: Bubble Tea &amp; Pumpkin (Digital Download, 4x4, 5x7, 6x10 Sizes Available)\" \/>\n<meta property=\"og:description\" content=\"Sip in style this Halloween with the Ghost with Bubble Tea &amp; Pumpkin embroidery design. A fun filled stitch pattern perfect for seasonal clothing, bags, and home d\u00e9cor.\" \/>\n<meta property=\"og:url\" content=\"https:\/\/stitchedbysyed.com\/es\/producto\/halloween-ghost-embroidery-design-bubble-tea-pumpkin-digital-download-4x4-5x7-6x10-sizes-available\/\" \/>\n<meta property=\"og:site_name\" content=\"stitchedbysyed.com\" \/>\n<meta property=\"article:modified_time\" content=\"2025-11-04T05:24:56+00:00\" \/>\n<meta property=\"og:image\" content=\"https:\/\/stitchedbysyed.com\/wp-content\/uploads\/2025\/10\/il_fullxfull.7115668940_7jmh-1.jpg\" \/>\n\t<meta property=\"og:image:width\" content=\"1080\" \/>\n\t<meta property=\"og:image:height\" content=\"1080\" \/>\n\t<meta property=\"og:image:type\" content=\"image\/jpeg\" \/>\n<meta name=\"twitter:card\" content=\"summary_large_image\" \/>\n<meta name=\"twitter:label1\" content=\"Tiempo de lectura\" \/>\n\t<meta name=\"twitter:data1\" content=\"2 minutos\" \/>\n<script type=\"application\/ld+json\" class=\"yoast-schema-graph\">{\"@context\":\"https:\/\/schema.org\",\"@graph\":[{\"@type\":\"WebPage\",\"@id\":\"https:\/\/stitchedbysyed.com\/product\/halloween-ghost-embroidery-design-bubble-tea-pumpkin-digital-download-4x4-5x7-6x10-sizes-available\/\",\"url\":\"https:\/\/stitchedbysyed.com\/product\/halloween-ghost-embroidery-design-bubble-tea-pumpkin-digital-download-4x4-5x7-6x10-sizes-available\/\",\"name\":\"Halloween Ghost Embroidery Design: Bubble Tea & Pumpkin (Digital Download, 4x4, 5x7, 6x10 Sizes Available) - stitchedbysyed.com\",\"isPartOf\":{\"@id\":\"https:\/\/stitchedbysyed.com\/#website\"},\"primaryImageOfPage\":{\"@id\":\"https:\/\/stitchedbysyed.com\/product\/halloween-ghost-embroidery-design-bubble-tea-pumpkin-digital-download-4x4-5x7-6x10-sizes-available\/#primaryimage\"},\"image\":{\"@id\":\"https:\/\/stitchedbysyed.com\/product\/halloween-ghost-embroidery-design-bubble-tea-pumpkin-digital-download-4x4-5x7-6x10-sizes-available\/#primaryimage\"},\"thumbnailUrl\":\"https:\/\/stitchedbysyed.com\/wp-content\/uploads\/2025\/10\/il_fullxfull.7115668940_7jmh-1.jpg\",\"datePublished\":\"2025-10-19T06:37:05+00:00\",\"dateModified\":\"2025-11-04T05:24:56+00:00\",\"description\":\"Sip in style this Halloween with the Ghost with Bubble Tea & Pumpkin embroidery design. A fun filled stitch pattern perfect for seasonal clothing, bags, and home d\u00e9cor.\",\"breadcrumb\":{\"@id\":\"https:\/\/stitchedbysyed.com\/product\/halloween-ghost-embroidery-design-bubble-tea-pumpkin-digital-download-4x4-5x7-6x10-sizes-available\/#breadcrumb\"},\"inLanguage\":\"es\",\"potentialAction\":[{\"@type\":\"ReadAction\",\"target\":[\"https:\/\/stitchedbysyed.com\/product\/halloween-ghost-embroidery-design-bubble-tea-pumpkin-digital-download-4x4-5x7-6x10-sizes-available\/\"]}]},{\"@type\":\"ImageObject\",\"inLanguage\":\"es\",\"@id\":\"https:\/\/stitchedbysyed.com\/product\/halloween-ghost-embroidery-design-bubble-tea-pumpkin-digital-download-4x4-5x7-6x10-sizes-available\/#primaryimage\",\"url\":\"https:\/\/stitchedbysyed.com\/wp-content\/uploads\/2025\/10\/il_fullxfull.7115668940_7jmh-1.jpg\",\"contentUrl\":\"https:\/\/stitchedbysyed.com\/wp-content\/uploads\/2025\/10\/il_fullxfull.7115668940_7jmh-1.jpg\",\"width\":1080,\"height\":1080},{\"@type\":\"BreadcrumbList\",\"@id\":\"https:\/\/stitchedbysyed.com\/product\/halloween-ghost-embroidery-design-bubble-tea-pumpkin-digital-download-4x4-5x7-6x10-sizes-available\/#breadcrumb\",\"itemListElement\":[{\"@type\":\"ListItem\",\"position\":1,\"name\":\"Home\",\"item\":\"https:\/\/stitchedbysyed.com\/\"},{\"@type\":\"ListItem\",\"position\":2,\"name\":\"Shop\",\"item\":\"https:\/\/stitchedbysyed.com\/shop\/\"},{\"@type\":\"ListItem\",\"position\":3,\"name\":\"Halloween Ghost Embroidery Design: Bubble Tea &#038; Pumpkin (Digital Download, 4&#215;4, 5&#215;7, 6&#215;10 Sizes Available)\"}]},{\"@type\":\"WebSite\",\"@id\":\"https:\/\/stitchedbysyed.com\/#website\",\"url\":\"https:\/\/stitchedbysyed.com\/\",\"name\":\"stitchedbysyed.com\",\"description\":\"\",\"publisher\":{\"@id\":\"https:\/\/stitchedbysyed.com\/#organization\"},\"potentialAction\":[{\"@type\":\"SearchAction\",\"target\":{\"@type\":\"EntryPoint\",\"urlTemplate\":\"https:\/\/stitchedbysyed.com\/?s={search_term_string}\"},\"query-input\":{\"@type\":\"PropertyValueSpecification\",\"valueRequired\":true,\"valueName\":\"search_term_string\"}}],\"inLanguage\":\"es\"},{\"@type\":\"Organization\",\"@id\":\"https:\/\/stitchedbysyed.com\/#organization\",\"name\":\"stitchedbysyed.com\",\"url\":\"https:\/\/stitchedbysyed.com\/\",\"logo\":{\"@type\":\"ImageObject\",\"inLanguage\":\"es\",\"@id\":\"https:\/\/stitchedbysyed.com\/#\/schema\/logo\/image\/\",\"url\":\"https:\/\/stitchedbysyed.com\/wp-content\/uploads\/2025\/10\/cropped-Stitchedbysyed_logo_dark.webp\",\"contentUrl\":\"https:\/\/stitchedbysyed.com\/wp-content\/uploads\/2025\/10\/cropped-Stitchedbysyed_logo_dark.webp\",\"width\":395,\"height\":162,\"caption\":\"stitchedbysyed.com\"},\"image\":{\"@id\":\"https:\/\/stitchedbysyed.com\/#\/schema\/logo\/image\/\"}}]}<\/script>\n<!-- \/ Yoast SEO Premium plugin. -->","yoast_head_json":{"title":"Halloween Ghost Embroidery Design: Bubble Tea & Pumpkin (Digital Download, 4x4, 5x7, 6x10 Sizes Available) - stitchedbysyed.com","description":"Sip in style this Halloween with the Ghost with Bubble Tea & Pumpkin embroidery design. A fun filled stitch pattern perfect for seasonal clothing, bags, and home d\u00e9cor.","robots":{"index":"index","follow":"follow","max-snippet":"max-snippet:-1","max-image-preview":"max-image-preview:large","max-video-preview":"max-video-preview:-1"},"canonical":"https:\/\/stitchedbysyed.com\/es\/producto\/halloween-ghost-embroidery-design-bubble-tea-pumpkin-digital-download-4x4-5x7-6x10-sizes-available\/","og_locale":"es_ES","og_type":"article","og_title":"Halloween Ghost Embroidery Design: Bubble Tea & Pumpkin (Digital Download, 4x4, 5x7, 6x10 Sizes Available)","og_description":"Sip in style this Halloween with the Ghost with Bubble Tea & Pumpkin embroidery design. A fun filled stitch pattern perfect for seasonal clothing, bags, and home d\u00e9cor.","og_url":"https:\/\/stitchedbysyed.com\/es\/producto\/halloween-ghost-embroidery-design-bubble-tea-pumpkin-digital-download-4x4-5x7-6x10-sizes-available\/","og_site_name":"stitchedbysyed.com","article_modified_time":"2025-11-04T05:24:56+00:00","og_image":[{"width":1080,"height":1080,"url":"https:\/\/stitchedbysyed.com\/wp-content\/uploads\/2025\/10\/il_fullxfull.7115668940_7jmh-1.jpg","type":"image\/jpeg"}],"twitter_card":"summary_large_image","twitter_misc":{"Tiempo de lectura":"2 minutos"},"schema":{"@context":"https:\/\/schema.org","@graph":[{"@type":"WebPage","@id":"https:\/\/stitchedbysyed.com\/product\/halloween-ghost-embroidery-design-bubble-tea-pumpkin-digital-download-4x4-5x7-6x10-sizes-available\/","url":"https:\/\/stitchedbysyed.com\/product\/halloween-ghost-embroidery-design-bubble-tea-pumpkin-digital-download-4x4-5x7-6x10-sizes-available\/","name":"Halloween Ghost Embroidery Design: Bubble Tea & Pumpkin (Digital Download, 4x4, 5x7, 6x10 Sizes Available) - stitchedbysyed.com","isPartOf":{"@id":"https:\/\/stitchedbysyed.com\/#website"},"primaryImageOfPage":{"@id":"https:\/\/stitchedbysyed.com\/product\/halloween-ghost-embroidery-design-bubble-tea-pumpkin-digital-download-4x4-5x7-6x10-sizes-available\/#primaryimage"},"image":{"@id":"https:\/\/stitchedbysyed.com\/product\/halloween-ghost-embroidery-design-bubble-tea-pumpkin-digital-download-4x4-5x7-6x10-sizes-available\/#primaryimage"},"thumbnailUrl":"https:\/\/stitchedbysyed.com\/wp-content\/uploads\/2025\/10\/il_fullxfull.7115668940_7jmh-1.jpg","datePublished":"2025-10-19T06:37:05+00:00","dateModified":"2025-11-04T05:24:56+00:00","description":"Sip in style this Halloween with the Ghost with Bubble Tea & Pumpkin embroidery design. A fun filled stitch pattern perfect for seasonal clothing, bags, and home d\u00e9cor.","breadcrumb":{"@id":"https:\/\/stitchedbysyed.com\/product\/halloween-ghost-embroidery-design-bubble-tea-pumpkin-digital-download-4x4-5x7-6x10-sizes-available\/#breadcrumb"},"inLanguage":"es","potentialAction":[{"@type":"ReadAction","target":["https:\/\/stitchedbysyed.com\/product\/halloween-ghost-embroidery-design-bubble-tea-pumpkin-digital-download-4x4-5x7-6x10-sizes-available\/"]}]},{"@type":"ImageObject","inLanguage":"es","@id":"https:\/\/stitchedbysyed.com\/product\/halloween-ghost-embroidery-design-bubble-tea-pumpkin-digital-download-4x4-5x7-6x10-sizes-available\/#primaryimage","url":"https:\/\/stitchedbysyed.com\/wp-content\/uploads\/2025\/10\/il_fullxfull.7115668940_7jmh-1.jpg","contentUrl":"https:\/\/stitchedbysyed.com\/wp-content\/uploads\/2025\/10\/il_fullxfull.7115668940_7jmh-1.jpg","width":1080,"height":1080},{"@type":"BreadcrumbList","@id":"https:\/\/stitchedbysyed.com\/product\/halloween-ghost-embroidery-design-bubble-tea-pumpkin-digital-download-4x4-5x7-6x10-sizes-available\/#breadcrumb","itemListElement":[{"@type":"ListItem","position":1,"name":"Home","item":"https:\/\/stitchedbysyed.com\/"},{"@type":"ListItem","position":2,"name":"Shop","item":"https:\/\/stitchedbysyed.com\/shop\/"},{"@type":"ListItem","position":3,"name":"Halloween Ghost Embroidery Design: Bubble Tea &#038; Pumpkin (Digital Download, 4&#215;4, 5&#215;7, 6&#215;10 Sizes Available)"}]},{"@type":"WebSite","@id":"https:\/\/stitchedbysyed.com\/#website","url":"https:\/\/stitchedbysyed.com\/","name":"stitchedbysyed.com","description":"","publisher":{"@id":"https:\/\/stitchedbysyed.com\/#organization"},"potentialAction":[{"@type":"SearchAction","target":{"@type":"EntryPoint","urlTemplate":"https:\/\/stitchedbysyed.com\/?s={search_term_string}"},"query-input":{"@type":"PropertyValueSpecification","valueRequired":true,"valueName":"search_term_string"}}],"inLanguage":"es"},{"@type":"Organization","@id":"https:\/\/stitchedbysyed.com\/#organization","name":"stitchedbysyed.com","url":"https:\/\/stitchedbysyed.com\/","logo":{"@type":"ImageObject","inLanguage":"es","@id":"https:\/\/stitchedbysyed.com\/#\/schema\/logo\/image\/","url":"https:\/\/stitchedbysyed.com\/wp-content\/uploads\/2025\/10\/cropped-Stitchedbysyed_logo_dark.webp","contentUrl":"https:\/\/stitchedbysyed.com\/wp-content\/uploads\/2025\/10\/cropped-Stitchedbysyed_logo_dark.webp","width":395,"height":162,"caption":"stitchedbysyed.com"},"image":{"@id":"https:\/\/stitchedbysyed.com\/#\/schema\/logo\/image\/"}}]}},"_links":{"self":[{"href":"https:\/\/stitchedbysyed.com\/es\/wp-json\/wp\/v2\/product\/7900","targetHints":{"allow":["GET"]}}],"collection":[{"href":"https:\/\/stitchedbysyed.com\/es\/wp-json\/wp\/v2\/product"}],"about":[{"href":"https:\/\/stitchedbysyed.com\/es\/wp-json\/wp\/v2\/types\/product"}],"replies":[{"embeddable":true,"href":"https:\/\/stitchedbysyed.com\/es\/wp-json\/wp\/v2\/comments?post=7900"}],"wp:featuredmedia":[{"embeddable":true,"href":"https:\/\/stitchedbysyed.com\/es\/wp-json\/wp\/v2\/media\/7903"}],"wp:attachment":[{"href":"https:\/\/stitchedbysyed.com\/es\/wp-json\/wp\/v2\/media?parent=7900"}],"wp:term":[{"taxonomy":"product_brand","embeddable":true,"href":"https:\/\/stitchedbysyed.com\/es\/wp-json\/wp\/v2\/product_brand?post=7900"},{"taxonomy":"product_cat","embeddable":true,"href":"https:\/\/stitchedbysyed.com\/es\/wp-json\/wp\/v2\/product_cat?post=7900"},{"taxonomy":"product_tag","embeddable":true,"href":"https:\/\/stitchedbysyed.com\/es\/wp-json\/wp\/v2\/product_tag?post=7900"}],"curies":[{"name":"wp","href":"https:\/\/api.w.org\/{rel}","templated":true}]}}