{"id":7692,"date":"2025-10-19T06:23:27","date_gmt":"2025-10-19T06:23:27","guid":{"rendered":"https:\/\/stitchedbysyed.com\/product\/rainbow-unicorn-embroidery-design-baby-girl-nursery-digital-file\/"},"modified":"2025-11-04T05:23:24","modified_gmt":"2025-11-04T05:23:24","slug":"rainbow-unicorn-embroidery-design-baby-girl-nursery-digital-file","status":"publish","type":"product","link":"https:\/\/stitchedbysyed.com\/es\/producto\/rainbow-unicorn-embroidery-design-baby-girl-nursery-digital-file\/","title":{"rendered":"Unicornio Arco Iris Bordado: Baby Girl Nursery (Archivo Digital)"},"content":{"rendered":"<p>Rainbow Unicorn Machine Embroidery filled Design for Baby Girl, perfect for nursery decor, princess accessories, and more! This enchanting embroidery features a charming unicorn surrounded by colorful stars, creating a fairy-tale vibe that\u2019s perfect for celebrating your baby girl or adding a magical touch to her space.<\/p>\n<p>Designed with love and attention to detail, this embroidery pattern is ideal for customizing baby clothes, blankets, nursery wall hangings, towels, and personalized gifts. The vibrant rainbow colors and adorable unicorn make it a delightful addition to any kids\u2019 room or special project. Whether you\u2019re creating a unique gift or decorating your nursery, this magical unicorn embroidery will bring joy and wonder to every detail.<\/p>\n<p>Caracter\u00edsticas principales:<br \/>\n* Dise\u00f1o de bordado de alta calidad perfecto para proyectos de bordado a m\u00e1quina<br \/>\n* Adecuado para ropa de beb\u00e9 ni\u00f1a, mantas, decoraci\u00f3n infantil y accesorios<br \/>\n* Incluye un encantador estampado de estrellas y un unicornio m\u00e1gico para un aspecto caprichoso<br \/>\n* F\u00e1cil de usar con instrucciones claras para entusiastas del bordado de todos los niveles<br \/>\n* Compatible con la mayor\u00eda de las m\u00e1quinas de bordar<\/p>\n<p>\ud83d\udccf Tama\u00f1os (solo en pulgadas de EE. UU.)<br \/>\nTodas las medidas de este anuncio est\u00e1n en pulgadas (EE. UU.), no en sistema m\u00e9trico (cm).<br \/>\nTama\u00f1os disponibles: 4\u00d74, 5\u00d77, 6\u00d710<\/p>\n<p>\ud83e\uddf5 Solo archivo de bordado digital<br \/>\nEste es un archivo de dise\u00f1o de bordado digital \u2014 no se enviar\u00e1 ning\u00fan producto f\u00edsico. Debes tener una m\u00e1quina de bordar para usar estos dise\u00f1os.<\/p>\n<p>\ud83d\udcc2 Formatos de archivo incluidos<br \/>\nTu descarga incluir\u00e1 los siguientes formatos de archivos de bordado:<br \/>\n\u2705 EMB, EXP, DST, HUS, PES, VP3, ART, JEF, PCS, CND, SEW, XXX, CSD<\/p>\n<p>\ud83d\udca1 \u00bfNecesitas un formato diferente? Cont\u00e1ctame antes de comprar.<br \/>\n\ud83d\udccc \u00bfNecesitas un tama\u00f1o personalizado? Por favor, cont\u00e1ctame antes de comprar.<\/p>\n<p>T\u00e9rminos de uso<\/p>\n<p>Puedes<br \/>\nUsar este archivo para proyectos personales<br \/>\nCrear art\u00edculos f\u00edsicos para vender (camisetas, bolsos, decoraci\u00f3n del hogar, etc.)<\/p>\n<p>No puede<br \/>\nNo comparta, venda ni distribuya este archivo digital.<br \/>\nNo revenda este archivo en ning\u00fan formato (no se puede vender tal cual).<\/p>\n<p>Informaci\u00f3n importante<\/p>\n<p>Este es un producto digital \u2014 no hay reembolsos.<br \/>\nLa calidad del bordado depende de los ajustes de su m\u00e1quina, la tensi\u00f3n del hilo, el estabilizador, la tela y la aguja.<br \/>\nPara una versi\u00f3n personalizada dise\u00f1ada para bordar en gorras, comun\u00edquese conmigo antes de comprar. Este servicio tiene un costo superior al listado est\u00e1ndar.<br \/>\nSe recomienda encarecidamente una puntada de prueba antes de la producci\u00f3n final.<\/p>\n<p>Satisfacci\u00f3n del cliente garantizada \ud83d\udcaf<br \/>\nSu satisfacci\u00f3n es muy importante para m\u00ed. Si tiene dudas o inconvenientes con su dise\u00f1o, cont\u00e1cteme cuando lo necesite \u2014 estar\u00e9 encantado de ayudarle.<\/p>\n<p>Gracias por visitar StitchedBySyed \ud83d\udc8c - \u00a1Feliz bordado de dise\u00f1o de costura!<\/p>","protected":false},"excerpt":{"rendered":"<p>Rainbow Unicorn Machine Embroidery filled Design for Baby Girl, perfect for nursery decor, princess accessories, and more! This enchanting embroidery features a charming unicorn surrounded by colorful stars, creating a fairy-tale vibe that\u2019s perfect for celebrating your baby girl or adding a magical touch to her space. Designed with love and attention to detail, this [&hellip;]<\/p>","protected":false},"featured_media":7693,"comment_status":"open","ping_status":"closed","template":"","meta":[],"product_brand":[],"product_cat":[183,159],"product_tag":[186,117,69,70,344,343,216,77,139,345,347,346,215],"class_list":{"0":"post-7692","1":"product","2":"type-product","3":"status-publish","4":"has-post-thumbnail","6":"product_cat-embroidery-machine-files","7":"product_cat-kids-embroidery-designs","8":"product_tag-baby-embroidery","9":"product_tag-embroidery-design","10":"product_tag-embroidery-file","11":"product_tag-embroidery-pattern","12":"product_tag-fantasy-embroidery","13":"product_tag-filled-design","14":"product_tag-girl-embroidery","15":"product_tag-instant-download","16":"product_tag-machine-embroidery","17":"product_tag-magical-embroidery","18":"product_tag-pes-embroidery","19":"product_tag-reading-pillow","20":"product_tag-unicorn-embroidery","22":"first","23":"instock","24":"sale","25":"downloadable","26":"taxable","27":"shipping-taxable","28":"purchasable","29":"product-type-simple"},"yoast_head":"<!-- This site is optimized with the Yoast SEO Premium plugin v26.2 (Yoast SEO v26.2) - https:\/\/yoast.com\/wordpress\/plugins\/seo\/ -->\n<title>Rainbow Unicorn Embroidery Design: Baby Girl Nursery (Digital File) - stitchedbysyed.com<\/title>\n<meta name=\"description\" content=\"Rainbow Unicorn Machine Embroidery filled Design for Baby Girl, perfect for nursery decor, princess accessories, and more!\" \/>\n<meta name=\"robots\" content=\"index, follow, max-snippet:-1, max-image-preview:large, max-video-preview:-1\" \/>\n<link rel=\"canonical\" href=\"https:\/\/stitchedbysyed.com\/es\/producto\/rainbow-unicorn-embroidery-design-baby-girl-nursery-digital-file\/\" \/>\n<meta property=\"og:locale\" content=\"es_ES\" \/>\n<meta property=\"og:type\" content=\"article\" \/>\n<meta property=\"og:title\" content=\"Rainbow Unicorn Embroidery Design: Baby Girl Nursery (Digital File)\" \/>\n<meta property=\"og:description\" content=\"Rainbow Unicorn Machine Embroidery filled Design for Baby Girl, perfect for nursery decor, princess accessories, and more!\" \/>\n<meta property=\"og:url\" content=\"https:\/\/stitchedbysyed.com\/es\/producto\/rainbow-unicorn-embroidery-design-baby-girl-nursery-digital-file\/\" \/>\n<meta property=\"og:site_name\" content=\"stitchedbysyed.com\" \/>\n<meta property=\"article:modified_time\" content=\"2025-11-04T05:23:24+00:00\" \/>\n<meta property=\"og:image\" content=\"https:\/\/stitchedbysyed.com\/wp-content\/uploads\/2025\/10\/il_fullxfull.7228541749_b6h2.jpg\" \/>\n\t<meta property=\"og:image:width\" content=\"1200\" \/>\n\t<meta property=\"og:image:height\" content=\"1200\" \/>\n\t<meta property=\"og:image:type\" content=\"image\/jpeg\" \/>\n<meta name=\"twitter:card\" content=\"summary_large_image\" \/>\n<meta name=\"twitter:label1\" content=\"Tiempo de lectura\" \/>\n\t<meta name=\"twitter:data1\" content=\"2 minutos\" \/>\n<script type=\"application\/ld+json\" class=\"yoast-schema-graph\">{\"@context\":\"https:\/\/schema.org\",\"@graph\":[{\"@type\":\"WebPage\",\"@id\":\"https:\/\/stitchedbysyed.com\/product\/rainbow-unicorn-embroidery-design-baby-girl-nursery-digital-file\/\",\"url\":\"https:\/\/stitchedbysyed.com\/product\/rainbow-unicorn-embroidery-design-baby-girl-nursery-digital-file\/\",\"name\":\"Rainbow Unicorn Embroidery Design: Baby Girl Nursery (Digital File) - stitchedbysyed.com\",\"isPartOf\":{\"@id\":\"https:\/\/stitchedbysyed.com\/#website\"},\"primaryImageOfPage\":{\"@id\":\"https:\/\/stitchedbysyed.com\/product\/rainbow-unicorn-embroidery-design-baby-girl-nursery-digital-file\/#primaryimage\"},\"image\":{\"@id\":\"https:\/\/stitchedbysyed.com\/product\/rainbow-unicorn-embroidery-design-baby-girl-nursery-digital-file\/#primaryimage\"},\"thumbnailUrl\":\"https:\/\/stitchedbysyed.com\/wp-content\/uploads\/2025\/10\/il_fullxfull.7228541749_b6h2.jpg\",\"datePublished\":\"2025-10-19T06:23:27+00:00\",\"dateModified\":\"2025-11-04T05:23:24+00:00\",\"description\":\"Rainbow Unicorn Machine Embroidery filled Design for Baby Girl, perfect for nursery decor, princess accessories, and more!\",\"breadcrumb\":{\"@id\":\"https:\/\/stitchedbysyed.com\/product\/rainbow-unicorn-embroidery-design-baby-girl-nursery-digital-file\/#breadcrumb\"},\"inLanguage\":\"es\",\"potentialAction\":[{\"@type\":\"ReadAction\",\"target\":[\"https:\/\/stitchedbysyed.com\/product\/rainbow-unicorn-embroidery-design-baby-girl-nursery-digital-file\/\"]}]},{\"@type\":\"ImageObject\",\"inLanguage\":\"es\",\"@id\":\"https:\/\/stitchedbysyed.com\/product\/rainbow-unicorn-embroidery-design-baby-girl-nursery-digital-file\/#primaryimage\",\"url\":\"https:\/\/stitchedbysyed.com\/wp-content\/uploads\/2025\/10\/il_fullxfull.7228541749_b6h2.jpg\",\"contentUrl\":\"https:\/\/stitchedbysyed.com\/wp-content\/uploads\/2025\/10\/il_fullxfull.7228541749_b6h2.jpg\",\"width\":1200,\"height\":1200},{\"@type\":\"BreadcrumbList\",\"@id\":\"https:\/\/stitchedbysyed.com\/product\/rainbow-unicorn-embroidery-design-baby-girl-nursery-digital-file\/#breadcrumb\",\"itemListElement\":[{\"@type\":\"ListItem\",\"position\":1,\"name\":\"Home\",\"item\":\"https:\/\/stitchedbysyed.com\/\"},{\"@type\":\"ListItem\",\"position\":2,\"name\":\"Shop\",\"item\":\"https:\/\/stitchedbysyed.com\/shop\/\"},{\"@type\":\"ListItem\",\"position\":3,\"name\":\"Rainbow Unicorn Embroidery Design: Baby Girl Nursery (Digital File)\"}]},{\"@type\":\"WebSite\",\"@id\":\"https:\/\/stitchedbysyed.com\/#website\",\"url\":\"https:\/\/stitchedbysyed.com\/\",\"name\":\"stitchedbysyed.com\",\"description\":\"\",\"publisher\":{\"@id\":\"https:\/\/stitchedbysyed.com\/#organization\"},\"potentialAction\":[{\"@type\":\"SearchAction\",\"target\":{\"@type\":\"EntryPoint\",\"urlTemplate\":\"https:\/\/stitchedbysyed.com\/?s={search_term_string}\"},\"query-input\":{\"@type\":\"PropertyValueSpecification\",\"valueRequired\":true,\"valueName\":\"search_term_string\"}}],\"inLanguage\":\"es\"},{\"@type\":\"Organization\",\"@id\":\"https:\/\/stitchedbysyed.com\/#organization\",\"name\":\"stitchedbysyed.com\",\"url\":\"https:\/\/stitchedbysyed.com\/\",\"logo\":{\"@type\":\"ImageObject\",\"inLanguage\":\"es\",\"@id\":\"https:\/\/stitchedbysyed.com\/#\/schema\/logo\/image\/\",\"url\":\"https:\/\/stitchedbysyed.com\/wp-content\/uploads\/2025\/10\/cropped-Stitchedbysyed_logo_dark.webp\",\"contentUrl\":\"https:\/\/stitchedbysyed.com\/wp-content\/uploads\/2025\/10\/cropped-Stitchedbysyed_logo_dark.webp\",\"width\":395,\"height\":162,\"caption\":\"stitchedbysyed.com\"},\"image\":{\"@id\":\"https:\/\/stitchedbysyed.com\/#\/schema\/logo\/image\/\"}}]}<\/script>\n<!-- \/ Yoast SEO Premium plugin. -->","yoast_head_json":{"title":"Rainbow Unicorn Embroidery Design: Baby Girl Nursery (Digital File) - stitchedbysyed.com","description":"Rainbow Unicorn Machine Embroidery filled Design for Baby Girl, perfect for nursery decor, princess accessories, and more!","robots":{"index":"index","follow":"follow","max-snippet":"max-snippet:-1","max-image-preview":"max-image-preview:large","max-video-preview":"max-video-preview:-1"},"canonical":"https:\/\/stitchedbysyed.com\/es\/producto\/rainbow-unicorn-embroidery-design-baby-girl-nursery-digital-file\/","og_locale":"es_ES","og_type":"article","og_title":"Rainbow Unicorn Embroidery Design: Baby Girl Nursery (Digital File)","og_description":"Rainbow Unicorn Machine Embroidery filled Design for Baby Girl, perfect for nursery decor, princess accessories, and more!","og_url":"https:\/\/stitchedbysyed.com\/es\/producto\/rainbow-unicorn-embroidery-design-baby-girl-nursery-digital-file\/","og_site_name":"stitchedbysyed.com","article_modified_time":"2025-11-04T05:23:24+00:00","og_image":[{"width":1200,"height":1200,"url":"https:\/\/stitchedbysyed.com\/wp-content\/uploads\/2025\/10\/il_fullxfull.7228541749_b6h2.jpg","type":"image\/jpeg"}],"twitter_card":"summary_large_image","twitter_misc":{"Tiempo de lectura":"2 minutos"},"schema":{"@context":"https:\/\/schema.org","@graph":[{"@type":"WebPage","@id":"https:\/\/stitchedbysyed.com\/product\/rainbow-unicorn-embroidery-design-baby-girl-nursery-digital-file\/","url":"https:\/\/stitchedbysyed.com\/product\/rainbow-unicorn-embroidery-design-baby-girl-nursery-digital-file\/","name":"Rainbow Unicorn Embroidery Design: Baby Girl Nursery (Digital File) - stitchedbysyed.com","isPartOf":{"@id":"https:\/\/stitchedbysyed.com\/#website"},"primaryImageOfPage":{"@id":"https:\/\/stitchedbysyed.com\/product\/rainbow-unicorn-embroidery-design-baby-girl-nursery-digital-file\/#primaryimage"},"image":{"@id":"https:\/\/stitchedbysyed.com\/product\/rainbow-unicorn-embroidery-design-baby-girl-nursery-digital-file\/#primaryimage"},"thumbnailUrl":"https:\/\/stitchedbysyed.com\/wp-content\/uploads\/2025\/10\/il_fullxfull.7228541749_b6h2.jpg","datePublished":"2025-10-19T06:23:27+00:00","dateModified":"2025-11-04T05:23:24+00:00","description":"Rainbow Unicorn Machine Embroidery filled Design for Baby Girl, perfect for nursery decor, princess accessories, and more!","breadcrumb":{"@id":"https:\/\/stitchedbysyed.com\/product\/rainbow-unicorn-embroidery-design-baby-girl-nursery-digital-file\/#breadcrumb"},"inLanguage":"es","potentialAction":[{"@type":"ReadAction","target":["https:\/\/stitchedbysyed.com\/product\/rainbow-unicorn-embroidery-design-baby-girl-nursery-digital-file\/"]}]},{"@type":"ImageObject","inLanguage":"es","@id":"https:\/\/stitchedbysyed.com\/product\/rainbow-unicorn-embroidery-design-baby-girl-nursery-digital-file\/#primaryimage","url":"https:\/\/stitchedbysyed.com\/wp-content\/uploads\/2025\/10\/il_fullxfull.7228541749_b6h2.jpg","contentUrl":"https:\/\/stitchedbysyed.com\/wp-content\/uploads\/2025\/10\/il_fullxfull.7228541749_b6h2.jpg","width":1200,"height":1200},{"@type":"BreadcrumbList","@id":"https:\/\/stitchedbysyed.com\/product\/rainbow-unicorn-embroidery-design-baby-girl-nursery-digital-file\/#breadcrumb","itemListElement":[{"@type":"ListItem","position":1,"name":"Home","item":"https:\/\/stitchedbysyed.com\/"},{"@type":"ListItem","position":2,"name":"Shop","item":"https:\/\/stitchedbysyed.com\/shop\/"},{"@type":"ListItem","position":3,"name":"Rainbow Unicorn Embroidery Design: Baby Girl Nursery (Digital File)"}]},{"@type":"WebSite","@id":"https:\/\/stitchedbysyed.com\/#website","url":"https:\/\/stitchedbysyed.com\/","name":"stitchedbysyed.com","description":"","publisher":{"@id":"https:\/\/stitchedbysyed.com\/#organization"},"potentialAction":[{"@type":"SearchAction","target":{"@type":"EntryPoint","urlTemplate":"https:\/\/stitchedbysyed.com\/?s={search_term_string}"},"query-input":{"@type":"PropertyValueSpecification","valueRequired":true,"valueName":"search_term_string"}}],"inLanguage":"es"},{"@type":"Organization","@id":"https:\/\/stitchedbysyed.com\/#organization","name":"stitchedbysyed.com","url":"https:\/\/stitchedbysyed.com\/","logo":{"@type":"ImageObject","inLanguage":"es","@id":"https:\/\/stitchedbysyed.com\/#\/schema\/logo\/image\/","url":"https:\/\/stitchedbysyed.com\/wp-content\/uploads\/2025\/10\/cropped-Stitchedbysyed_logo_dark.webp","contentUrl":"https:\/\/stitchedbysyed.com\/wp-content\/uploads\/2025\/10\/cropped-Stitchedbysyed_logo_dark.webp","width":395,"height":162,"caption":"stitchedbysyed.com"},"image":{"@id":"https:\/\/stitchedbysyed.com\/#\/schema\/logo\/image\/"}}]}},"_links":{"self":[{"href":"https:\/\/stitchedbysyed.com\/es\/wp-json\/wp\/v2\/product\/7692","targetHints":{"allow":["GET"]}}],"collection":[{"href":"https:\/\/stitchedbysyed.com\/es\/wp-json\/wp\/v2\/product"}],"about":[{"href":"https:\/\/stitchedbysyed.com\/es\/wp-json\/wp\/v2\/types\/product"}],"replies":[{"embeddable":true,"href":"https:\/\/stitchedbysyed.com\/es\/wp-json\/wp\/v2\/comments?post=7692"}],"wp:featuredmedia":[{"embeddable":true,"href":"https:\/\/stitchedbysyed.com\/es\/wp-json\/wp\/v2\/media\/7693"}],"wp:attachment":[{"href":"https:\/\/stitchedbysyed.com\/es\/wp-json\/wp\/v2\/media?parent=7692"}],"wp:term":[{"taxonomy":"product_brand","embeddable":true,"href":"https:\/\/stitchedbysyed.com\/es\/wp-json\/wp\/v2\/product_brand?post=7692"},{"taxonomy":"product_cat","embeddable":true,"href":"https:\/\/stitchedbysyed.com\/es\/wp-json\/wp\/v2\/product_cat?post=7692"},{"taxonomy":"product_tag","embeddable":true,"href":"https:\/\/stitchedbysyed.com\/es\/wp-json\/wp\/v2\/product_tag?post=7692"}],"curies":[{"name":"wp","href":"https:\/\/api.w.org\/{rel}","templated":true}]}}