{"id":7668,"date":"2025-10-19T06:22:42","date_gmt":"2025-10-19T06:22:42","guid":{"rendered":"https:\/\/stitchedbysyed.com\/product\/unicorn-machine-embroidery-design-baby-girl-stars-4x4-5x7-6x10-digital-download\/"},"modified":"2025-11-04T05:23:02","modified_gmt":"2025-11-04T05:23:02","slug":"unicornio-bordado-a-maquina-diseno-bebe-nina-estrellas-4x4-5x7-6x10-descarga-digital","status":"publish","type":"product","link":"https:\/\/stitchedbysyed.com\/es\/producto\/unicornio-bordado-a-maquina-diseno-bebe-nina-estrellas-4x4-5x7-6x10-descarga-digital\/","title":{"rendered":"Dise\u00f1o de bordado a m\u00e1quina de unicornio \u2013 ni\u00f1a beb\u00e9, estrellas (4\u00d74, 5\u00d77, 6\u00d710) (descarga digital)"},"content":{"rendered":"<p>Este es un dise\u00f1o de bordado a m\u00e1quina de descarga digital de un UNICORN, dise\u00f1o relleno, descarga instant\u00e1nea.<br \/>\nPuedes consultar nuestros otros dise\u00f1os aqu\u00ed: www.etsy.com\/shop\/StitchedBySyed \u00a1y aseg\u00farate de marcar como favoritos los que te hayan gustado! \u2764\ufe0f<\/p>\n<p>Caracter\u00edsticas principales:<br \/>\n* Dise\u00f1o de bordado de alta calidad perfecto para proyectos de bordado a m\u00e1quina<br \/>\n* Adecuado para ropa de beb\u00e9 ni\u00f1a, mantas, decoraci\u00f3n infantil y accesorios<br \/>\n* Incluye un encantador estampado de estrellas y un unicornio m\u00e1gico para un aspecto caprichoso<br \/>\n* F\u00e1cil de usar con instrucciones claras para entusiastas del bordado de todos los niveles<br \/>\n* Compatible con la mayor\u00eda de las m\u00e1quinas de bordar<\/p>\n<p>\ud83d\udccf Tama\u00f1os (solo en pulgadas de EE. UU.)<br \/>\nTodas las medidas de este anuncio est\u00e1n en pulgadas (EE. UU.), no en sistema m\u00e9trico (cm).<br \/>\nTama\u00f1os disponibles: 4\u00d74, 5\u00d77, 6\u00d710<\/p>\n<p>\ud83e\uddf5 Solo archivo de bordado digital<br \/>\nEste es un archivo de dise\u00f1o de bordado digital \u2014 no se enviar\u00e1 ning\u00fan producto f\u00edsico. Debes tener una m\u00e1quina de bordar para usar estos dise\u00f1os.<\/p>\n<p>\ud83d\udcc2 Formatos de archivo incluidos<br \/>\nTu descarga incluir\u00e1 los siguientes formatos de archivos de bordado:<br \/>\n\u2705 EMB, EXP, DST, HUS, PES, VP3, ART, JEF, PCS, CND, SEW, XXX, CSD<\/p>\n<p>\ud83d\udca1 \u00bfNecesitas un formato diferente? Cont\u00e1ctame antes de comprar.<br \/>\n\ud83d\udccc \u00bfNecesitas un tama\u00f1o personalizado? Por favor, cont\u00e1ctame antes de comprar.<\/p>\n<p>T\u00e9rminos de uso<\/p>\n<p>Puedes<br \/>\nUsar este archivo para proyectos personales<br \/>\nCrear art\u00edculos f\u00edsicos para vender (camisetas, bolsos, decoraci\u00f3n del hogar, etc.)<\/p>\n<p>No puede<br \/>\nNo comparta, venda ni distribuya este archivo digital.<br \/>\nNo revenda este archivo en ning\u00fan formato (no se puede vender tal cual).<\/p>\n<p>Informaci\u00f3n importante<\/p>\n<p>Este es un producto digital \u2014 no hay reembolsos.<br \/>\nLa calidad del bordado depende de los ajustes de su m\u00e1quina, la tensi\u00f3n del hilo, el estabilizador, la tela y la aguja.<br \/>\nPara una versi\u00f3n personalizada dise\u00f1ada para bordar en gorras, comun\u00edquese conmigo antes de comprar. Este servicio tiene un costo superior al listado est\u00e1ndar.<br \/>\nSe recomienda encarecidamente una puntada de prueba antes de la producci\u00f3n final.<\/p>\n<p>Satisfacci\u00f3n del cliente garantizada \ud83d\udcaf<br \/>\nSu satisfacci\u00f3n es muy importante para m\u00ed. Si tiene dudas o inconvenientes con su dise\u00f1o, cont\u00e1cteme cuando lo necesite \u2014 estar\u00e9 encantado de ayudarle.<\/p>\n<p>Gracias por visitar StitchedBySyed \ud83d\udc8c - \u00a1Feliz bordado de dise\u00f1o de costura!<\/p>","protected":false},"excerpt":{"rendered":"<p>This is a digital download machine embroidery design of a UNICORN, filled design, instant download. You can check our other designs here: www.etsy.com\/shop\/StitchedBySyed and make sure to favorite the ones you liked! \u2764\ufe0f Key features: * High-quality embroidery design perfect for machine embroidery projects * Suitable for baby girl clothes, blankets, nursery decor, and accessories [&hellip;]<\/p>","protected":false},"featured_media":7669,"comment_status":"open","ping_status":"closed","template":"","meta":[],"product_brand":[],"product_cat":[183,159],"product_tag":[186,117,69,70,344,343,216,77,139,345,347,346,215],"class_list":{"0":"post-7668","1":"product","2":"type-product","3":"status-publish","4":"has-post-thumbnail","6":"product_cat-embroidery-machine-files","7":"product_cat-kids-embroidery-designs","8":"product_tag-baby-embroidery","9":"product_tag-embroidery-design","10":"product_tag-embroidery-file","11":"product_tag-embroidery-pattern","12":"product_tag-fantasy-embroidery","13":"product_tag-filled-design","14":"product_tag-girl-embroidery","15":"product_tag-instant-download","16":"product_tag-machine-embroidery","17":"product_tag-magical-embroidery","18":"product_tag-pes-embroidery","19":"product_tag-reading-pillow","20":"product_tag-unicorn-embroidery","22":"first","23":"instock","24":"sale","25":"downloadable","26":"taxable","27":"shipping-taxable","28":"purchasable","29":"product-type-simple"},"yoast_head":"<!-- This site is optimized with the Yoast SEO Premium plugin v26.2 (Yoast SEO v26.2) - https:\/\/yoast.com\/wordpress\/plugins\/seo\/ -->\n<title>Unicorn Machine Embroidery Design: Baby Girl, Stars (4x4, 5x7, 6x10) (Digital Download) - stitchedbysyed.com<\/title>\n<meta name=\"description\" content=\"This is a digital download machine embroidery design of a UNICORN, filled design, instant download.\" \/>\n<meta name=\"robots\" content=\"index, follow, max-snippet:-1, max-image-preview:large, max-video-preview:-1\" \/>\n<link rel=\"canonical\" href=\"https:\/\/stitchedbysyed.com\/es\/producto\/unicornio-bordado-a-maquina-diseno-bebe-nina-estrellas-4x4-5x7-6x10-descarga-digital\/\" \/>\n<meta property=\"og:locale\" content=\"es_ES\" \/>\n<meta property=\"og:type\" content=\"article\" \/>\n<meta property=\"og:title\" content=\"Unicorn Machine Embroidery Design: Baby Girl, Stars (4x4, 5x7, 6x10) (Digital Download)\" \/>\n<meta property=\"og:description\" content=\"This is a digital download machine embroidery design of a UNICORN, filled design, instant download.\" \/>\n<meta property=\"og:url\" content=\"https:\/\/stitchedbysyed.com\/es\/producto\/unicornio-bordado-a-maquina-diseno-bebe-nina-estrellas-4x4-5x7-6x10-descarga-digital\/\" \/>\n<meta property=\"og:site_name\" content=\"stitchedbysyed.com\" \/>\n<meta property=\"article:modified_time\" content=\"2025-11-04T05:23:02+00:00\" \/>\n<meta property=\"og:image\" content=\"https:\/\/stitchedbysyed.com\/wp-content\/uploads\/2025\/10\/il_fullxfull.7240616717_js49.jpg\" \/>\n\t<meta property=\"og:image:width\" content=\"1200\" \/>\n\t<meta property=\"og:image:height\" content=\"1200\" \/>\n\t<meta property=\"og:image:type\" content=\"image\/jpeg\" \/>\n<meta name=\"twitter:card\" content=\"summary_large_image\" \/>\n<meta name=\"twitter:label1\" content=\"Tiempo de lectura\" \/>\n\t<meta name=\"twitter:data1\" content=\"2 minutos\" \/>\n<script type=\"application\/ld+json\" class=\"yoast-schema-graph\">{\"@context\":\"https:\/\/schema.org\",\"@graph\":[{\"@type\":\"WebPage\",\"@id\":\"https:\/\/stitchedbysyed.com\/product\/unicorn-machine-embroidery-design-baby-girl-stars-4x4-5x7-6x10-digital-download\/\",\"url\":\"https:\/\/stitchedbysyed.com\/product\/unicorn-machine-embroidery-design-baby-girl-stars-4x4-5x7-6x10-digital-download\/\",\"name\":\"Unicorn Machine Embroidery Design: Baby Girl, Stars (4x4, 5x7, 6x10) (Digital Download) - stitchedbysyed.com\",\"isPartOf\":{\"@id\":\"https:\/\/stitchedbysyed.com\/#website\"},\"primaryImageOfPage\":{\"@id\":\"https:\/\/stitchedbysyed.com\/product\/unicorn-machine-embroidery-design-baby-girl-stars-4x4-5x7-6x10-digital-download\/#primaryimage\"},\"image\":{\"@id\":\"https:\/\/stitchedbysyed.com\/product\/unicorn-machine-embroidery-design-baby-girl-stars-4x4-5x7-6x10-digital-download\/#primaryimage\"},\"thumbnailUrl\":\"https:\/\/stitchedbysyed.com\/wp-content\/uploads\/2025\/10\/il_fullxfull.7240616717_js49.jpg\",\"datePublished\":\"2025-10-19T06:22:42+00:00\",\"dateModified\":\"2025-11-04T05:23:02+00:00\",\"description\":\"This is a digital download machine embroidery design of a UNICORN, filled design, instant download.\",\"breadcrumb\":{\"@id\":\"https:\/\/stitchedbysyed.com\/product\/unicorn-machine-embroidery-design-baby-girl-stars-4x4-5x7-6x10-digital-download\/#breadcrumb\"},\"inLanguage\":\"es\",\"potentialAction\":[{\"@type\":\"ReadAction\",\"target\":[\"https:\/\/stitchedbysyed.com\/product\/unicorn-machine-embroidery-design-baby-girl-stars-4x4-5x7-6x10-digital-download\/\"]}]},{\"@type\":\"ImageObject\",\"inLanguage\":\"es\",\"@id\":\"https:\/\/stitchedbysyed.com\/product\/unicorn-machine-embroidery-design-baby-girl-stars-4x4-5x7-6x10-digital-download\/#primaryimage\",\"url\":\"https:\/\/stitchedbysyed.com\/wp-content\/uploads\/2025\/10\/il_fullxfull.7240616717_js49.jpg\",\"contentUrl\":\"https:\/\/stitchedbysyed.com\/wp-content\/uploads\/2025\/10\/il_fullxfull.7240616717_js49.jpg\",\"width\":1200,\"height\":1200},{\"@type\":\"BreadcrumbList\",\"@id\":\"https:\/\/stitchedbysyed.com\/product\/unicorn-machine-embroidery-design-baby-girl-stars-4x4-5x7-6x10-digital-download\/#breadcrumb\",\"itemListElement\":[{\"@type\":\"ListItem\",\"position\":1,\"name\":\"Home\",\"item\":\"https:\/\/stitchedbysyed.com\/\"},{\"@type\":\"ListItem\",\"position\":2,\"name\":\"Shop\",\"item\":\"https:\/\/stitchedbysyed.com\/shop\/\"},{\"@type\":\"ListItem\",\"position\":3,\"name\":\"Unicorn Machine Embroidery Design: Baby Girl, Stars (4&#215;4, 5&#215;7, 6&#215;10) (Digital Download)\"}]},{\"@type\":\"WebSite\",\"@id\":\"https:\/\/stitchedbysyed.com\/#website\",\"url\":\"https:\/\/stitchedbysyed.com\/\",\"name\":\"stitchedbysyed.com\",\"description\":\"\",\"publisher\":{\"@id\":\"https:\/\/stitchedbysyed.com\/#organization\"},\"potentialAction\":[{\"@type\":\"SearchAction\",\"target\":{\"@type\":\"EntryPoint\",\"urlTemplate\":\"https:\/\/stitchedbysyed.com\/?s={search_term_string}\"},\"query-input\":{\"@type\":\"PropertyValueSpecification\",\"valueRequired\":true,\"valueName\":\"search_term_string\"}}],\"inLanguage\":\"es\"},{\"@type\":\"Organization\",\"@id\":\"https:\/\/stitchedbysyed.com\/#organization\",\"name\":\"stitchedbysyed.com\",\"url\":\"https:\/\/stitchedbysyed.com\/\",\"logo\":{\"@type\":\"ImageObject\",\"inLanguage\":\"es\",\"@id\":\"https:\/\/stitchedbysyed.com\/#\/schema\/logo\/image\/\",\"url\":\"https:\/\/stitchedbysyed.com\/wp-content\/uploads\/2025\/10\/cropped-Stitchedbysyed_logo_dark.webp\",\"contentUrl\":\"https:\/\/stitchedbysyed.com\/wp-content\/uploads\/2025\/10\/cropped-Stitchedbysyed_logo_dark.webp\",\"width\":395,\"height\":162,\"caption\":\"stitchedbysyed.com\"},\"image\":{\"@id\":\"https:\/\/stitchedbysyed.com\/#\/schema\/logo\/image\/\"}}]}<\/script>\n<!-- \/ Yoast SEO Premium plugin. -->","yoast_head_json":{"title":"Unicornio Bordado a M\u00e1quina: Baby Girl, Estrellas (4x4, 5x7, 6x10) (Descarga Digital) - stitchedbysyed.com","description":"Este es un dise\u00f1o de bordado a m\u00e1quina de descarga digital de un UNICORN, dise\u00f1o relleno, descarga instant\u00e1nea.","robots":{"index":"index","follow":"follow","max-snippet":"max-snippet:-1","max-image-preview":"max-image-preview:large","max-video-preview":"max-video-preview:-1"},"canonical":"https:\/\/stitchedbysyed.com\/es\/producto\/unicornio-bordado-a-maquina-diseno-bebe-nina-estrellas-4x4-5x7-6x10-descarga-digital\/","og_locale":"es_ES","og_type":"article","og_title":"Unicorn Machine Embroidery Design: Baby Girl, Stars (4x4, 5x7, 6x10) (Digital Download)","og_description":"This is a digital download machine embroidery design of a UNICORN, filled design, instant download.","og_url":"https:\/\/stitchedbysyed.com\/es\/producto\/unicornio-bordado-a-maquina-diseno-bebe-nina-estrellas-4x4-5x7-6x10-descarga-digital\/","og_site_name":"stitchedbysyed.com","article_modified_time":"2025-11-04T05:23:02+00:00","og_image":[{"width":1200,"height":1200,"url":"https:\/\/stitchedbysyed.com\/wp-content\/uploads\/2025\/10\/il_fullxfull.7240616717_js49.jpg","type":"image\/jpeg"}],"twitter_card":"summary_large_image","twitter_misc":{"Tiempo de lectura":"2 minutos"},"schema":{"@context":"https:\/\/schema.org","@graph":[{"@type":"WebPage","@id":"https:\/\/stitchedbysyed.com\/product\/unicorn-machine-embroidery-design-baby-girl-stars-4x4-5x7-6x10-digital-download\/","url":"https:\/\/stitchedbysyed.com\/product\/unicorn-machine-embroidery-design-baby-girl-stars-4x4-5x7-6x10-digital-download\/","name":"Unicornio Bordado a M\u00e1quina: Baby Girl, Estrellas (4x4, 5x7, 6x10) (Descarga Digital) - stitchedbysyed.com","isPartOf":{"@id":"https:\/\/stitchedbysyed.com\/#website"},"primaryImageOfPage":{"@id":"https:\/\/stitchedbysyed.com\/product\/unicorn-machine-embroidery-design-baby-girl-stars-4x4-5x7-6x10-digital-download\/#primaryimage"},"image":{"@id":"https:\/\/stitchedbysyed.com\/product\/unicorn-machine-embroidery-design-baby-girl-stars-4x4-5x7-6x10-digital-download\/#primaryimage"},"thumbnailUrl":"https:\/\/stitchedbysyed.com\/wp-content\/uploads\/2025\/10\/il_fullxfull.7240616717_js49.jpg","datePublished":"2025-10-19T06:22:42+00:00","dateModified":"2025-11-04T05:23:02+00:00","description":"Este es un dise\u00f1o de bordado a m\u00e1quina de descarga digital de un UNICORN, dise\u00f1o relleno, descarga instant\u00e1nea.","breadcrumb":{"@id":"https:\/\/stitchedbysyed.com\/product\/unicorn-machine-embroidery-design-baby-girl-stars-4x4-5x7-6x10-digital-download\/#breadcrumb"},"inLanguage":"es","potentialAction":[{"@type":"ReadAction","target":["https:\/\/stitchedbysyed.com\/product\/unicorn-machine-embroidery-design-baby-girl-stars-4x4-5x7-6x10-digital-download\/"]}]},{"@type":"ImageObject","inLanguage":"es","@id":"https:\/\/stitchedbysyed.com\/product\/unicorn-machine-embroidery-design-baby-girl-stars-4x4-5x7-6x10-digital-download\/#primaryimage","url":"https:\/\/stitchedbysyed.com\/wp-content\/uploads\/2025\/10\/il_fullxfull.7240616717_js49.jpg","contentUrl":"https:\/\/stitchedbysyed.com\/wp-content\/uploads\/2025\/10\/il_fullxfull.7240616717_js49.jpg","width":1200,"height":1200},{"@type":"BreadcrumbList","@id":"https:\/\/stitchedbysyed.com\/product\/unicorn-machine-embroidery-design-baby-girl-stars-4x4-5x7-6x10-digital-download\/#breadcrumb","itemListElement":[{"@type":"ListItem","position":1,"name":"Home","item":"https:\/\/stitchedbysyed.com\/"},{"@type":"ListItem","position":2,"name":"Shop","item":"https:\/\/stitchedbysyed.com\/shop\/"},{"@type":"ListItem","position":3,"name":"Unicorn Machine Embroidery Design: Baby Girl, Stars (4&#215;4, 5&#215;7, 6&#215;10) (Digital Download)"}]},{"@type":"WebSite","@id":"https:\/\/stitchedbysyed.com\/#website","url":"https:\/\/stitchedbysyed.com\/","name":"stitchedbysyed.com","description":"","publisher":{"@id":"https:\/\/stitchedbysyed.com\/#organization"},"potentialAction":[{"@type":"SearchAction","target":{"@type":"EntryPoint","urlTemplate":"https:\/\/stitchedbysyed.com\/?s={search_term_string}"},"query-input":{"@type":"PropertyValueSpecification","valueRequired":true,"valueName":"search_term_string"}}],"inLanguage":"es"},{"@type":"Organization","@id":"https:\/\/stitchedbysyed.com\/#organization","name":"stitchedbysyed.com","url":"https:\/\/stitchedbysyed.com\/","logo":{"@type":"ImageObject","inLanguage":"es","@id":"https:\/\/stitchedbysyed.com\/#\/schema\/logo\/image\/","url":"https:\/\/stitchedbysyed.com\/wp-content\/uploads\/2025\/10\/cropped-Stitchedbysyed_logo_dark.webp","contentUrl":"https:\/\/stitchedbysyed.com\/wp-content\/uploads\/2025\/10\/cropped-Stitchedbysyed_logo_dark.webp","width":395,"height":162,"caption":"stitchedbysyed.com"},"image":{"@id":"https:\/\/stitchedbysyed.com\/#\/schema\/logo\/image\/"}}]}},"_links":{"self":[{"href":"https:\/\/stitchedbysyed.com\/es\/wp-json\/wp\/v2\/product\/7668","targetHints":{"allow":["GET"]}}],"collection":[{"href":"https:\/\/stitchedbysyed.com\/es\/wp-json\/wp\/v2\/product"}],"about":[{"href":"https:\/\/stitchedbysyed.com\/es\/wp-json\/wp\/v2\/types\/product"}],"replies":[{"embeddable":true,"href":"https:\/\/stitchedbysyed.com\/es\/wp-json\/wp\/v2\/comments?post=7668"}],"wp:featuredmedia":[{"embeddable":true,"href":"https:\/\/stitchedbysyed.com\/es\/wp-json\/wp\/v2\/media\/7669"}],"wp:attachment":[{"href":"https:\/\/stitchedbysyed.com\/es\/wp-json\/wp\/v2\/media?parent=7668"}],"wp:term":[{"taxonomy":"product_brand","embeddable":true,"href":"https:\/\/stitchedbysyed.com\/es\/wp-json\/wp\/v2\/product_brand?post=7668"},{"taxonomy":"product_cat","embeddable":true,"href":"https:\/\/stitchedbysyed.com\/es\/wp-json\/wp\/v2\/product_cat?post=7668"},{"taxonomy":"product_tag","embeddable":true,"href":"https:\/\/stitchedbysyed.com\/es\/wp-json\/wp\/v2\/product_tag?post=7668"}],"curies":[{"name":"wp","href":"https:\/\/api.w.org\/{rel}","templated":true}]}}