{"id":7651,"date":"2025-10-19T06:21:49","date_gmt":"2025-10-19T06:21:49","guid":{"rendered":"https:\/\/stitchedbysyed.com\/product\/angel-unicorn-embroidery-design-rainbow-nursery-decor-princess-kids-room-pattern-digital-file\/"},"modified":"2025-11-04T05:22:46","modified_gmt":"2025-11-04T05:22:46","slug":"angel-unicorn-embroidery-design-rainbow-nursery-decor-princess-kids-room-pattern-digital-file","status":"publish","type":"product","link":"https:\/\/stitchedbysyed.com\/es\/producto\/angel-unicorn-embroidery-design-rainbow-nursery-decor-princess-kids-room-pattern-digital-file\/","title":{"rendered":"Angel Unicorn Embroidery Design: rainbow nursery decor, princess &#038; kids room pattern (Digital File)"},"content":{"rendered":"<p>Bring a touch of magic to your projects with this Unicorn Outline Embroidery Design! Featuring a beautifully detailed unicorn head with flowing mane and iconic horn, this design is perfect for adding a fantasy vibe to kids\u2019 clothing, tote bags, pillow covers, and party d\u00e9cor.<\/p>\n<p>This high-quality digital file is carefully digitized for smooth stitching and clean results. Whether you\u2019re working on unicorn party decor, magical nursery themes, or custom handmade gifts, this embroidery design is sure to impress.<\/p>\n<p>\ud83d\udccf Tama\u00f1os (solo en pulgadas de EE. UU.)<br \/>\nTodas las medidas de este anuncio est\u00e1n en pulgadas (EE. UU.), no en sistema m\u00e9trico (cm).<br \/>\nTama\u00f1os disponibles: 4\u00d74, 5\u00d77, 6\u00d710<\/p>\n<p>\ud83e\uddf5 Solo archivo de bordado digital<br \/>\nEste es un archivo de dise\u00f1o de bordado digital \u2014 no se enviar\u00e1 ning\u00fan producto f\u00edsico. Debes tener una m\u00e1quina de bordar para usar estos dise\u00f1os.<\/p>\n<p>\ud83d\udcc2 Formatos de archivo incluidos<br \/>\nTu descarga incluir\u00e1 los siguientes formatos de archivos de bordado:<br \/>\n\u2705 EMB, EXP, DST, HUS, PES, VP3, ART, JEF, PCS, CND, SEW, XXX, CSD<\/p>\n<p>\ud83d\udca1 \u00bfNecesitas un formato diferente? Cont\u00e1ctame antes de comprar.<br \/>\n\ud83d\udccc \u00bfNecesitas un tama\u00f1o personalizado? Por favor, cont\u00e1ctame antes de comprar.<\/p>\n<p>T\u00e9rminos de uso<\/p>\n<p>Puedes<br \/>\nUsar este archivo para proyectos personales<br \/>\nCrear art\u00edculos f\u00edsicos para vender (camisetas, bolsos, decoraci\u00f3n del hogar, etc.)<\/p>\n<p>No puede<br \/>\nNo comparta, venda ni distribuya este archivo digital.<br \/>\nNo revenda este archivo en ning\u00fan formato (no se puede vender tal cual).<\/p>\n<p>Informaci\u00f3n importante<\/p>\n<p>Este es un producto digital \u2014 no hay reembolsos.<br \/>\nLa calidad del bordado depende de los ajustes de su m\u00e1quina, la tensi\u00f3n del hilo, el estabilizador, la tela y la aguja.<br \/>\nPara una versi\u00f3n personalizada dise\u00f1ada para bordar en gorras, comun\u00edquese conmigo antes de comprar. Este servicio tiene un costo superior al listado est\u00e1ndar.<br \/>\nSe recomienda encarecidamente una puntada de prueba antes de la producci\u00f3n final.<\/p>\n<p>Satisfacci\u00f3n del cliente garantizada \ud83d\udcaf<br \/>\nSu satisfacci\u00f3n es muy importante para m\u00ed. Si tiene dudas o inconvenientes con su dise\u00f1o, cont\u00e1cteme cuando lo necesite \u2014 estar\u00e9 encantado de ayudarle.<\/p>\n<p>Gracias por visitar StitchedBySyed \ud83d\udc8c - \u00a1Feliz bordado de dise\u00f1o de costura!<\/p>","protected":false},"excerpt":{"rendered":"<p>Bring a touch of magic to your projects with this Unicorn Outline Embroidery Design! Featuring a beautifully detailed unicorn head with flowing mane and iconic horn, this design is perfect for adding a fantasy vibe to kids\u2019 clothing, tote bags, pillow covers, and party d\u00e9cor. This high-quality digital file is carefully digitized for smooth stitching [&hellip;]<\/p>","protected":false},"featured_media":7652,"comment_status":"open","ping_status":"closed","template":"","meta":[],"product_brand":[],"product_cat":[183,159],"product_tag":[325,98,117,216,185,326,139,221,217,214,327,218,328],"class_list":{"0":"post-7651","1":"product","2":"type-product","3":"status-publish","4":"has-post-thumbnail","6":"product_cat-embroidery-machine-files","7":"product_cat-kids-embroidery-designs","8":"product_tag-angel","9":"product_tag-animal-embroidery","10":"product_tag-embroidery-design","11":"product_tag-girl-embroidery","12":"product_tag-kids-embroidery","13":"product_tag-little-sister","14":"product_tag-machine-embroidery","15":"product_tag-magical-unicorn","16":"product_tag-personalized-name","17":"product_tag-rainbow-embroidery","18":"product_tag-rainbow-nursery","19":"product_tag-star-embroidery","20":"product_tag-unicorn-party-decor","22":"first","23":"instock","24":"sale","25":"downloadable","26":"taxable","27":"shipping-taxable","28":"purchasable","29":"product-type-simple"},"yoast_head":"<!-- This site is optimized with the Yoast SEO Premium plugin v26.2 (Yoast SEO v26.2) - https:\/\/yoast.com\/wordpress\/plugins\/seo\/ -->\n<title>Angel Unicorn Embroidery Design: rainbow nursery decor, princess &amp; kids room pattern (Digital File) - stitchedbysyed.com<\/title>\n<meta name=\"description\" content=\"this Unicorn Outline Embroidery Design! Featuring a beautifully detailed unicorn head with flowing mane and iconic horn, this design is perfect for adding a fantasy vibe to kids\u2019 clothing, tote bags, pillow covers, and party d\u00e9cor.\" \/>\n<meta name=\"robots\" content=\"index, follow, max-snippet:-1, max-image-preview:large, max-video-preview:-1\" \/>\n<link rel=\"canonical\" href=\"https:\/\/stitchedbysyed.com\/es\/producto\/angel-unicorn-embroidery-design-rainbow-nursery-decor-princess-kids-room-pattern-digital-file\/\" \/>\n<meta property=\"og:locale\" content=\"es_ES\" \/>\n<meta property=\"og:type\" content=\"article\" \/>\n<meta property=\"og:title\" content=\"Angel Unicorn Embroidery Design: rainbow nursery decor, princess &amp; kids room pattern (Digital File)\" \/>\n<meta property=\"og:description\" content=\"this Unicorn Outline Embroidery Design! Featuring a beautifully detailed unicorn head with flowing mane and iconic horn, this design is perfect for adding a fantasy vibe to kids\u2019 clothing, tote bags, pillow covers, and party d\u00e9cor.\" \/>\n<meta property=\"og:url\" content=\"https:\/\/stitchedbysyed.com\/es\/producto\/angel-unicorn-embroidery-design-rainbow-nursery-decor-princess-kids-room-pattern-digital-file\/\" \/>\n<meta property=\"og:site_name\" content=\"stitchedbysyed.com\" \/>\n<meta property=\"article:modified_time\" content=\"2025-11-04T05:22:46+00:00\" \/>\n<meta property=\"og:image\" content=\"https:\/\/stitchedbysyed.com\/wp-content\/uploads\/2025\/10\/il_fullxfull.7195273188_fuoq.jpg\" \/>\n\t<meta property=\"og:image:width\" content=\"2048\" \/>\n\t<meta property=\"og:image:height\" content=\"2048\" \/>\n\t<meta property=\"og:image:type\" content=\"image\/jpeg\" \/>\n<meta name=\"twitter:card\" content=\"summary_large_image\" \/>\n<meta name=\"twitter:label1\" content=\"Tiempo de lectura\" \/>\n\t<meta name=\"twitter:data1\" content=\"2 minutos\" \/>\n<script type=\"application\/ld+json\" class=\"yoast-schema-graph\">{\"@context\":\"https:\/\/schema.org\",\"@graph\":[{\"@type\":\"WebPage\",\"@id\":\"https:\/\/stitchedbysyed.com\/product\/angel-unicorn-embroidery-design-rainbow-nursery-decor-princess-kids-room-pattern-digital-file\/\",\"url\":\"https:\/\/stitchedbysyed.com\/product\/angel-unicorn-embroidery-design-rainbow-nursery-decor-princess-kids-room-pattern-digital-file\/\",\"name\":\"Angel Unicorn Embroidery Design: rainbow nursery decor, princess & kids room pattern (Digital File) - stitchedbysyed.com\",\"isPartOf\":{\"@id\":\"https:\/\/stitchedbysyed.com\/#website\"},\"primaryImageOfPage\":{\"@id\":\"https:\/\/stitchedbysyed.com\/product\/angel-unicorn-embroidery-design-rainbow-nursery-decor-princess-kids-room-pattern-digital-file\/#primaryimage\"},\"image\":{\"@id\":\"https:\/\/stitchedbysyed.com\/product\/angel-unicorn-embroidery-design-rainbow-nursery-decor-princess-kids-room-pattern-digital-file\/#primaryimage\"},\"thumbnailUrl\":\"https:\/\/stitchedbysyed.com\/wp-content\/uploads\/2025\/10\/il_fullxfull.7195273188_fuoq.jpg\",\"datePublished\":\"2025-10-19T06:21:49+00:00\",\"dateModified\":\"2025-11-04T05:22:46+00:00\",\"description\":\"this Unicorn Outline Embroidery Design! Featuring a beautifully detailed unicorn head with flowing mane and iconic horn, this design is perfect for adding a fantasy vibe to kids\u2019 clothing, tote bags, pillow covers, and party d\u00e9cor.\",\"breadcrumb\":{\"@id\":\"https:\/\/stitchedbysyed.com\/product\/angel-unicorn-embroidery-design-rainbow-nursery-decor-princess-kids-room-pattern-digital-file\/#breadcrumb\"},\"inLanguage\":\"es\",\"potentialAction\":[{\"@type\":\"ReadAction\",\"target\":[\"https:\/\/stitchedbysyed.com\/product\/angel-unicorn-embroidery-design-rainbow-nursery-decor-princess-kids-room-pattern-digital-file\/\"]}]},{\"@type\":\"ImageObject\",\"inLanguage\":\"es\",\"@id\":\"https:\/\/stitchedbysyed.com\/product\/angel-unicorn-embroidery-design-rainbow-nursery-decor-princess-kids-room-pattern-digital-file\/#primaryimage\",\"url\":\"https:\/\/stitchedbysyed.com\/wp-content\/uploads\/2025\/10\/il_fullxfull.7195273188_fuoq.jpg\",\"contentUrl\":\"https:\/\/stitchedbysyed.com\/wp-content\/uploads\/2025\/10\/il_fullxfull.7195273188_fuoq.jpg\",\"width\":2048,\"height\":2048},{\"@type\":\"BreadcrumbList\",\"@id\":\"https:\/\/stitchedbysyed.com\/product\/angel-unicorn-embroidery-design-rainbow-nursery-decor-princess-kids-room-pattern-digital-file\/#breadcrumb\",\"itemListElement\":[{\"@type\":\"ListItem\",\"position\":1,\"name\":\"Home\",\"item\":\"https:\/\/stitchedbysyed.com\/\"},{\"@type\":\"ListItem\",\"position\":2,\"name\":\"Shop\",\"item\":\"https:\/\/stitchedbysyed.com\/shop\/\"},{\"@type\":\"ListItem\",\"position\":3,\"name\":\"Angel Unicorn Embroidery Design: rainbow nursery decor, princess &#038; kids room pattern (Digital File)\"}]},{\"@type\":\"WebSite\",\"@id\":\"https:\/\/stitchedbysyed.com\/#website\",\"url\":\"https:\/\/stitchedbysyed.com\/\",\"name\":\"stitchedbysyed.com\",\"description\":\"\",\"publisher\":{\"@id\":\"https:\/\/stitchedbysyed.com\/#organization\"},\"potentialAction\":[{\"@type\":\"SearchAction\",\"target\":{\"@type\":\"EntryPoint\",\"urlTemplate\":\"https:\/\/stitchedbysyed.com\/?s={search_term_string}\"},\"query-input\":{\"@type\":\"PropertyValueSpecification\",\"valueRequired\":true,\"valueName\":\"search_term_string\"}}],\"inLanguage\":\"es\"},{\"@type\":\"Organization\",\"@id\":\"https:\/\/stitchedbysyed.com\/#organization\",\"name\":\"stitchedbysyed.com\",\"url\":\"https:\/\/stitchedbysyed.com\/\",\"logo\":{\"@type\":\"ImageObject\",\"inLanguage\":\"es\",\"@id\":\"https:\/\/stitchedbysyed.com\/#\/schema\/logo\/image\/\",\"url\":\"https:\/\/stitchedbysyed.com\/wp-content\/uploads\/2025\/10\/cropped-Stitchedbysyed_logo_dark.webp\",\"contentUrl\":\"https:\/\/stitchedbysyed.com\/wp-content\/uploads\/2025\/10\/cropped-Stitchedbysyed_logo_dark.webp\",\"width\":395,\"height\":162,\"caption\":\"stitchedbysyed.com\"},\"image\":{\"@id\":\"https:\/\/stitchedbysyed.com\/#\/schema\/logo\/image\/\"}}]}<\/script>\n<!-- \/ Yoast SEO Premium plugin. -->","yoast_head_json":{"title":"Angel Unicorn Embroidery Design: rainbow nursery decor, princess & kids room pattern (Digital File) - stitchedbysyed.com","description":"this Unicorn Outline Embroidery Design! Featuring a beautifully detailed unicorn head with flowing mane and iconic horn, this design is perfect for adding a fantasy vibe to kids\u2019 clothing, tote bags, pillow covers, and party d\u00e9cor.","robots":{"index":"index","follow":"follow","max-snippet":"max-snippet:-1","max-image-preview":"max-image-preview:large","max-video-preview":"max-video-preview:-1"},"canonical":"https:\/\/stitchedbysyed.com\/es\/producto\/angel-unicorn-embroidery-design-rainbow-nursery-decor-princess-kids-room-pattern-digital-file\/","og_locale":"es_ES","og_type":"article","og_title":"Angel Unicorn Embroidery Design: rainbow nursery decor, princess & kids room pattern (Digital File)","og_description":"this Unicorn Outline Embroidery Design! Featuring a beautifully detailed unicorn head with flowing mane and iconic horn, this design is perfect for adding a fantasy vibe to kids\u2019 clothing, tote bags, pillow covers, and party d\u00e9cor.","og_url":"https:\/\/stitchedbysyed.com\/es\/producto\/angel-unicorn-embroidery-design-rainbow-nursery-decor-princess-kids-room-pattern-digital-file\/","og_site_name":"stitchedbysyed.com","article_modified_time":"2025-11-04T05:22:46+00:00","og_image":[{"width":2048,"height":2048,"url":"https:\/\/stitchedbysyed.com\/wp-content\/uploads\/2025\/10\/il_fullxfull.7195273188_fuoq.jpg","type":"image\/jpeg"}],"twitter_card":"summary_large_image","twitter_misc":{"Tiempo de lectura":"2 minutos"},"schema":{"@context":"https:\/\/schema.org","@graph":[{"@type":"WebPage","@id":"https:\/\/stitchedbysyed.com\/product\/angel-unicorn-embroidery-design-rainbow-nursery-decor-princess-kids-room-pattern-digital-file\/","url":"https:\/\/stitchedbysyed.com\/product\/angel-unicorn-embroidery-design-rainbow-nursery-decor-princess-kids-room-pattern-digital-file\/","name":"Angel Unicorn Embroidery Design: rainbow nursery decor, princess & kids room pattern (Digital File) - stitchedbysyed.com","isPartOf":{"@id":"https:\/\/stitchedbysyed.com\/#website"},"primaryImageOfPage":{"@id":"https:\/\/stitchedbysyed.com\/product\/angel-unicorn-embroidery-design-rainbow-nursery-decor-princess-kids-room-pattern-digital-file\/#primaryimage"},"image":{"@id":"https:\/\/stitchedbysyed.com\/product\/angel-unicorn-embroidery-design-rainbow-nursery-decor-princess-kids-room-pattern-digital-file\/#primaryimage"},"thumbnailUrl":"https:\/\/stitchedbysyed.com\/wp-content\/uploads\/2025\/10\/il_fullxfull.7195273188_fuoq.jpg","datePublished":"2025-10-19T06:21:49+00:00","dateModified":"2025-11-04T05:22:46+00:00","description":"this Unicorn Outline Embroidery Design! Featuring a beautifully detailed unicorn head with flowing mane and iconic horn, this design is perfect for adding a fantasy vibe to kids\u2019 clothing, tote bags, pillow covers, and party d\u00e9cor.","breadcrumb":{"@id":"https:\/\/stitchedbysyed.com\/product\/angel-unicorn-embroidery-design-rainbow-nursery-decor-princess-kids-room-pattern-digital-file\/#breadcrumb"},"inLanguage":"es","potentialAction":[{"@type":"ReadAction","target":["https:\/\/stitchedbysyed.com\/product\/angel-unicorn-embroidery-design-rainbow-nursery-decor-princess-kids-room-pattern-digital-file\/"]}]},{"@type":"ImageObject","inLanguage":"es","@id":"https:\/\/stitchedbysyed.com\/product\/angel-unicorn-embroidery-design-rainbow-nursery-decor-princess-kids-room-pattern-digital-file\/#primaryimage","url":"https:\/\/stitchedbysyed.com\/wp-content\/uploads\/2025\/10\/il_fullxfull.7195273188_fuoq.jpg","contentUrl":"https:\/\/stitchedbysyed.com\/wp-content\/uploads\/2025\/10\/il_fullxfull.7195273188_fuoq.jpg","width":2048,"height":2048},{"@type":"BreadcrumbList","@id":"https:\/\/stitchedbysyed.com\/product\/angel-unicorn-embroidery-design-rainbow-nursery-decor-princess-kids-room-pattern-digital-file\/#breadcrumb","itemListElement":[{"@type":"ListItem","position":1,"name":"Home","item":"https:\/\/stitchedbysyed.com\/"},{"@type":"ListItem","position":2,"name":"Shop","item":"https:\/\/stitchedbysyed.com\/shop\/"},{"@type":"ListItem","position":3,"name":"Angel Unicorn Embroidery Design: rainbow nursery decor, princess &#038; kids room pattern (Digital File)"}]},{"@type":"WebSite","@id":"https:\/\/stitchedbysyed.com\/#website","url":"https:\/\/stitchedbysyed.com\/","name":"stitchedbysyed.com","description":"","publisher":{"@id":"https:\/\/stitchedbysyed.com\/#organization"},"potentialAction":[{"@type":"SearchAction","target":{"@type":"EntryPoint","urlTemplate":"https:\/\/stitchedbysyed.com\/?s={search_term_string}"},"query-input":{"@type":"PropertyValueSpecification","valueRequired":true,"valueName":"search_term_string"}}],"inLanguage":"es"},{"@type":"Organization","@id":"https:\/\/stitchedbysyed.com\/#organization","name":"stitchedbysyed.com","url":"https:\/\/stitchedbysyed.com\/","logo":{"@type":"ImageObject","inLanguage":"es","@id":"https:\/\/stitchedbysyed.com\/#\/schema\/logo\/image\/","url":"https:\/\/stitchedbysyed.com\/wp-content\/uploads\/2025\/10\/cropped-Stitchedbysyed_logo_dark.webp","contentUrl":"https:\/\/stitchedbysyed.com\/wp-content\/uploads\/2025\/10\/cropped-Stitchedbysyed_logo_dark.webp","width":395,"height":162,"caption":"stitchedbysyed.com"},"image":{"@id":"https:\/\/stitchedbysyed.com\/#\/schema\/logo\/image\/"}}]}},"_links":{"self":[{"href":"https:\/\/stitchedbysyed.com\/es\/wp-json\/wp\/v2\/product\/7651","targetHints":{"allow":["GET"]}}],"collection":[{"href":"https:\/\/stitchedbysyed.com\/es\/wp-json\/wp\/v2\/product"}],"about":[{"href":"https:\/\/stitchedbysyed.com\/es\/wp-json\/wp\/v2\/types\/product"}],"replies":[{"embeddable":true,"href":"https:\/\/stitchedbysyed.com\/es\/wp-json\/wp\/v2\/comments?post=7651"}],"wp:featuredmedia":[{"embeddable":true,"href":"https:\/\/stitchedbysyed.com\/es\/wp-json\/wp\/v2\/media\/7652"}],"wp:attachment":[{"href":"https:\/\/stitchedbysyed.com\/es\/wp-json\/wp\/v2\/media?parent=7651"}],"wp:term":[{"taxonomy":"product_brand","embeddable":true,"href":"https:\/\/stitchedbysyed.com\/es\/wp-json\/wp\/v2\/product_brand?post=7651"},{"taxonomy":"product_cat","embeddable":true,"href":"https:\/\/stitchedbysyed.com\/es\/wp-json\/wp\/v2\/product_cat?post=7651"},{"taxonomy":"product_tag","embeddable":true,"href":"https:\/\/stitchedbysyed.com\/es\/wp-json\/wp\/v2\/product_tag?post=7651"}],"curies":[{"name":"wp","href":"https:\/\/api.w.org\/{rel}","templated":true}]}}