{"id":7625,"date":"2025-10-19T06:21:06","date_gmt":"2025-10-19T06:21:06","guid":{"rendered":"https:\/\/stitchedbysyed.com\/product\/cat-lady-embroidery-design-modern-machine-file-for-cat-lover-digital-download\/"},"modified":"2025-11-04T05:22:20","modified_gmt":"2025-11-04T05:22:20","slug":"cat-lady-embroidery-design-modern-machine-file-for-cat-lover-digital-download","status":"publish","type":"product","link":"https:\/\/stitchedbysyed.com\/es\/producto\/cat-lady-embroidery-design-modern-machine-file-for-cat-lover-digital-download\/","title":{"rendered":"Patr\u00f3n de bordado a m\u00e1quina con bruja y escoba \u2013 dise\u00f1o digital de Halloween para proyectos de costura y decoraci\u00f3n festiva."},"content":{"rendered":"<p>You\u2019ll receive a professional Cat Lady DST embroidery file along with multiple formats, ensuring compatibility with your machine. This piece combines the clean finish of \ud835\udc1d\ud835\udc22\ud835\udc20\ud835\udc22\ud835\udc2d\ud835\udc1a\ud835\udc25\ud835\udc1a\ud835\udc2b\ud835\udc2d with the practicality of \ud835\udc1e\ud835\udc26\ud835\udc1b\ud835\udc2b\ud835\udc28\ud835\udc22\ud835\udc1d\ud835\udc1e\ud835\udc2b\ud835\udc32\ud835\udc1d\ud835\udc1e\ud835\udc2c\ud835\udc22\ud835\udc20\ud835\udc27 files, so you can bring your creations to life instantly.<\/p>\n<p>Celebrate your love for cats with this Cat Lady Embroidery Design, a playful and modern machine embroidery file perfect for fellow feline enthusiasts. Featuring bold lettering shaped into a cute cat outline with whisker details, this design is ideal for adding personality to clothing, home d\u00e9cor, and gifts. Whether stitched on a hoodie, tote bag, pillow, or framed hoop art, it makes a charming project for any proud cat mom.<\/p>\n<p>This digital embroidery pattern is beginner-friendly and stitches out cleanly on most fabrics. A fun and stylish way to create personalized gifts or sell finished items in your handmade shop.<\/p>\n<p>From \ud835\udc21\ud835\udc28\ud835\udc25\ud835\udc22\ud835\udc1d\ud835\udc1a\ud835\udc32 \ud835\udc1e\ud835\udc26\ud835\udc1b\ud835\udc2b\ud835\udc28\ud835\udc22\ud835\udc1d\ud835\udc1e\ud835\udc2b\ud835\udc32 crafts to everyday gifts, this fun car design is the perfect mix of creativity and convenience!<\/p>\n<p>Perfect For<br \/>\n\u2714 Cat lovers &amp; pet moms<br \/>\n\u2714 Custom gifts for birthdays, holidays, and special occasions<br \/>\n\u2714 Clothing (t-shirts, hoodies, jackets, tote bags)<br \/>\n\u2714 Home d\u00e9cor (pillows, wall hangings, framed hoop art)<br \/>\n\u2714 Small handmade shops selling cat-themed products<\/p>\n<p>\ud83d\udccf Tama\u00f1os (solo en pulgadas de EE. UU.)<br \/>\nTodas las medidas de este anuncio est\u00e1n en pulgadas (EE. UU.), no en sistema m\u00e9trico (cm).<br \/>\nTama\u00f1os disponibles: 4\u00d74, 5\u00d77, 6\u00d710<\/p>\n<p>\ud83e\uddf5 Solo archivo de bordado digital<br \/>\nEste es un archivo de dise\u00f1o de bordado digital \u2014 no se enviar\u00e1 ning\u00fan producto f\u00edsico. Debes tener una m\u00e1quina de bordar para usar estos dise\u00f1os.<\/p>\n<p>\ud83d\udcc2 Formatos de archivo incluidos<br \/>\nTu descarga incluir\u00e1 los siguientes formatos de archivos de bordado:<br \/>\n\u2705 EMB, EXP, DST, HUS, PES, VP3, ART, JEF, PCS, CND, SEW, XXX, CSD<\/p>\n<p>\ud83d\udca1 \u00bfNecesitas un formato diferente? Cont\u00e1ctame antes de comprar.<br \/>\n\ud83d\udccc \u00bfNecesitas un tama\u00f1o personalizado? Por favor, cont\u00e1ctame antes de comprar.<\/p>\n<p>T\u00e9rminos de uso<\/p>\n<p>Puedes<br \/>\nUsar este archivo para proyectos personales<br \/>\nCrear art\u00edculos f\u00edsicos para vender (camisetas, bolsos, decoraci\u00f3n del hogar, etc.)<\/p>\n<p>No puede<br \/>\nNo comparta, venda ni distribuya este archivo digital.<br \/>\nNo revenda este archivo en ning\u00fan formato (no se puede vender tal cual).<\/p>\n<p>Informaci\u00f3n importante<br \/>\nEste es un producto digital \u2014 no hay reembolsos.<br \/>\nLa calidad del bordado depende de los ajustes de su m\u00e1quina, la tensi\u00f3n del hilo, el estabilizador, la tela y la aguja.<br \/>\nPara una versi\u00f3n personalizada dise\u00f1ada para bordar en gorras, comun\u00edquese conmigo antes de comprar. Este servicio tiene un costo superior al listado est\u00e1ndar.<br \/>\nSe recomienda encarecidamente una puntada de prueba antes de la producci\u00f3n final.<\/p>\n<p>Satisfacci\u00f3n del cliente garantizada \ud83d\udcaf<br \/>\nSu satisfacci\u00f3n es muy importante para m\u00ed. Si tiene dudas o inconvenientes con su dise\u00f1o, cont\u00e1cteme cuando lo necesite \u2014 estar\u00e9 encantado de ayudarle.<\/p>\n<p>Muchas gracias por visitar mi tienda StitchedBySyed \ud83d\udc8c \u2014 le deseo momentos creativos y felices bordando sus nuevos dise\u00f1os.<\/p>","protected":false},"excerpt":{"rendered":"<p>You\u2019ll receive a professional Cat Lady DST embroidery file along with multiple formats, ensuring compatibility with your machine. This piece combines the clean finish of \ud835\udc1d\ud835\udc22\ud835\udc20\ud835\udc22\ud835\udc2d\ud835\udc1a\ud835\udc25\ud835\udc1a\ud835\udc2b\ud835\udc2d with the practicality of \ud835\udc1e\ud835\udc26\ud835\udc1b\ud835\udc2b\ud835\udc28\ud835\udc22\ud835\udc1d\ud835\udc1e\ud835\udc2b\ud835\udc32\ud835\udc1d\ud835\udc1e\ud835\udc2c\ud835\udc22\ud835\udc20\ud835\udc27 files, so you can bring your creations to life instantly. Celebrate your love for cats with this Cat Lady Embroidery Design, a playful and [&hellip;]<\/p>","protected":false},"featured_media":7626,"comment_status":"open","ping_status":"closed","template":"","meta":[],"product_brand":[],"product_cat":[156,183],"product_tag":[311,308,270,225,233,56,69,307,70,309,139,312,310],"class_list":{"0":"post-7625","1":"product","2":"type-product","3":"status-publish","4":"has-post-thumbnail","6":"product_cat-animal-embroidery","7":"product_cat-embroidery-machine-files","8":"product_tag-animals-embroidery","9":"product_tag-cartoon-embroidery","10":"product_tag-cat-lover-gift","11":"product_tag-digitalart","12":"product_tag-dst-embroidery","13":"product_tag-embroidery-designs","14":"product_tag-embroidery-file","15":"product_tag-embroidery-for-kids","16":"product_tag-embroidery-pattern","17":"product_tag-kitten-embroidery","18":"product_tag-machine-embroidery","19":"product_tag-modern-cat-art","20":"product_tag-pet-embroidery","22":"first","23":"instock","24":"sale","25":"downloadable","26":"taxable","27":"shipping-taxable","28":"purchasable","29":"product-type-simple"},"yoast_head":"<!-- This site is optimized with the Yoast SEO Premium plugin v26.2 (Yoast SEO v26.2) - https:\/\/yoast.com\/wordpress\/plugins\/seo\/ -->\n<title>Cat Lady Embroidery Design: Modern Machine File For Cat Lover (Digital Download) - stitchedbysyed.com<\/title>\n<meta name=\"description\" content=\"You\u2019ll receive a professional Cat Lady DST embroidery file along with multiple formats, ensuring compatibility with your machine. This piece combines the clean finish of \ud835\udc1d\ud835\udc22\ud835\udc20\ud835\udc22\ud835\udc2d\ud835\udc1a\ud835\udc25\ud835\udc1a\ud835\udc2b\ud835\udc2d with the practicality of \ud835\udc1e\ud835\udc26\ud835\udc1b\ud835\udc2b\ud835\udc28\ud835\udc22\ud835\udc1d\ud835\udc1e\ud835\udc2b\ud835\udc32\ud835\udc1d\ud835\udc1e\ud835\udc2c\ud835\udc22\ud835\udc20\ud835\udc27\" \/>\n<meta name=\"robots\" content=\"index, follow, max-snippet:-1, max-image-preview:large, max-video-preview:-1\" \/>\n<link rel=\"canonical\" href=\"https:\/\/stitchedbysyed.com\/es\/producto\/cat-lady-embroidery-design-modern-machine-file-for-cat-lover-digital-download\/\" \/>\n<meta property=\"og:locale\" content=\"es_ES\" \/>\n<meta property=\"og:type\" content=\"article\" \/>\n<meta property=\"og:title\" content=\"Cat Lady Embroidery Design: Modern Machine File For Cat Lover (Digital Download)\" \/>\n<meta property=\"og:description\" content=\"You\u2019ll receive a professional Cat Lady DST embroidery file along with multiple formats, ensuring compatibility with your machine. This piece combines the clean finish of \ud835\udc1d\ud835\udc22\ud835\udc20\ud835\udc22\ud835\udc2d\ud835\udc1a\ud835\udc25\ud835\udc1a\ud835\udc2b\ud835\udc2d with the practicality of \ud835\udc1e\ud835\udc26\ud835\udc1b\ud835\udc2b\ud835\udc28\ud835\udc22\ud835\udc1d\ud835\udc1e\ud835\udc2b\ud835\udc32\ud835\udc1d\ud835\udc1e\ud835\udc2c\ud835\udc22\ud835\udc20\ud835\udc27\" \/>\n<meta property=\"og:url\" content=\"https:\/\/stitchedbysyed.com\/es\/producto\/cat-lady-embroidery-design-modern-machine-file-for-cat-lover-digital-download\/\" \/>\n<meta property=\"og:site_name\" content=\"stitchedbysyed.com\" \/>\n<meta property=\"article:modified_time\" content=\"2025-11-04T05:22:20+00:00\" \/>\n<meta property=\"og:image\" content=\"https:\/\/stitchedbysyed.com\/wp-content\/uploads\/2025\/10\/il_fullxfull.7209588912_nzx8.jpg\" \/>\n\t<meta property=\"og:image:width\" content=\"1200\" \/>\n\t<meta property=\"og:image:height\" content=\"1200\" \/>\n\t<meta property=\"og:image:type\" content=\"image\/jpeg\" \/>\n<meta name=\"twitter:card\" content=\"summary_large_image\" \/>\n<meta name=\"twitter:label1\" content=\"Tiempo de lectura\" \/>\n\t<meta name=\"twitter:data1\" content=\"3 minutos\" \/>\n<script type=\"application\/ld+json\" class=\"yoast-schema-graph\">{\"@context\":\"https:\/\/schema.org\",\"@graph\":[{\"@type\":\"WebPage\",\"@id\":\"https:\/\/stitchedbysyed.com\/product\/cat-lady-embroidery-design-modern-machine-file-for-cat-lover-digital-download\/\",\"url\":\"https:\/\/stitchedbysyed.com\/product\/cat-lady-embroidery-design-modern-machine-file-for-cat-lover-digital-download\/\",\"name\":\"Cat Lady Embroidery Design: Modern Machine File For Cat Lover (Digital Download) - stitchedbysyed.com\",\"isPartOf\":{\"@id\":\"https:\/\/stitchedbysyed.com\/#website\"},\"primaryImageOfPage\":{\"@id\":\"https:\/\/stitchedbysyed.com\/product\/cat-lady-embroidery-design-modern-machine-file-for-cat-lover-digital-download\/#primaryimage\"},\"image\":{\"@id\":\"https:\/\/stitchedbysyed.com\/product\/cat-lady-embroidery-design-modern-machine-file-for-cat-lover-digital-download\/#primaryimage\"},\"thumbnailUrl\":\"https:\/\/stitchedbysyed.com\/wp-content\/uploads\/2025\/10\/il_fullxfull.7209588912_nzx8.jpg\",\"datePublished\":\"2025-10-19T06:21:06+00:00\",\"dateModified\":\"2025-11-04T05:22:20+00:00\",\"description\":\"You\u2019ll receive a professional Cat Lady DST embroidery file along with multiple formats, ensuring compatibility with your machine. This piece combines the clean finish of \ud835\udc1d\ud835\udc22\ud835\udc20\ud835\udc22\ud835\udc2d\ud835\udc1a\ud835\udc25\ud835\udc1a\ud835\udc2b\ud835\udc2d with the practicality of \ud835\udc1e\ud835\udc26\ud835\udc1b\ud835\udc2b\ud835\udc28\ud835\udc22\ud835\udc1d\ud835\udc1e\ud835\udc2b\ud835\udc32\ud835\udc1d\ud835\udc1e\ud835\udc2c\ud835\udc22\ud835\udc20\ud835\udc27\",\"breadcrumb\":{\"@id\":\"https:\/\/stitchedbysyed.com\/product\/cat-lady-embroidery-design-modern-machine-file-for-cat-lover-digital-download\/#breadcrumb\"},\"inLanguage\":\"es\",\"potentialAction\":[{\"@type\":\"ReadAction\",\"target\":[\"https:\/\/stitchedbysyed.com\/product\/cat-lady-embroidery-design-modern-machine-file-for-cat-lover-digital-download\/\"]}]},{\"@type\":\"ImageObject\",\"inLanguage\":\"es\",\"@id\":\"https:\/\/stitchedbysyed.com\/product\/cat-lady-embroidery-design-modern-machine-file-for-cat-lover-digital-download\/#primaryimage\",\"url\":\"https:\/\/stitchedbysyed.com\/wp-content\/uploads\/2025\/10\/il_fullxfull.7209588912_nzx8.jpg\",\"contentUrl\":\"https:\/\/stitchedbysyed.com\/wp-content\/uploads\/2025\/10\/il_fullxfull.7209588912_nzx8.jpg\",\"width\":1200,\"height\":1200},{\"@type\":\"BreadcrumbList\",\"@id\":\"https:\/\/stitchedbysyed.com\/product\/cat-lady-embroidery-design-modern-machine-file-for-cat-lover-digital-download\/#breadcrumb\",\"itemListElement\":[{\"@type\":\"ListItem\",\"position\":1,\"name\":\"Home\",\"item\":\"https:\/\/stitchedbysyed.com\/\"},{\"@type\":\"ListItem\",\"position\":2,\"name\":\"Shop\",\"item\":\"https:\/\/stitchedbysyed.com\/shop\/\"},{\"@type\":\"ListItem\",\"position\":3,\"name\":\"Cat Lady Embroidery Design: Modern Machine File For Cat Lover (Digital Download)\"}]},{\"@type\":\"WebSite\",\"@id\":\"https:\/\/stitchedbysyed.com\/#website\",\"url\":\"https:\/\/stitchedbysyed.com\/\",\"name\":\"stitchedbysyed.com\",\"description\":\"\",\"publisher\":{\"@id\":\"https:\/\/stitchedbysyed.com\/#organization\"},\"potentialAction\":[{\"@type\":\"SearchAction\",\"target\":{\"@type\":\"EntryPoint\",\"urlTemplate\":\"https:\/\/stitchedbysyed.com\/?s={search_term_string}\"},\"query-input\":{\"@type\":\"PropertyValueSpecification\",\"valueRequired\":true,\"valueName\":\"search_term_string\"}}],\"inLanguage\":\"es\"},{\"@type\":\"Organization\",\"@id\":\"https:\/\/stitchedbysyed.com\/#organization\",\"name\":\"stitchedbysyed.com\",\"url\":\"https:\/\/stitchedbysyed.com\/\",\"logo\":{\"@type\":\"ImageObject\",\"inLanguage\":\"es\",\"@id\":\"https:\/\/stitchedbysyed.com\/#\/schema\/logo\/image\/\",\"url\":\"https:\/\/stitchedbysyed.com\/wp-content\/uploads\/2025\/10\/cropped-Stitchedbysyed_logo_dark.webp\",\"contentUrl\":\"https:\/\/stitchedbysyed.com\/wp-content\/uploads\/2025\/10\/cropped-Stitchedbysyed_logo_dark.webp\",\"width\":395,\"height\":162,\"caption\":\"stitchedbysyed.com\"},\"image\":{\"@id\":\"https:\/\/stitchedbysyed.com\/#\/schema\/logo\/image\/\"}}]}<\/script>\n<!-- \/ Yoast SEO Premium plugin. -->","yoast_head_json":{"title":"Cat Lady Embroidery Design: Modern Machine File For Cat Lover (Digital Download) - stitchedbysyed.com","description":"You\u2019ll receive a professional Cat Lady DST embroidery file along with multiple formats, ensuring compatibility with your machine. This piece combines the clean finish of \ud835\udc1d\ud835\udc22\ud835\udc20\ud835\udc22\ud835\udc2d\ud835\udc1a\ud835\udc25\ud835\udc1a\ud835\udc2b\ud835\udc2d with the practicality of \ud835\udc1e\ud835\udc26\ud835\udc1b\ud835\udc2b\ud835\udc28\ud835\udc22\ud835\udc1d\ud835\udc1e\ud835\udc2b\ud835\udc32\ud835\udc1d\ud835\udc1e\ud835\udc2c\ud835\udc22\ud835\udc20\ud835\udc27","robots":{"index":"index","follow":"follow","max-snippet":"max-snippet:-1","max-image-preview":"max-image-preview:large","max-video-preview":"max-video-preview:-1"},"canonical":"https:\/\/stitchedbysyed.com\/es\/producto\/cat-lady-embroidery-design-modern-machine-file-for-cat-lover-digital-download\/","og_locale":"es_ES","og_type":"article","og_title":"Cat Lady Embroidery Design: Modern Machine File For Cat Lover (Digital Download)","og_description":"You\u2019ll receive a professional Cat Lady DST embroidery file along with multiple formats, ensuring compatibility with your machine. This piece combines the clean finish of \ud835\udc1d\ud835\udc22\ud835\udc20\ud835\udc22\ud835\udc2d\ud835\udc1a\ud835\udc25\ud835\udc1a\ud835\udc2b\ud835\udc2d with the practicality of \ud835\udc1e\ud835\udc26\ud835\udc1b\ud835\udc2b\ud835\udc28\ud835\udc22\ud835\udc1d\ud835\udc1e\ud835\udc2b\ud835\udc32\ud835\udc1d\ud835\udc1e\ud835\udc2c\ud835\udc22\ud835\udc20\ud835\udc27","og_url":"https:\/\/stitchedbysyed.com\/es\/producto\/cat-lady-embroidery-design-modern-machine-file-for-cat-lover-digital-download\/","og_site_name":"stitchedbysyed.com","article_modified_time":"2025-11-04T05:22:20+00:00","og_image":[{"width":1200,"height":1200,"url":"https:\/\/stitchedbysyed.com\/wp-content\/uploads\/2025\/10\/il_fullxfull.7209588912_nzx8.jpg","type":"image\/jpeg"}],"twitter_card":"summary_large_image","twitter_misc":{"Tiempo de lectura":"3 minutos"},"schema":{"@context":"https:\/\/schema.org","@graph":[{"@type":"WebPage","@id":"https:\/\/stitchedbysyed.com\/product\/cat-lady-embroidery-design-modern-machine-file-for-cat-lover-digital-download\/","url":"https:\/\/stitchedbysyed.com\/product\/cat-lady-embroidery-design-modern-machine-file-for-cat-lover-digital-download\/","name":"Cat Lady Embroidery Design: Modern Machine File For Cat Lover (Digital Download) - stitchedbysyed.com","isPartOf":{"@id":"https:\/\/stitchedbysyed.com\/#website"},"primaryImageOfPage":{"@id":"https:\/\/stitchedbysyed.com\/product\/cat-lady-embroidery-design-modern-machine-file-for-cat-lover-digital-download\/#primaryimage"},"image":{"@id":"https:\/\/stitchedbysyed.com\/product\/cat-lady-embroidery-design-modern-machine-file-for-cat-lover-digital-download\/#primaryimage"},"thumbnailUrl":"https:\/\/stitchedbysyed.com\/wp-content\/uploads\/2025\/10\/il_fullxfull.7209588912_nzx8.jpg","datePublished":"2025-10-19T06:21:06+00:00","dateModified":"2025-11-04T05:22:20+00:00","description":"You\u2019ll receive a professional Cat Lady DST embroidery file along with multiple formats, ensuring compatibility with your machine. This piece combines the clean finish of \ud835\udc1d\ud835\udc22\ud835\udc20\ud835\udc22\ud835\udc2d\ud835\udc1a\ud835\udc25\ud835\udc1a\ud835\udc2b\ud835\udc2d with the practicality of \ud835\udc1e\ud835\udc26\ud835\udc1b\ud835\udc2b\ud835\udc28\ud835\udc22\ud835\udc1d\ud835\udc1e\ud835\udc2b\ud835\udc32\ud835\udc1d\ud835\udc1e\ud835\udc2c\ud835\udc22\ud835\udc20\ud835\udc27","breadcrumb":{"@id":"https:\/\/stitchedbysyed.com\/product\/cat-lady-embroidery-design-modern-machine-file-for-cat-lover-digital-download\/#breadcrumb"},"inLanguage":"es","potentialAction":[{"@type":"ReadAction","target":["https:\/\/stitchedbysyed.com\/product\/cat-lady-embroidery-design-modern-machine-file-for-cat-lover-digital-download\/"]}]},{"@type":"ImageObject","inLanguage":"es","@id":"https:\/\/stitchedbysyed.com\/product\/cat-lady-embroidery-design-modern-machine-file-for-cat-lover-digital-download\/#primaryimage","url":"https:\/\/stitchedbysyed.com\/wp-content\/uploads\/2025\/10\/il_fullxfull.7209588912_nzx8.jpg","contentUrl":"https:\/\/stitchedbysyed.com\/wp-content\/uploads\/2025\/10\/il_fullxfull.7209588912_nzx8.jpg","width":1200,"height":1200},{"@type":"BreadcrumbList","@id":"https:\/\/stitchedbysyed.com\/product\/cat-lady-embroidery-design-modern-machine-file-for-cat-lover-digital-download\/#breadcrumb","itemListElement":[{"@type":"ListItem","position":1,"name":"Home","item":"https:\/\/stitchedbysyed.com\/"},{"@type":"ListItem","position":2,"name":"Shop","item":"https:\/\/stitchedbysyed.com\/shop\/"},{"@type":"ListItem","position":3,"name":"Cat Lady Embroidery Design: Modern Machine File For Cat Lover (Digital Download)"}]},{"@type":"WebSite","@id":"https:\/\/stitchedbysyed.com\/#website","url":"https:\/\/stitchedbysyed.com\/","name":"stitchedbysyed.com","description":"","publisher":{"@id":"https:\/\/stitchedbysyed.com\/#organization"},"potentialAction":[{"@type":"SearchAction","target":{"@type":"EntryPoint","urlTemplate":"https:\/\/stitchedbysyed.com\/?s={search_term_string}"},"query-input":{"@type":"PropertyValueSpecification","valueRequired":true,"valueName":"search_term_string"}}],"inLanguage":"es"},{"@type":"Organization","@id":"https:\/\/stitchedbysyed.com\/#organization","name":"stitchedbysyed.com","url":"https:\/\/stitchedbysyed.com\/","logo":{"@type":"ImageObject","inLanguage":"es","@id":"https:\/\/stitchedbysyed.com\/#\/schema\/logo\/image\/","url":"https:\/\/stitchedbysyed.com\/wp-content\/uploads\/2025\/10\/cropped-Stitchedbysyed_logo_dark.webp","contentUrl":"https:\/\/stitchedbysyed.com\/wp-content\/uploads\/2025\/10\/cropped-Stitchedbysyed_logo_dark.webp","width":395,"height":162,"caption":"stitchedbysyed.com"},"image":{"@id":"https:\/\/stitchedbysyed.com\/#\/schema\/logo\/image\/"}}]}},"_links":{"self":[{"href":"https:\/\/stitchedbysyed.com\/es\/wp-json\/wp\/v2\/product\/7625","targetHints":{"allow":["GET"]}}],"collection":[{"href":"https:\/\/stitchedbysyed.com\/es\/wp-json\/wp\/v2\/product"}],"about":[{"href":"https:\/\/stitchedbysyed.com\/es\/wp-json\/wp\/v2\/types\/product"}],"replies":[{"embeddable":true,"href":"https:\/\/stitchedbysyed.com\/es\/wp-json\/wp\/v2\/comments?post=7625"}],"wp:featuredmedia":[{"embeddable":true,"href":"https:\/\/stitchedbysyed.com\/es\/wp-json\/wp\/v2\/media\/7626"}],"wp:attachment":[{"href":"https:\/\/stitchedbysyed.com\/es\/wp-json\/wp\/v2\/media?parent=7625"}],"wp:term":[{"taxonomy":"product_brand","embeddable":true,"href":"https:\/\/stitchedbysyed.com\/es\/wp-json\/wp\/v2\/product_brand?post=7625"},{"taxonomy":"product_cat","embeddable":true,"href":"https:\/\/stitchedbysyed.com\/es\/wp-json\/wp\/v2\/product_cat?post=7625"},{"taxonomy":"product_tag","embeddable":true,"href":"https:\/\/stitchedbysyed.com\/es\/wp-json\/wp\/v2\/product_tag?post=7625"}],"curies":[{"name":"wp","href":"https:\/\/api.w.org\/{rel}","templated":true}]}}