{"id":7536,"date":"2025-10-19T06:16:27","date_gmt":"2025-10-19T06:16:27","guid":{"rendered":"https:\/\/stitchedbysyed.com\/product\/cat-and-dog-face-outline-machine-embroidery-design-pet-lover-gift-digital-files\/"},"modified":"2025-11-04T05:20:08","modified_gmt":"2025-11-04T05:20:08","slug":"gato-y-el-perro-cara-contorno-maquina-de-bordado-diseno-amante-de-las-mascotas-regalo-archivos-digitales","status":"publish","type":"product","link":"https:\/\/stitchedbysyed.com\/es\/producto\/gato-y-el-perro-cara-contorno-maquina-de-bordado-diseno-amante-de-las-mascotas-regalo-archivos-digitales\/","title":{"rendered":"Patr\u00f3n de bordado a m\u00e1quina con contorno de gato y perro \u2013 archivo digital ideal como regalo para los amantes de los animales, descarga instant\u00e1nea."},"content":{"rendered":"<p>Este es el gato y el perro Cara Esquema Bordado Dise\u00f1os Para M\u00e1quinas de Bordar | Cat Dog Lover<br \/>\nNecesita una m\u00e1quina de bordar para utilizar este dise\u00f1o<\/p>\n<p>Da vida a tus proyectos con este adorable dise\u00f1o de bordado de gato y perro. Perfecto para ropa infantil, mantas de beb\u00e9, bolsos o cualquier proyecto DIY que necesite un dulce toque felino.<\/p>\n<p>\ud83d\udccf Tama\u00f1os (solo en pulgadas de EE. UU.)<br \/>\nTodas las medidas de este anuncio est\u00e1n en pulgadas (EE. UU.), no en sistema m\u00e9trico (cm).<br \/>\nTama\u00f1os disponibles: 4\u00d74, 5\u00d77, 6\u00d710<\/p>\n<p>\ud83e\uddf5 Solo archivo de bordado digital<br \/>\nEste es un archivo de dise\u00f1o de bordado digital \u2014 no se enviar\u00e1 ning\u00fan producto f\u00edsico. Debes tener una m\u00e1quina de bordar para usar estos dise\u00f1os.<\/p>\n<p>\ud83d\udcc2 Formatos de archivo incluidos<br \/>\nTu descarga incluir\u00e1 los siguientes formatos de archivos de bordado:<br \/>\n\u2705 EMB, EXP, DST, HUS, PES, VP3, ART, JEF, PCS, CND, SEW, XXX, CSD<\/p>\n<p>\ud83d\udca1 \u00bfNecesitas un formato diferente? Cont\u00e1ctame antes de comprar.<br \/>\n\ud83d\udccc \u00bfNecesitas un tama\u00f1o personalizado? Por favor, cont\u00e1ctame antes de comprar.<\/p>\n<p>T\u00e9rminos de uso<\/p>\n<p>Puedes<br \/>\nUsar este archivo para proyectos personales<br \/>\nCrear art\u00edculos f\u00edsicos para vender (camisetas, bolsos, decoraci\u00f3n del hogar, etc.)<\/p>\n<p>No puede<br \/>\nNo comparta, venda ni distribuya este archivo digital.<br \/>\nNo revenda este archivo en ning\u00fan formato (no se puede vender tal cual).<\/p>\n<p>Informaci\u00f3n importante<br \/>\nEste es un producto digital \u2014 no hay reembolsos.<br \/>\nLa calidad del bordado depende de los ajustes de su m\u00e1quina, la tensi\u00f3n del hilo, el estabilizador, la tela y la aguja.<br \/>\nPara una versi\u00f3n personalizada dise\u00f1ada para bordar en gorras, comun\u00edquese conmigo antes de comprar. Este servicio tiene un costo superior al listado est\u00e1ndar.<br \/>\nSe recomienda encarecidamente una puntada de prueba antes de la producci\u00f3n final.<\/p>\n<p>Satisfacci\u00f3n del cliente garantizada \ud83d\udcaf<br \/>\nSu satisfacci\u00f3n es muy importante para m\u00ed. Si tiene dudas o inconvenientes con su dise\u00f1o, cont\u00e1cteme cuando lo necesite \u2014 estar\u00e9 encantado de ayudarle.<\/p>\n<p>Muchas gracias por visitar mi tienda StitchedBySyed \ud83d\udc8c \u2014 le deseo momentos creativos y felices bordando sus nuevos dise\u00f1os.<\/p>","protected":false},"excerpt":{"rendered":"<p>This is Cat and Dog Face Outline Embroidery Designs For Embroidery Machines | Cat Dog Lover You need an embroidery machine to use this design Bring your projects to life with this adorable Cat Dog embroidery design! Perfect for kids\u2019 clothing, baby blankets, bags, or any DIY project needing a sweet feline touch. \ud83d\udccf Sizes [&hellip;]<\/p>","protected":false},"featured_media":7537,"comment_status":"open","ping_status":"closed","template":"","meta":[],"product_brand":[],"product_cat":[156,183],"product_tag":[98,242,100,101,270,269,70,245,104,271,106,244,243],"class_list":{"0":"post-7536","1":"product","2":"type-product","3":"status-publish","4":"has-post-thumbnail","6":"product_cat-animal-embroidery","7":"product_cat-embroidery-machine-files","8":"product_tag-animal-embroidery","9":"product_tag-cartoon-anime","10":"product_tag-cat-applique-design","11":"product_tag-cat-face-embroidery","12":"product_tag-cat-lover-gift","13":"product_tag-dog-lover-gift","14":"product_tag-embroidery-pattern","15":"product_tag-girl-kid-boy-baby","16":"product_tag-kawaii-cat-eyes-nose","17":"product_tag-kawaii-face-pes","18":"product_tag-kitty-embroidery","19":"product_tag-pet-memorial-gift","20":"product_tag-pet-portrait","22":"first","23":"instock","24":"sale","25":"downloadable","26":"taxable","27":"shipping-taxable","28":"purchasable","29":"product-type-simple"},"yoast_head":"<!-- This site is optimized with the Yoast SEO Premium plugin v26.2 (Yoast SEO v26.2) - https:\/\/yoast.com\/wordpress\/plugins\/seo\/ -->\n<title>Cat and Dog Face Outline Machine Embroidery Design: Pet Lover Gift (Digital Files) - stitchedbysyed.com<\/title>\n<meta name=\"description\" content=\"This is Cat and Dog Face Outline Embroidery Designs For Embroidery Machines | Cat Dog LoverYou need an embroidery machine to use this design\" \/>\n<meta name=\"robots\" content=\"index, follow, max-snippet:-1, max-image-preview:large, max-video-preview:-1\" \/>\n<link rel=\"canonical\" href=\"https:\/\/stitchedbysyed.com\/es\/producto\/gato-y-el-perro-cara-contorno-maquina-de-bordado-diseno-amante-de-las-mascotas-regalo-archivos-digitales\/\" \/>\n<meta property=\"og:locale\" content=\"es_ES\" \/>\n<meta property=\"og:type\" content=\"article\" \/>\n<meta property=\"og:title\" content=\"Cat and Dog Face Outline Machine Embroidery Design: Pet Lover Gift (Digital Files)\" \/>\n<meta property=\"og:description\" content=\"This is Cat and Dog Face Outline Embroidery Designs For Embroidery Machines | Cat Dog LoverYou need an embroidery machine to use this design\" \/>\n<meta property=\"og:url\" content=\"https:\/\/stitchedbysyed.com\/es\/producto\/gato-y-el-perro-cara-contorno-maquina-de-bordado-diseno-amante-de-las-mascotas-regalo-archivos-digitales\/\" \/>\n<meta property=\"og:site_name\" content=\"stitchedbysyed.com\" \/>\n<meta property=\"article:modified_time\" content=\"2025-11-04T05:20:08+00:00\" \/>\n<meta property=\"og:image\" content=\"https:\/\/stitchedbysyed.com\/wp-content\/uploads\/2025\/10\/il_fullxfull.7317500607_o39g.jpg\" \/>\n\t<meta property=\"og:image:width\" content=\"1200\" \/>\n\t<meta property=\"og:image:height\" content=\"1200\" \/>\n\t<meta property=\"og:image:type\" content=\"image\/jpeg\" \/>\n<meta name=\"twitter:card\" content=\"summary_large_image\" \/>\n<meta name=\"twitter:label1\" content=\"Tiempo de lectura\" \/>\n\t<meta name=\"twitter:data1\" content=\"2 minutos\" \/>\n<script type=\"application\/ld+json\" class=\"yoast-schema-graph\">{\"@context\":\"https:\/\/schema.org\",\"@graph\":[{\"@type\":\"WebPage\",\"@id\":\"https:\/\/stitchedbysyed.com\/product\/cat-and-dog-face-outline-machine-embroidery-design-pet-lover-gift-digital-files\/\",\"url\":\"https:\/\/stitchedbysyed.com\/product\/cat-and-dog-face-outline-machine-embroidery-design-pet-lover-gift-digital-files\/\",\"name\":\"Cat and Dog Face Outline Machine Embroidery Design: Pet Lover Gift (Digital Files) - stitchedbysyed.com\",\"isPartOf\":{\"@id\":\"https:\/\/stitchedbysyed.com\/#website\"},\"primaryImageOfPage\":{\"@id\":\"https:\/\/stitchedbysyed.com\/product\/cat-and-dog-face-outline-machine-embroidery-design-pet-lover-gift-digital-files\/#primaryimage\"},\"image\":{\"@id\":\"https:\/\/stitchedbysyed.com\/product\/cat-and-dog-face-outline-machine-embroidery-design-pet-lover-gift-digital-files\/#primaryimage\"},\"thumbnailUrl\":\"https:\/\/stitchedbysyed.com\/wp-content\/uploads\/2025\/10\/il_fullxfull.7317500607_o39g.jpg\",\"datePublished\":\"2025-10-19T06:16:27+00:00\",\"dateModified\":\"2025-11-04T05:20:08+00:00\",\"description\":\"This is Cat and Dog Face Outline Embroidery Designs For Embroidery Machines | Cat Dog LoverYou need an embroidery machine to use this design\",\"breadcrumb\":{\"@id\":\"https:\/\/stitchedbysyed.com\/product\/cat-and-dog-face-outline-machine-embroidery-design-pet-lover-gift-digital-files\/#breadcrumb\"},\"inLanguage\":\"es\",\"potentialAction\":[{\"@type\":\"ReadAction\",\"target\":[\"https:\/\/stitchedbysyed.com\/product\/cat-and-dog-face-outline-machine-embroidery-design-pet-lover-gift-digital-files\/\"]}]},{\"@type\":\"ImageObject\",\"inLanguage\":\"es\",\"@id\":\"https:\/\/stitchedbysyed.com\/product\/cat-and-dog-face-outline-machine-embroidery-design-pet-lover-gift-digital-files\/#primaryimage\",\"url\":\"https:\/\/stitchedbysyed.com\/wp-content\/uploads\/2025\/10\/il_fullxfull.7317500607_o39g.jpg\",\"contentUrl\":\"https:\/\/stitchedbysyed.com\/wp-content\/uploads\/2025\/10\/il_fullxfull.7317500607_o39g.jpg\",\"width\":1200,\"height\":1200},{\"@type\":\"BreadcrumbList\",\"@id\":\"https:\/\/stitchedbysyed.com\/product\/cat-and-dog-face-outline-machine-embroidery-design-pet-lover-gift-digital-files\/#breadcrumb\",\"itemListElement\":[{\"@type\":\"ListItem\",\"position\":1,\"name\":\"Home\",\"item\":\"https:\/\/stitchedbysyed.com\/\"},{\"@type\":\"ListItem\",\"position\":2,\"name\":\"Shop\",\"item\":\"https:\/\/stitchedbysyed.com\/shop\/\"},{\"@type\":\"ListItem\",\"position\":3,\"name\":\"Cat and Dog Face Outline Machine Embroidery Design: Pet Lover Gift (Digital Files)\"}]},{\"@type\":\"WebSite\",\"@id\":\"https:\/\/stitchedbysyed.com\/#website\",\"url\":\"https:\/\/stitchedbysyed.com\/\",\"name\":\"stitchedbysyed.com\",\"description\":\"\",\"publisher\":{\"@id\":\"https:\/\/stitchedbysyed.com\/#organization\"},\"potentialAction\":[{\"@type\":\"SearchAction\",\"target\":{\"@type\":\"EntryPoint\",\"urlTemplate\":\"https:\/\/stitchedbysyed.com\/?s={search_term_string}\"},\"query-input\":{\"@type\":\"PropertyValueSpecification\",\"valueRequired\":true,\"valueName\":\"search_term_string\"}}],\"inLanguage\":\"es\"},{\"@type\":\"Organization\",\"@id\":\"https:\/\/stitchedbysyed.com\/#organization\",\"name\":\"stitchedbysyed.com\",\"url\":\"https:\/\/stitchedbysyed.com\/\",\"logo\":{\"@type\":\"ImageObject\",\"inLanguage\":\"es\",\"@id\":\"https:\/\/stitchedbysyed.com\/#\/schema\/logo\/image\/\",\"url\":\"https:\/\/stitchedbysyed.com\/wp-content\/uploads\/2025\/10\/cropped-Stitchedbysyed_logo_dark.webp\",\"contentUrl\":\"https:\/\/stitchedbysyed.com\/wp-content\/uploads\/2025\/10\/cropped-Stitchedbysyed_logo_dark.webp\",\"width\":395,\"height\":162,\"caption\":\"stitchedbysyed.com\"},\"image\":{\"@id\":\"https:\/\/stitchedbysyed.com\/#\/schema\/logo\/image\/\"}}]}<\/script>\n<!-- \/ Yoast SEO Premium plugin. -->","yoast_head_json":{"title":"Contorno de la cara del gato y del perro bordado a m\u00e1quina de dise\u00f1o: Pet Lover Gift (Digital Files) - stitchedbysyed.com","description":"Este es el Gato y el Perro Cara Contorno Bordado Dise\u00f1os Para M\u00e1quinas de Bordar | Cat Dog LoverUsted necesita una m\u00e1quina de bordar para utilizar este dise\u00f1o","robots":{"index":"index","follow":"follow","max-snippet":"max-snippet:-1","max-image-preview":"max-image-preview:large","max-video-preview":"max-video-preview:-1"},"canonical":"https:\/\/stitchedbysyed.com\/es\/producto\/gato-y-el-perro-cara-contorno-maquina-de-bordado-diseno-amante-de-las-mascotas-regalo-archivos-digitales\/","og_locale":"es_ES","og_type":"article","og_title":"Cat and Dog Face Outline Machine Embroidery Design: Pet Lover Gift (Digital Files)","og_description":"This is Cat and Dog Face Outline Embroidery Designs For Embroidery Machines | Cat Dog LoverYou need an embroidery machine to use this design","og_url":"https:\/\/stitchedbysyed.com\/es\/producto\/gato-y-el-perro-cara-contorno-maquina-de-bordado-diseno-amante-de-las-mascotas-regalo-archivos-digitales\/","og_site_name":"stitchedbysyed.com","article_modified_time":"2025-11-04T05:20:08+00:00","og_image":[{"width":1200,"height":1200,"url":"https:\/\/stitchedbysyed.com\/wp-content\/uploads\/2025\/10\/il_fullxfull.7317500607_o39g.jpg","type":"image\/jpeg"}],"twitter_card":"summary_large_image","twitter_misc":{"Tiempo de lectura":"2 minutos"},"schema":{"@context":"https:\/\/schema.org","@graph":[{"@type":"WebPage","@id":"https:\/\/stitchedbysyed.com\/product\/cat-and-dog-face-outline-machine-embroidery-design-pet-lover-gift-digital-files\/","url":"https:\/\/stitchedbysyed.com\/product\/cat-and-dog-face-outline-machine-embroidery-design-pet-lover-gift-digital-files\/","name":"Contorno de la cara del gato y del perro bordado a m\u00e1quina de dise\u00f1o: Pet Lover Gift (Digital Files) - stitchedbysyed.com","isPartOf":{"@id":"https:\/\/stitchedbysyed.com\/#website"},"primaryImageOfPage":{"@id":"https:\/\/stitchedbysyed.com\/product\/cat-and-dog-face-outline-machine-embroidery-design-pet-lover-gift-digital-files\/#primaryimage"},"image":{"@id":"https:\/\/stitchedbysyed.com\/product\/cat-and-dog-face-outline-machine-embroidery-design-pet-lover-gift-digital-files\/#primaryimage"},"thumbnailUrl":"https:\/\/stitchedbysyed.com\/wp-content\/uploads\/2025\/10\/il_fullxfull.7317500607_o39g.jpg","datePublished":"2025-10-19T06:16:27+00:00","dateModified":"2025-11-04T05:20:08+00:00","description":"Este es el Gato y el Perro Cara Contorno Bordado Dise\u00f1os Para M\u00e1quinas de Bordar | Cat Dog LoverUsted necesita una m\u00e1quina de bordar para utilizar este dise\u00f1o","breadcrumb":{"@id":"https:\/\/stitchedbysyed.com\/product\/cat-and-dog-face-outline-machine-embroidery-design-pet-lover-gift-digital-files\/#breadcrumb"},"inLanguage":"es","potentialAction":[{"@type":"ReadAction","target":["https:\/\/stitchedbysyed.com\/product\/cat-and-dog-face-outline-machine-embroidery-design-pet-lover-gift-digital-files\/"]}]},{"@type":"ImageObject","inLanguage":"es","@id":"https:\/\/stitchedbysyed.com\/product\/cat-and-dog-face-outline-machine-embroidery-design-pet-lover-gift-digital-files\/#primaryimage","url":"https:\/\/stitchedbysyed.com\/wp-content\/uploads\/2025\/10\/il_fullxfull.7317500607_o39g.jpg","contentUrl":"https:\/\/stitchedbysyed.com\/wp-content\/uploads\/2025\/10\/il_fullxfull.7317500607_o39g.jpg","width":1200,"height":1200},{"@type":"BreadcrumbList","@id":"https:\/\/stitchedbysyed.com\/product\/cat-and-dog-face-outline-machine-embroidery-design-pet-lover-gift-digital-files\/#breadcrumb","itemListElement":[{"@type":"ListItem","position":1,"name":"Home","item":"https:\/\/stitchedbysyed.com\/"},{"@type":"ListItem","position":2,"name":"Shop","item":"https:\/\/stitchedbysyed.com\/shop\/"},{"@type":"ListItem","position":3,"name":"Cat and Dog Face Outline Machine Embroidery Design: Pet Lover Gift (Digital Files)"}]},{"@type":"WebSite","@id":"https:\/\/stitchedbysyed.com\/#website","url":"https:\/\/stitchedbysyed.com\/","name":"stitchedbysyed.com","description":"","publisher":{"@id":"https:\/\/stitchedbysyed.com\/#organization"},"potentialAction":[{"@type":"SearchAction","target":{"@type":"EntryPoint","urlTemplate":"https:\/\/stitchedbysyed.com\/?s={search_term_string}"},"query-input":{"@type":"PropertyValueSpecification","valueRequired":true,"valueName":"search_term_string"}}],"inLanguage":"es"},{"@type":"Organization","@id":"https:\/\/stitchedbysyed.com\/#organization","name":"stitchedbysyed.com","url":"https:\/\/stitchedbysyed.com\/","logo":{"@type":"ImageObject","inLanguage":"es","@id":"https:\/\/stitchedbysyed.com\/#\/schema\/logo\/image\/","url":"https:\/\/stitchedbysyed.com\/wp-content\/uploads\/2025\/10\/cropped-Stitchedbysyed_logo_dark.webp","contentUrl":"https:\/\/stitchedbysyed.com\/wp-content\/uploads\/2025\/10\/cropped-Stitchedbysyed_logo_dark.webp","width":395,"height":162,"caption":"stitchedbysyed.com"},"image":{"@id":"https:\/\/stitchedbysyed.com\/#\/schema\/logo\/image\/"}}]}},"_links":{"self":[{"href":"https:\/\/stitchedbysyed.com\/es\/wp-json\/wp\/v2\/product\/7536","targetHints":{"allow":["GET"]}}],"collection":[{"href":"https:\/\/stitchedbysyed.com\/es\/wp-json\/wp\/v2\/product"}],"about":[{"href":"https:\/\/stitchedbysyed.com\/es\/wp-json\/wp\/v2\/types\/product"}],"replies":[{"embeddable":true,"href":"https:\/\/stitchedbysyed.com\/es\/wp-json\/wp\/v2\/comments?post=7536"}],"wp:featuredmedia":[{"embeddable":true,"href":"https:\/\/stitchedbysyed.com\/es\/wp-json\/wp\/v2\/media\/7537"}],"wp:attachment":[{"href":"https:\/\/stitchedbysyed.com\/es\/wp-json\/wp\/v2\/media?parent=7536"}],"wp:term":[{"taxonomy":"product_brand","embeddable":true,"href":"https:\/\/stitchedbysyed.com\/es\/wp-json\/wp\/v2\/product_brand?post=7536"},{"taxonomy":"product_cat","embeddable":true,"href":"https:\/\/stitchedbysyed.com\/es\/wp-json\/wp\/v2\/product_cat?post=7536"},{"taxonomy":"product_tag","embeddable":true,"href":"https:\/\/stitchedbysyed.com\/es\/wp-json\/wp\/v2\/product_tag?post=7536"}],"curies":[{"name":"wp","href":"https:\/\/api.w.org\/{rel}","templated":true}]}}