{"id":7508,"date":"2025-10-19T06:14:54","date_gmt":"2025-10-19T06:14:54","guid":{"rendered":"https:\/\/stitchedbysyed.com\/product\/teddy-bear-machine-embroidery-design-baby-shower-gift-pes-dst-hus-files\/"},"modified":"2025-11-04T05:20:16","modified_gmt":"2025-11-04T05:20:16","slug":"osito-de-peluche-bordado-a-maquina-diseno-de-regalo-de-baby-shower-pes-dst-hus-archivos","status":"publish","type":"product","link":"https:\/\/stitchedbysyed.com\/es\/producto\/osito-de-peluche-bordado-a-maquina-diseno-de-regalo-de-baby-shower-pes-dst-hus-archivos\/","title":{"rendered":"Osito de peluche bordado a m\u00e1quina: Baby Shower Gift (PES DST HUS Files)"},"content":{"rendered":"<p>Cute Baby Boy Teddy Bear Bordado Dise\u00f1o Patr\u00f3n | Snow Baby Bear<\/p>\n<p>A\u00f1ada un toque de dulzura a su pr\u00f3ximo proyecto con este bonito patr\u00f3n de bordado del osito Teddy Baby Boy, perfecto para todas las m\u00e1quinas de bordar. Con el adorable osito Snow Baby, este patr\u00f3n de bordado aporta calidez y encanto a sus creaciones.<\/p>\n<p>Tanto si est\u00e1 haciendo un regalo de beb\u00e9 personalizado, un anuncio de beb\u00e9 o un detalle para un baby shower, este patr\u00f3n de osito es ideal para proyectos de ni\u00f1a, ni\u00f1o o beb\u00e9. Su vers\u00e1til dise\u00f1o tambi\u00e9n lo hace perfecto para decorar un delantal infantil, art\u00edculos de guarder\u00eda o recuerdos.<\/p>\n<p>Los amantes de los animales apreciar\u00e1n el estilo del bordado de animales, e incluso puede adaptarse como un tierno retrato de mascota o regalo conmemorativo de una mascota. \u00bfQuieres darle un toque especial? A\u00f1ade tu propio toque para convertir este oso en un peluche juguet\u00f3n o de terror para proyectos divertidos o tem\u00e1ticos.<\/p>\n<p>Comb\u00ednalo con detalles de ganchillo u otros elementos de dise\u00f1o bordados para crear una acogedora decoraci\u00f3n de oso que d\u00e9 calidez a cualquier espacio.<\/p>\n<p>\ud83d\udccf Tama\u00f1os (solo en pulgadas de EE. UU.)<br \/>\nTodas las medidas de este anuncio est\u00e1n en pulgadas (EE. UU.), no en sistema m\u00e9trico (cm).<br \/>\nTama\u00f1os disponibles: 4\u00d74, 5\u00d77, 6\u00d710<\/p>\n<p>\ud83e\uddf5 Solo archivo de bordado digital<br \/>\nEste es un archivo de dise\u00f1o de bordado digital \u2014 no se enviar\u00e1 ning\u00fan producto f\u00edsico. Debes tener una m\u00e1quina de bordar para usar estos dise\u00f1os.<\/p>\n<p>\ud83d\udcc2 Formatos de archivo incluidos<br \/>\nTu descarga incluir\u00e1 los siguientes formatos de archivos de bordado:<br \/>\n\u2705 EMB, EXP, DST, HUS, PES, VP3, ART, JEF, PCS, CND, SEW, XXX, CSD<\/p>\n<p>\ud83d\udca1 \u00bfNecesitas un formato diferente? Cont\u00e1ctame antes de comprar.<br \/>\n\ud83d\udccc \u00bfNecesitas un tama\u00f1o personalizado? Por favor, cont\u00e1ctame antes de comprar.<\/p>\n<p>T\u00e9rminos de uso<\/p>\n<p>Puedes<br \/>\nUsar este archivo para proyectos personales<br \/>\nCrear art\u00edculos f\u00edsicos para vender (camisetas, bolsos, decoraci\u00f3n del hogar, etc.)<\/p>\n<p>No puede<br \/>\nNo comparta, venda ni distribuya este archivo digital.<br \/>\nNo revenda este archivo en ning\u00fan formato (no se puede vender tal cual).<\/p>\n<p>Informaci\u00f3n importante<br \/>\nEste es un producto digital \u2014 no hay reembolsos.<br \/>\nLa calidad del bordado depende de los ajustes de su m\u00e1quina, la tensi\u00f3n del hilo, el estabilizador, la tela y la aguja.<br \/>\nPara una versi\u00f3n personalizada dise\u00f1ada para bordar en gorras, comun\u00edquese conmigo antes de comprar. Este servicio tiene un costo superior al listado est\u00e1ndar.<br \/>\nSe recomienda encarecidamente una puntada de prueba antes de la producci\u00f3n final.<\/p>\n<p>Satisfacci\u00f3n del cliente garantizada \ud83d\udcaf<br \/>\nSu satisfacci\u00f3n es muy importante para m\u00ed. Si tiene dudas o inconvenientes con su dise\u00f1o, cont\u00e1cteme cuando lo necesite \u2014 estar\u00e9 encantado de ayudarle.<\/p>\n<p>Muchas gracias por visitar mi tienda StitchedBySyed \ud83d\udc8c \u2014 le deseo momentos creativos y felices bordando sus nuevos dise\u00f1os.<\/p>","protected":false},"excerpt":{"rendered":"<p>Cute Baby Boy Teddy Bear Embroidery Design Pattern | Snow Baby Bear Add a touch of sweetness to your next project with this Cute Baby Boy Teddy Bear Embroidery Design Pattern \u2013 perfect for all embroidery machines. Featuring the adorable Snow Baby Bear, this embroidery pattern brings warmth and charm to your creations. Whether you&#8217;re [&hellip;]<\/p>","protected":false},"featured_media":7509,"comment_status":"open","ping_status":"closed","template":"","meta":[],"product_brand":[],"product_cat":[156,183],"product_tag":[98,190,249,246,250,251,70,172,245,248,244,243,247],"class_list":{"0":"post-7508","1":"product","2":"type-product","3":"status-publish","4":"has-post-thumbnail","6":"product_cat-animal-embroidery","7":"product_cat-embroidery-machine-files","8":"product_tag-animal-embroidery","9":"product_tag-baby-quotes","10":"product_tag-baby-sayings","11":"product_tag-custom-baby-gift","12":"product_tag-cute-baby","13":"product_tag-embroidery-panda","14":"product_tag-embroidery-pattern","15":"product_tag-embroiderydesign","16":"product_tag-girl-kid-boy-baby","17":"product_tag-horror-teddy-bear","18":"product_tag-pet-memorial-gift","19":"product_tag-pet-portrait","20":"product_tag-teddy-bear-pattern","22":"first","23":"instock","24":"sale","25":"downloadable","26":"taxable","27":"shipping-taxable","28":"purchasable","29":"product-type-simple"},"yoast_head":"<!-- This site is optimized with the Yoast SEO Premium plugin v26.2 (Yoast SEO v26.2) - https:\/\/yoast.com\/wordpress\/plugins\/seo\/ -->\n<title>Teddy Bear Machine Embroidery Design: Baby Shower Gift (PES DST HUS Files) - stitchedbysyed.com<\/title>\n<meta name=\"description\" content=\"Cute Baby Boy Teddy Bear Embroidery Design Pattern | Snow Baby BearAdd a touch of sweetness to your next project with this Cute Baby Boy Teddy Bear Embroidery Design Pattern \u2013 perfect for all embroidery machines.\" \/>\n<meta name=\"robots\" content=\"index, follow, max-snippet:-1, max-image-preview:large, max-video-preview:-1\" \/>\n<link rel=\"canonical\" href=\"https:\/\/stitchedbysyed.com\/es\/producto\/osito-de-peluche-bordado-a-maquina-diseno-de-regalo-de-baby-shower-pes-dst-hus-archivos\/\" \/>\n<meta property=\"og:locale\" content=\"es_ES\" \/>\n<meta property=\"og:type\" content=\"article\" \/>\n<meta property=\"og:title\" content=\"Teddy Bear Machine Embroidery Design: Baby Shower Gift (PES DST HUS Files)\" \/>\n<meta property=\"og:description\" content=\"Cute Baby Boy Teddy Bear Embroidery Design Pattern | Snow Baby BearAdd a touch of sweetness to your next project with this Cute Baby Boy Teddy Bear Embroidery Design Pattern \u2013 perfect for all embroidery machines.\" \/>\n<meta property=\"og:url\" content=\"https:\/\/stitchedbysyed.com\/es\/producto\/osito-de-peluche-bordado-a-maquina-diseno-de-regalo-de-baby-shower-pes-dst-hus-archivos\/\" \/>\n<meta property=\"og:site_name\" content=\"stitchedbysyed.com\" \/>\n<meta property=\"article:modified_time\" content=\"2025-11-04T05:20:16+00:00\" \/>\n<meta property=\"og:image\" content=\"https:\/\/stitchedbysyed.com\/wp-content\/uploads\/2025\/10\/il_fullxfull.7272715570_r578.jpg\" \/>\n\t<meta property=\"og:image:width\" content=\"1200\" \/>\n\t<meta property=\"og:image:height\" content=\"1200\" \/>\n\t<meta property=\"og:image:type\" content=\"image\/jpeg\" \/>\n<meta name=\"twitter:card\" content=\"summary_large_image\" \/>\n<meta name=\"twitter:label1\" content=\"Tiempo de lectura\" \/>\n\t<meta name=\"twitter:data1\" content=\"2 minutos\" \/>\n<script type=\"application\/ld+json\" class=\"yoast-schema-graph\">{\"@context\":\"https:\/\/schema.org\",\"@graph\":[{\"@type\":\"WebPage\",\"@id\":\"https:\/\/stitchedbysyed.com\/product\/teddy-bear-machine-embroidery-design-baby-shower-gift-pes-dst-hus-files\/\",\"url\":\"https:\/\/stitchedbysyed.com\/product\/teddy-bear-machine-embroidery-design-baby-shower-gift-pes-dst-hus-files\/\",\"name\":\"Teddy Bear Machine Embroidery Design: Baby Shower Gift (PES DST HUS Files) - stitchedbysyed.com\",\"isPartOf\":{\"@id\":\"https:\/\/stitchedbysyed.com\/#website\"},\"primaryImageOfPage\":{\"@id\":\"https:\/\/stitchedbysyed.com\/product\/teddy-bear-machine-embroidery-design-baby-shower-gift-pes-dst-hus-files\/#primaryimage\"},\"image\":{\"@id\":\"https:\/\/stitchedbysyed.com\/product\/teddy-bear-machine-embroidery-design-baby-shower-gift-pes-dst-hus-files\/#primaryimage\"},\"thumbnailUrl\":\"https:\/\/stitchedbysyed.com\/wp-content\/uploads\/2025\/10\/il_fullxfull.7272715570_r578.jpg\",\"datePublished\":\"2025-10-19T06:14:54+00:00\",\"dateModified\":\"2025-11-04T05:20:16+00:00\",\"description\":\"Cute Baby Boy Teddy Bear Embroidery Design Pattern | Snow Baby BearAdd a touch of sweetness to your next project with this Cute Baby Boy Teddy Bear Embroidery Design Pattern \u2013 perfect for all embroidery machines.\",\"breadcrumb\":{\"@id\":\"https:\/\/stitchedbysyed.com\/product\/teddy-bear-machine-embroidery-design-baby-shower-gift-pes-dst-hus-files\/#breadcrumb\"},\"inLanguage\":\"es\",\"potentialAction\":[{\"@type\":\"ReadAction\",\"target\":[\"https:\/\/stitchedbysyed.com\/product\/teddy-bear-machine-embroidery-design-baby-shower-gift-pes-dst-hus-files\/\"]}]},{\"@type\":\"ImageObject\",\"inLanguage\":\"es\",\"@id\":\"https:\/\/stitchedbysyed.com\/product\/teddy-bear-machine-embroidery-design-baby-shower-gift-pes-dst-hus-files\/#primaryimage\",\"url\":\"https:\/\/stitchedbysyed.com\/wp-content\/uploads\/2025\/10\/il_fullxfull.7272715570_r578.jpg\",\"contentUrl\":\"https:\/\/stitchedbysyed.com\/wp-content\/uploads\/2025\/10\/il_fullxfull.7272715570_r578.jpg\",\"width\":1200,\"height\":1200},{\"@type\":\"BreadcrumbList\",\"@id\":\"https:\/\/stitchedbysyed.com\/product\/teddy-bear-machine-embroidery-design-baby-shower-gift-pes-dst-hus-files\/#breadcrumb\",\"itemListElement\":[{\"@type\":\"ListItem\",\"position\":1,\"name\":\"Home\",\"item\":\"https:\/\/stitchedbysyed.com\/\"},{\"@type\":\"ListItem\",\"position\":2,\"name\":\"Shop\",\"item\":\"https:\/\/stitchedbysyed.com\/shop\/\"},{\"@type\":\"ListItem\",\"position\":3,\"name\":\"Teddy Bear Machine Embroidery Design: Baby Shower Gift (PES DST HUS Files)\"}]},{\"@type\":\"WebSite\",\"@id\":\"https:\/\/stitchedbysyed.com\/#website\",\"url\":\"https:\/\/stitchedbysyed.com\/\",\"name\":\"stitchedbysyed.com\",\"description\":\"\",\"publisher\":{\"@id\":\"https:\/\/stitchedbysyed.com\/#organization\"},\"potentialAction\":[{\"@type\":\"SearchAction\",\"target\":{\"@type\":\"EntryPoint\",\"urlTemplate\":\"https:\/\/stitchedbysyed.com\/?s={search_term_string}\"},\"query-input\":{\"@type\":\"PropertyValueSpecification\",\"valueRequired\":true,\"valueName\":\"search_term_string\"}}],\"inLanguage\":\"es\"},{\"@type\":\"Organization\",\"@id\":\"https:\/\/stitchedbysyed.com\/#organization\",\"name\":\"stitchedbysyed.com\",\"url\":\"https:\/\/stitchedbysyed.com\/\",\"logo\":{\"@type\":\"ImageObject\",\"inLanguage\":\"es\",\"@id\":\"https:\/\/stitchedbysyed.com\/#\/schema\/logo\/image\/\",\"url\":\"https:\/\/stitchedbysyed.com\/wp-content\/uploads\/2025\/10\/cropped-Stitchedbysyed_logo_dark.webp\",\"contentUrl\":\"https:\/\/stitchedbysyed.com\/wp-content\/uploads\/2025\/10\/cropped-Stitchedbysyed_logo_dark.webp\",\"width\":395,\"height\":162,\"caption\":\"stitchedbysyed.com\"},\"image\":{\"@id\":\"https:\/\/stitchedbysyed.com\/#\/schema\/logo\/image\/\"}}]}<\/script>\n<!-- \/ Yoast SEO Premium plugin. -->","yoast_head_json":{"title":"Osito de peluche bordado a m\u00e1quina de dise\u00f1o: Baby Shower Gift (PES DST HUS Files) - stitchedbysyed.com","description":"Patr\u00f3n de dise\u00f1o de bordado de un lindo osito de peluche para beb\u00e9 | Snow Baby BearA\u00f1ada un toque de dulzura a su pr\u00f3ximo proyecto con este patr\u00f3n de dise\u00f1o de bordado de un lindo osito de peluche para beb\u00e9 - perfecto para todas las m\u00e1quinas de bordado.","robots":{"index":"index","follow":"follow","max-snippet":"max-snippet:-1","max-image-preview":"max-image-preview:large","max-video-preview":"max-video-preview:-1"},"canonical":"https:\/\/stitchedbysyed.com\/es\/producto\/osito-de-peluche-bordado-a-maquina-diseno-de-regalo-de-baby-shower-pes-dst-hus-archivos\/","og_locale":"es_ES","og_type":"article","og_title":"Teddy Bear Machine Embroidery Design: Baby Shower Gift (PES DST HUS Files)","og_description":"Cute Baby Boy Teddy Bear Embroidery Design Pattern | Snow Baby BearAdd a touch of sweetness to your next project with this Cute Baby Boy Teddy Bear Embroidery Design Pattern \u2013 perfect for all embroidery machines.","og_url":"https:\/\/stitchedbysyed.com\/es\/producto\/osito-de-peluche-bordado-a-maquina-diseno-de-regalo-de-baby-shower-pes-dst-hus-archivos\/","og_site_name":"stitchedbysyed.com","article_modified_time":"2025-11-04T05:20:16+00:00","og_image":[{"width":1200,"height":1200,"url":"https:\/\/stitchedbysyed.com\/wp-content\/uploads\/2025\/10\/il_fullxfull.7272715570_r578.jpg","type":"image\/jpeg"}],"twitter_card":"summary_large_image","twitter_misc":{"Tiempo de lectura":"2 minutos"},"schema":{"@context":"https:\/\/schema.org","@graph":[{"@type":"WebPage","@id":"https:\/\/stitchedbysyed.com\/product\/teddy-bear-machine-embroidery-design-baby-shower-gift-pes-dst-hus-files\/","url":"https:\/\/stitchedbysyed.com\/product\/teddy-bear-machine-embroidery-design-baby-shower-gift-pes-dst-hus-files\/","name":"Osito de peluche bordado a m\u00e1quina de dise\u00f1o: Baby Shower Gift (PES DST HUS Files) - stitchedbysyed.com","isPartOf":{"@id":"https:\/\/stitchedbysyed.com\/#website"},"primaryImageOfPage":{"@id":"https:\/\/stitchedbysyed.com\/product\/teddy-bear-machine-embroidery-design-baby-shower-gift-pes-dst-hus-files\/#primaryimage"},"image":{"@id":"https:\/\/stitchedbysyed.com\/product\/teddy-bear-machine-embroidery-design-baby-shower-gift-pes-dst-hus-files\/#primaryimage"},"thumbnailUrl":"https:\/\/stitchedbysyed.com\/wp-content\/uploads\/2025\/10\/il_fullxfull.7272715570_r578.jpg","datePublished":"2025-10-19T06:14:54+00:00","dateModified":"2025-11-04T05:20:16+00:00","description":"Patr\u00f3n de dise\u00f1o de bordado de un lindo osito de peluche para beb\u00e9 | Snow Baby BearA\u00f1ada un toque de dulzura a su pr\u00f3ximo proyecto con este patr\u00f3n de dise\u00f1o de bordado de un lindo osito de peluche para beb\u00e9 - perfecto para todas las m\u00e1quinas de bordado.","breadcrumb":{"@id":"https:\/\/stitchedbysyed.com\/product\/teddy-bear-machine-embroidery-design-baby-shower-gift-pes-dst-hus-files\/#breadcrumb"},"inLanguage":"es","potentialAction":[{"@type":"ReadAction","target":["https:\/\/stitchedbysyed.com\/product\/teddy-bear-machine-embroidery-design-baby-shower-gift-pes-dst-hus-files\/"]}]},{"@type":"ImageObject","inLanguage":"es","@id":"https:\/\/stitchedbysyed.com\/product\/teddy-bear-machine-embroidery-design-baby-shower-gift-pes-dst-hus-files\/#primaryimage","url":"https:\/\/stitchedbysyed.com\/wp-content\/uploads\/2025\/10\/il_fullxfull.7272715570_r578.jpg","contentUrl":"https:\/\/stitchedbysyed.com\/wp-content\/uploads\/2025\/10\/il_fullxfull.7272715570_r578.jpg","width":1200,"height":1200},{"@type":"BreadcrumbList","@id":"https:\/\/stitchedbysyed.com\/product\/teddy-bear-machine-embroidery-design-baby-shower-gift-pes-dst-hus-files\/#breadcrumb","itemListElement":[{"@type":"ListItem","position":1,"name":"Home","item":"https:\/\/stitchedbysyed.com\/"},{"@type":"ListItem","position":2,"name":"Shop","item":"https:\/\/stitchedbysyed.com\/shop\/"},{"@type":"ListItem","position":3,"name":"Teddy Bear Machine Embroidery Design: Baby Shower Gift (PES DST HUS Files)"}]},{"@type":"WebSite","@id":"https:\/\/stitchedbysyed.com\/#website","url":"https:\/\/stitchedbysyed.com\/","name":"stitchedbysyed.com","description":"","publisher":{"@id":"https:\/\/stitchedbysyed.com\/#organization"},"potentialAction":[{"@type":"SearchAction","target":{"@type":"EntryPoint","urlTemplate":"https:\/\/stitchedbysyed.com\/?s={search_term_string}"},"query-input":{"@type":"PropertyValueSpecification","valueRequired":true,"valueName":"search_term_string"}}],"inLanguage":"es"},{"@type":"Organization","@id":"https:\/\/stitchedbysyed.com\/#organization","name":"stitchedbysyed.com","url":"https:\/\/stitchedbysyed.com\/","logo":{"@type":"ImageObject","inLanguage":"es","@id":"https:\/\/stitchedbysyed.com\/#\/schema\/logo\/image\/","url":"https:\/\/stitchedbysyed.com\/wp-content\/uploads\/2025\/10\/cropped-Stitchedbysyed_logo_dark.webp","contentUrl":"https:\/\/stitchedbysyed.com\/wp-content\/uploads\/2025\/10\/cropped-Stitchedbysyed_logo_dark.webp","width":395,"height":162,"caption":"stitchedbysyed.com"},"image":{"@id":"https:\/\/stitchedbysyed.com\/#\/schema\/logo\/image\/"}}]}},"_links":{"self":[{"href":"https:\/\/stitchedbysyed.com\/es\/wp-json\/wp\/v2\/product\/7508","targetHints":{"allow":["GET"]}}],"collection":[{"href":"https:\/\/stitchedbysyed.com\/es\/wp-json\/wp\/v2\/product"}],"about":[{"href":"https:\/\/stitchedbysyed.com\/es\/wp-json\/wp\/v2\/types\/product"}],"replies":[{"embeddable":true,"href":"https:\/\/stitchedbysyed.com\/es\/wp-json\/wp\/v2\/comments?post=7508"}],"wp:featuredmedia":[{"embeddable":true,"href":"https:\/\/stitchedbysyed.com\/es\/wp-json\/wp\/v2\/media\/7509"}],"wp:attachment":[{"href":"https:\/\/stitchedbysyed.com\/es\/wp-json\/wp\/v2\/media?parent=7508"}],"wp:term":[{"taxonomy":"product_brand","embeddable":true,"href":"https:\/\/stitchedbysyed.com\/es\/wp-json\/wp\/v2\/product_brand?post=7508"},{"taxonomy":"product_cat","embeddable":true,"href":"https:\/\/stitchedbysyed.com\/es\/wp-json\/wp\/v2\/product_cat?post=7508"},{"taxonomy":"product_tag","embeddable":true,"href":"https:\/\/stitchedbysyed.com\/es\/wp-json\/wp\/v2\/product_tag?post=7508"}],"curies":[{"name":"wp","href":"https:\/\/api.w.org\/{rel}","templated":true}]}}