{"id":7438,"date":"2025-10-19T06:09:14","date_gmt":"2025-10-19T06:09:14","guid":{"rendered":"https:\/\/stitchedbysyed.com\/product\/cute-monkey-art-dreamcatcher-embroidery-design-jungle-animal-machine-embroidery-file-baby-nursery-decor-pes-dst-jef-instant-download\/"},"modified":"2025-11-04T05:21:05","modified_gmt":"2025-11-04T05:21:05","slug":"lindo-mono-arte-atrapasuenos-diseno-de-la-selva-animal-bordado-a-maquina-archivo-bebe-decoracion-de-la-guarderia-pes-dst-jef-descarga-instantanea","status":"publish","type":"product","link":"https:\/\/stitchedbysyed.com\/es\/producto\/lindo-mono-arte-atrapasuenos-diseno-de-la-selva-animal-bordado-a-maquina-archivo-bebe-decoracion-de-la-guarderia-pes-dst-jef-descarga-instantanea\/","title":{"rendered":"Mono Lindo Arte Dreamcatcher Bordado Dise\u00f1o | Jungle Animal Bordado a M\u00e1quina Archivo | Baby Nursery Decor PES DST JEF Instant Download"},"content":{"rendered":"<p>Adorable dise\u00f1o de mono atrapasue\u00f1os bordado, perfecto para ropa infantil, cojines de guarder\u00eda, edredones y decoraci\u00f3n con tem\u00e1tica selv\u00e1tica.<br \/>\nLa descarga digital instant\u00e1nea incluye archivos PES, DST y JEF compatibles con las principales m\u00e1quinas de bordar.<\/p>\n<p>\ud83d\udccf Tama\u00f1os (solo en pulgadas de EE. UU.)<br \/>\nTodas las medidas de este anuncio est\u00e1n en pulgadas (EE. UU.), no en sistema m\u00e9trico (cm).<br \/>\nTama\u00f1os disponibles: 4\u00d74, 5\u00d77, 6\u00d710<\/p>\n<p>\ud83e\uddf5 Solo archivo de bordado digital<br \/>\nEste es un archivo de dise\u00f1o de bordado digital \u2014 no se enviar\u00e1 ning\u00fan producto f\u00edsico. Debes tener una m\u00e1quina de bordar para usar estos dise\u00f1os.<\/p>\n<p>\ud83d\udcc2 Formatos de archivo incluidos<br \/>\nTu descarga incluir\u00e1 los siguientes formatos de archivos de bordado:<br \/>\n\u2705 EMB, EXP, DST, HUS, PES, VP3, ART, JEF, PCS, CND, SEW, XXX, CSD<\/p>\n<p>\ud83d\udca1 \u00bfNecesitas un formato diferente? Cont\u00e1ctame antes de comprar.<br \/>\n\ud83d\udccc \u00bfNecesitas un tama\u00f1o personalizado? Por favor, cont\u00e1ctame antes de comprar.<\/p>\n<p>T\u00e9rminos de uso<\/p>\n<p>Puedes<br \/>\nUsar este archivo para proyectos personales<br \/>\nCrear art\u00edculos f\u00edsicos para vender (camisetas, bolsos, decoraci\u00f3n del hogar, etc.)<\/p>\n<p>No puede<br \/>\nNo comparta, venda ni distribuya este archivo digital.<br \/>\nNo revenda este archivo en ning\u00fan formato (no se puede vender tal cual).<\/p>\n<p>Informaci\u00f3n importante<br \/>\nEste es un producto digital \u2014 no hay reembolsos.<br \/>\nLa calidad del bordado depende de los ajustes de su m\u00e1quina, la tensi\u00f3n del hilo, el estabilizador, la tela y la aguja.<br \/>\nPara una versi\u00f3n personalizada dise\u00f1ada para bordar en gorras, comun\u00edquese conmigo antes de comprar. Este servicio tiene un costo superior al listado est\u00e1ndar.<br \/>\nSe recomienda encarecidamente una puntada de prueba antes de la producci\u00f3n final.<\/p>\n<p>Satisfacci\u00f3n del cliente garantizada \ud83d\udcaf<br \/>\nSu satisfacci\u00f3n es muy importante para m\u00ed. Si tiene dudas o inconvenientes con su dise\u00f1o, cont\u00e1cteme cuando lo necesite \u2014 estar\u00e9 encantado de ayudarle.<\/p>\n<p>Muchas gracias por visitar mi tienda StitchedBySyed \ud83d\udc8c \u2014 le deseo momentos creativos y felices bordando sus nuevos dise\u00f1os.<\/p>","protected":false},"excerpt":{"rendered":"<p>Adorable monkey dreamcatcher embroidery design \u2014 perfect for kids\u2019 clothing, nursery pillows, quilts, and jungle-themed decor. Instant digital download includes PES, DST &amp; JEF files compatible with all major embroidery machines. \ud83d\udccf Sizes (US Inches Only) All sizes in this listing are in inches (US), not metric (cm). Available Sizes: 4&#215;4, 5&#215;7, 6&#215;10 \ud83e\uddf5 Digital [&hellip;]<\/p>","protected":false},"featured_media":7439,"comment_status":"open","ping_status":"closed","template":"","meta":[],"product_brand":[],"product_cat":[156,183],"product_tag":[98,174,181,182,70,180,172,179,173,178,176,175,177],"class_list":{"0":"post-7438","1":"product","2":"type-product","3":"status-publish","4":"has-post-thumbnail","6":"product_cat-animal-embroidery","7":"product_cat-embroidery-machine-files","8":"product_tag-animal-embroidery","9":"product_tag-arctic-monkeys","10":"product_tag-embroidery-font","11":"product_tag-embroidery-patch","12":"product_tag-embroidery-pattern","13":"product_tag-embroidery-safari","14":"product_tag-embroiderydesign","15":"product_tag-hippo-embroidery","16":"product_tag-monkey-art","17":"product_tag-monkey-crochet","18":"product_tag-monkey-rocker","19":"product_tag-monkey-tail-cactus","20":"product_tag-sock-monkey","22":"first","23":"instock","24":"sale","25":"downloadable","26":"taxable","27":"shipping-taxable","28":"purchasable","29":"product-type-simple"},"yoast_head":"<!-- This site is optimized with the Yoast SEO Premium plugin v26.2 (Yoast SEO v26.2) - https:\/\/yoast.com\/wordpress\/plugins\/seo\/ -->\n<title>Cute Monkey Art Dreamcatcher Embroidery Design | Jungle Animal Machine Embroidery File | Baby Nursery Decor PES DST JEF Instant Download - stitchedbysyed.com<\/title>\n<meta name=\"description\" content=\"Adorable monkey dreamcatcher animal embroidery design \u2014 perfect for kids\u2019 clothing, nursery pillows, quilts, and jungle-themed decor. Instant Download\" \/>\n<meta name=\"robots\" content=\"index, follow, max-snippet:-1, max-image-preview:large, max-video-preview:-1\" \/>\n<link rel=\"canonical\" href=\"https:\/\/stitchedbysyed.com\/es\/producto\/lindo-mono-arte-atrapasuenos-diseno-de-la-selva-animal-bordado-a-maquina-archivo-bebe-decoracion-de-la-guarderia-pes-dst-jef-descarga-instantanea\/\" \/>\n<meta property=\"og:locale\" content=\"es_ES\" \/>\n<meta property=\"og:type\" content=\"article\" \/>\n<meta property=\"og:title\" content=\"Cute Monkey Art Dreamcatcher Embroidery Design | Jungle Animal Machine Embroidery File | Baby Nursery Decor PES DST JEF Instant Download\" \/>\n<meta property=\"og:description\" content=\"Adorable monkey dreamcatcher animal embroidery design \u2014 perfect for kids\u2019 clothing, nursery pillows, quilts, and jungle-themed decor. Instant Download\" \/>\n<meta property=\"og:url\" content=\"https:\/\/stitchedbysyed.com\/es\/producto\/lindo-mono-arte-atrapasuenos-diseno-de-la-selva-animal-bordado-a-maquina-archivo-bebe-decoracion-de-la-guarderia-pes-dst-jef-descarga-instantanea\/\" \/>\n<meta property=\"og:site_name\" content=\"stitchedbysyed.com\" \/>\n<meta property=\"article:modified_time\" content=\"2025-11-04T05:21:05+00:00\" \/>\n<meta property=\"og:image\" content=\"https:\/\/stitchedbysyed.com\/wp-content\/uploads\/2025\/10\/il_fullxfull.7347731395_cl0q-scaled.jpg\" \/>\n\t<meta property=\"og:image:width\" content=\"2560\" \/>\n\t<meta property=\"og:image:height\" content=\"2560\" \/>\n\t<meta property=\"og:image:type\" content=\"image\/jpeg\" \/>\n<meta name=\"twitter:card\" content=\"summary_large_image\" \/>\n<meta name=\"twitter:label1\" content=\"Tiempo de lectura\" \/>\n\t<meta name=\"twitter:data1\" content=\"2 minutos\" \/>\n<script type=\"application\/ld+json\" class=\"yoast-schema-graph\">{\"@context\":\"https:\/\/schema.org\",\"@graph\":[{\"@type\":\"WebPage\",\"@id\":\"https:\/\/stitchedbysyed.com\/product\/cute-monkey-art-dreamcatcher-embroidery-design-jungle-animal-machine-embroidery-file-baby-nursery-decor-pes-dst-jef-instant-download\/\",\"url\":\"https:\/\/stitchedbysyed.com\/product\/cute-monkey-art-dreamcatcher-embroidery-design-jungle-animal-machine-embroidery-file-baby-nursery-decor-pes-dst-jef-instant-download\/\",\"name\":\"Cute Monkey Art Dreamcatcher Embroidery Design | Jungle Animal Machine Embroidery File | Baby Nursery Decor PES DST JEF Instant Download - stitchedbysyed.com\",\"isPartOf\":{\"@id\":\"https:\/\/stitchedbysyed.com\/#website\"},\"primaryImageOfPage\":{\"@id\":\"https:\/\/stitchedbysyed.com\/product\/cute-monkey-art-dreamcatcher-embroidery-design-jungle-animal-machine-embroidery-file-baby-nursery-decor-pes-dst-jef-instant-download\/#primaryimage\"},\"image\":{\"@id\":\"https:\/\/stitchedbysyed.com\/product\/cute-monkey-art-dreamcatcher-embroidery-design-jungle-animal-machine-embroidery-file-baby-nursery-decor-pes-dst-jef-instant-download\/#primaryimage\"},\"thumbnailUrl\":\"https:\/\/stitchedbysyed.com\/wp-content\/uploads\/2025\/10\/il_fullxfull.7347731395_cl0q-scaled.jpg\",\"datePublished\":\"2025-10-19T06:09:14+00:00\",\"dateModified\":\"2025-11-04T05:21:05+00:00\",\"description\":\"Adorable monkey dreamcatcher animal embroidery design \u2014 perfect for kids\u2019 clothing, nursery pillows, quilts, and jungle-themed decor. Instant Download\",\"breadcrumb\":{\"@id\":\"https:\/\/stitchedbysyed.com\/product\/cute-monkey-art-dreamcatcher-embroidery-design-jungle-animal-machine-embroidery-file-baby-nursery-decor-pes-dst-jef-instant-download\/#breadcrumb\"},\"inLanguage\":\"es\",\"potentialAction\":[{\"@type\":\"ReadAction\",\"target\":[\"https:\/\/stitchedbysyed.com\/product\/cute-monkey-art-dreamcatcher-embroidery-design-jungle-animal-machine-embroidery-file-baby-nursery-decor-pes-dst-jef-instant-download\/\"]}]},{\"@type\":\"ImageObject\",\"inLanguage\":\"es\",\"@id\":\"https:\/\/stitchedbysyed.com\/product\/cute-monkey-art-dreamcatcher-embroidery-design-jungle-animal-machine-embroidery-file-baby-nursery-decor-pes-dst-jef-instant-download\/#primaryimage\",\"url\":\"https:\/\/stitchedbysyed.com\/wp-content\/uploads\/2025\/10\/il_fullxfull.7347731395_cl0q-scaled.jpg\",\"contentUrl\":\"https:\/\/stitchedbysyed.com\/wp-content\/uploads\/2025\/10\/il_fullxfull.7347731395_cl0q-scaled.jpg\",\"width\":2560,\"height\":2560},{\"@type\":\"BreadcrumbList\",\"@id\":\"https:\/\/stitchedbysyed.com\/product\/cute-monkey-art-dreamcatcher-embroidery-design-jungle-animal-machine-embroidery-file-baby-nursery-decor-pes-dst-jef-instant-download\/#breadcrumb\",\"itemListElement\":[{\"@type\":\"ListItem\",\"position\":1,\"name\":\"Home\",\"item\":\"https:\/\/stitchedbysyed.com\/\"},{\"@type\":\"ListItem\",\"position\":2,\"name\":\"Shop\",\"item\":\"https:\/\/stitchedbysyed.com\/shop\/\"},{\"@type\":\"ListItem\",\"position\":3,\"name\":\"Cute Monkey Art Dreamcatcher Embroidery Design | Jungle Animal Machine Embroidery File | Baby Nursery Decor PES DST JEF Instant Download\"}]},{\"@type\":\"WebSite\",\"@id\":\"https:\/\/stitchedbysyed.com\/#website\",\"url\":\"https:\/\/stitchedbysyed.com\/\",\"name\":\"stitchedbysyed.com\",\"description\":\"\",\"publisher\":{\"@id\":\"https:\/\/stitchedbysyed.com\/#organization\"},\"potentialAction\":[{\"@type\":\"SearchAction\",\"target\":{\"@type\":\"EntryPoint\",\"urlTemplate\":\"https:\/\/stitchedbysyed.com\/?s={search_term_string}\"},\"query-input\":{\"@type\":\"PropertyValueSpecification\",\"valueRequired\":true,\"valueName\":\"search_term_string\"}}],\"inLanguage\":\"es\"},{\"@type\":\"Organization\",\"@id\":\"https:\/\/stitchedbysyed.com\/#organization\",\"name\":\"stitchedbysyed.com\",\"url\":\"https:\/\/stitchedbysyed.com\/\",\"logo\":{\"@type\":\"ImageObject\",\"inLanguage\":\"es\",\"@id\":\"https:\/\/stitchedbysyed.com\/#\/schema\/logo\/image\/\",\"url\":\"https:\/\/stitchedbysyed.com\/wp-content\/uploads\/2025\/10\/cropped-Stitchedbysyed_logo_dark.webp\",\"contentUrl\":\"https:\/\/stitchedbysyed.com\/wp-content\/uploads\/2025\/10\/cropped-Stitchedbysyed_logo_dark.webp\",\"width\":395,\"height\":162,\"caption\":\"stitchedbysyed.com\"},\"image\":{\"@id\":\"https:\/\/stitchedbysyed.com\/#\/schema\/logo\/image\/\"}}]}<\/script>\n<!-- \/ Yoast SEO Premium plugin. -->","yoast_head_json":{"title":"Cute Monkey Art Dreamcatcher Bordado Dise\u00f1o | Jungle Animal Bordado a M\u00e1quina Archivo | Baby Nursery Decor PES DST JEF Instant Download - stitchedbysyed.com","description":"Bordado de un adorable mono atrapasue\u00f1os, perfecto para ropa de ni\u00f1os, cojines de guarder\u00eda, colchas y decoraci\u00f3n con tem\u00e1tica selv\u00e1tica. Descarga instant\u00e1nea","robots":{"index":"index","follow":"follow","max-snippet":"max-snippet:-1","max-image-preview":"max-image-preview:large","max-video-preview":"max-video-preview:-1"},"canonical":"https:\/\/stitchedbysyed.com\/es\/producto\/lindo-mono-arte-atrapasuenos-diseno-de-la-selva-animal-bordado-a-maquina-archivo-bebe-decoracion-de-la-guarderia-pes-dst-jef-descarga-instantanea\/","og_locale":"es_ES","og_type":"article","og_title":"Cute Monkey Art Dreamcatcher Embroidery Design | Jungle Animal Machine Embroidery File | Baby Nursery Decor PES DST JEF Instant Download","og_description":"Adorable monkey dreamcatcher animal embroidery design \u2014 perfect for kids\u2019 clothing, nursery pillows, quilts, and jungle-themed decor. Instant Download","og_url":"https:\/\/stitchedbysyed.com\/es\/producto\/lindo-mono-arte-atrapasuenos-diseno-de-la-selva-animal-bordado-a-maquina-archivo-bebe-decoracion-de-la-guarderia-pes-dst-jef-descarga-instantanea\/","og_site_name":"stitchedbysyed.com","article_modified_time":"2025-11-04T05:21:05+00:00","og_image":[{"width":2560,"height":2560,"url":"https:\/\/stitchedbysyed.com\/wp-content\/uploads\/2025\/10\/il_fullxfull.7347731395_cl0q-scaled.jpg","type":"image\/jpeg"}],"twitter_card":"summary_large_image","twitter_misc":{"Tiempo de lectura":"2 minutos"},"schema":{"@context":"https:\/\/schema.org","@graph":[{"@type":"WebPage","@id":"https:\/\/stitchedbysyed.com\/product\/cute-monkey-art-dreamcatcher-embroidery-design-jungle-animal-machine-embroidery-file-baby-nursery-decor-pes-dst-jef-instant-download\/","url":"https:\/\/stitchedbysyed.com\/product\/cute-monkey-art-dreamcatcher-embroidery-design-jungle-animal-machine-embroidery-file-baby-nursery-decor-pes-dst-jef-instant-download\/","name":"Cute Monkey Art Dreamcatcher Bordado Dise\u00f1o | Jungle Animal Bordado a M\u00e1quina Archivo | Baby Nursery Decor PES DST JEF Instant Download - stitchedbysyed.com","isPartOf":{"@id":"https:\/\/stitchedbysyed.com\/#website"},"primaryImageOfPage":{"@id":"https:\/\/stitchedbysyed.com\/product\/cute-monkey-art-dreamcatcher-embroidery-design-jungle-animal-machine-embroidery-file-baby-nursery-decor-pes-dst-jef-instant-download\/#primaryimage"},"image":{"@id":"https:\/\/stitchedbysyed.com\/product\/cute-monkey-art-dreamcatcher-embroidery-design-jungle-animal-machine-embroidery-file-baby-nursery-decor-pes-dst-jef-instant-download\/#primaryimage"},"thumbnailUrl":"https:\/\/stitchedbysyed.com\/wp-content\/uploads\/2025\/10\/il_fullxfull.7347731395_cl0q-scaled.jpg","datePublished":"2025-10-19T06:09:14+00:00","dateModified":"2025-11-04T05:21:05+00:00","description":"Bordado de un adorable mono atrapasue\u00f1os, perfecto para ropa de ni\u00f1os, cojines de guarder\u00eda, colchas y decoraci\u00f3n con tem\u00e1tica selv\u00e1tica. Descarga instant\u00e1nea","breadcrumb":{"@id":"https:\/\/stitchedbysyed.com\/product\/cute-monkey-art-dreamcatcher-embroidery-design-jungle-animal-machine-embroidery-file-baby-nursery-decor-pes-dst-jef-instant-download\/#breadcrumb"},"inLanguage":"es","potentialAction":[{"@type":"ReadAction","target":["https:\/\/stitchedbysyed.com\/product\/cute-monkey-art-dreamcatcher-embroidery-design-jungle-animal-machine-embroidery-file-baby-nursery-decor-pes-dst-jef-instant-download\/"]}]},{"@type":"ImageObject","inLanguage":"es","@id":"https:\/\/stitchedbysyed.com\/product\/cute-monkey-art-dreamcatcher-embroidery-design-jungle-animal-machine-embroidery-file-baby-nursery-decor-pes-dst-jef-instant-download\/#primaryimage","url":"https:\/\/stitchedbysyed.com\/wp-content\/uploads\/2025\/10\/il_fullxfull.7347731395_cl0q-scaled.jpg","contentUrl":"https:\/\/stitchedbysyed.com\/wp-content\/uploads\/2025\/10\/il_fullxfull.7347731395_cl0q-scaled.jpg","width":2560,"height":2560},{"@type":"BreadcrumbList","@id":"https:\/\/stitchedbysyed.com\/product\/cute-monkey-art-dreamcatcher-embroidery-design-jungle-animal-machine-embroidery-file-baby-nursery-decor-pes-dst-jef-instant-download\/#breadcrumb","itemListElement":[{"@type":"ListItem","position":1,"name":"Home","item":"https:\/\/stitchedbysyed.com\/"},{"@type":"ListItem","position":2,"name":"Shop","item":"https:\/\/stitchedbysyed.com\/shop\/"},{"@type":"ListItem","position":3,"name":"Cute Monkey Art Dreamcatcher Embroidery Design | Jungle Animal Machine Embroidery File | Baby Nursery Decor PES DST JEF Instant Download"}]},{"@type":"WebSite","@id":"https:\/\/stitchedbysyed.com\/#website","url":"https:\/\/stitchedbysyed.com\/","name":"stitchedbysyed.com","description":"","publisher":{"@id":"https:\/\/stitchedbysyed.com\/#organization"},"potentialAction":[{"@type":"SearchAction","target":{"@type":"EntryPoint","urlTemplate":"https:\/\/stitchedbysyed.com\/?s={search_term_string}"},"query-input":{"@type":"PropertyValueSpecification","valueRequired":true,"valueName":"search_term_string"}}],"inLanguage":"es"},{"@type":"Organization","@id":"https:\/\/stitchedbysyed.com\/#organization","name":"stitchedbysyed.com","url":"https:\/\/stitchedbysyed.com\/","logo":{"@type":"ImageObject","inLanguage":"es","@id":"https:\/\/stitchedbysyed.com\/#\/schema\/logo\/image\/","url":"https:\/\/stitchedbysyed.com\/wp-content\/uploads\/2025\/10\/cropped-Stitchedbysyed_logo_dark.webp","contentUrl":"https:\/\/stitchedbysyed.com\/wp-content\/uploads\/2025\/10\/cropped-Stitchedbysyed_logo_dark.webp","width":395,"height":162,"caption":"stitchedbysyed.com"},"image":{"@id":"https:\/\/stitchedbysyed.com\/#\/schema\/logo\/image\/"}}]}},"_links":{"self":[{"href":"https:\/\/stitchedbysyed.com\/es\/wp-json\/wp\/v2\/product\/7438","targetHints":{"allow":["GET"]}}],"collection":[{"href":"https:\/\/stitchedbysyed.com\/es\/wp-json\/wp\/v2\/product"}],"about":[{"href":"https:\/\/stitchedbysyed.com\/es\/wp-json\/wp\/v2\/types\/product"}],"replies":[{"embeddable":true,"href":"https:\/\/stitchedbysyed.com\/es\/wp-json\/wp\/v2\/comments?post=7438"}],"wp:featuredmedia":[{"embeddable":true,"href":"https:\/\/stitchedbysyed.com\/es\/wp-json\/wp\/v2\/media\/7439"}],"wp:attachment":[{"href":"https:\/\/stitchedbysyed.com\/es\/wp-json\/wp\/v2\/media?parent=7438"}],"wp:term":[{"taxonomy":"product_brand","embeddable":true,"href":"https:\/\/stitchedbysyed.com\/es\/wp-json\/wp\/v2\/product_brand?post=7438"},{"taxonomy":"product_cat","embeddable":true,"href":"https:\/\/stitchedbysyed.com\/es\/wp-json\/wp\/v2\/product_cat?post=7438"},{"taxonomy":"product_tag","embeddable":true,"href":"https:\/\/stitchedbysyed.com\/es\/wp-json\/wp\/v2\/product_tag?post=7438"}],"curies":[{"name":"wp","href":"https:\/\/api.w.org\/{rel}","templated":true}]}}