{"id":7905,"date":"2025-10-19T06:37:14","date_gmt":"2025-10-19T06:37:14","guid":{"rendered":"https:\/\/stitchedbysyed.com\/product\/kawaii-ghost-machine-embroidery-design-halloween-applique-digital-download\/"},"modified":"2025-11-04T05:24:50","modified_gmt":"2025-11-04T05:24:50","slug":"kawaii-ghost-machine-embroidery-design-halloween-applique-digital-download","status":"publish","type":"product","link":"https:\/\/stitchedbysyed.com\/de\/produkt\/kawaii-ghost-machine-embroidery-design-halloween-applique-digital-download\/","title":{"rendered":"Kawaii Ghost Machine Embroidery Design: Halloween Applique (Digital Download)"},"content":{"rendered":"<p>Make your Halloween creations extra adorable with this Kawaii Cute Ghost embroidery design. This filled stitch pattern is perfect for clothing, home d\u00e9cor, or gifts.<\/p>\n<p>\ud83d\udccf Gr\u00f6\u00dfen (nur US-Zoll)<br \/>\nAlle Gr\u00f6\u00dfen in diesem Angebot sind in Zoll (US) angegeben, nicht im metrischen System (cm).<br \/>\nVerf\u00fcgbare Gr\u00f6\u00dfen: 4\u00d74, 5\u00d77, 6\u00d710<\/p>\n<p>\ud83e\uddf5 Nur digitale Stickdatei<br \/>\nDies ist eine digitale Stickdesign-Datei \u2014 es wird kein physisches Produkt versendet. Sie m\u00fcssen eine Stickmaschine besitzen, um diese Designs zu verwenden.<\/p>\n<p>\ud83d\udcc2 Enthaltene Dateiformate<br \/>\nIhr Download enth\u00e4lt die folgenden Stickdateiformate:<br \/>\n\u2705 EMB, EXP, DST, HUS, PES, VP3, ART, JEF, PCS, CND, SEW, XXX, CSD<\/p>\n<p>\ud83d\udca1 Ben\u00f6tigen Sie ein anderes Format? Kontaktieren Sie mich vor dem Kauf.<br \/>\n\ud83d\udccc Ben\u00f6tigen Sie eine individuelle Gr\u00f6\u00dfe? Bitte kontaktieren Sie mich vor dem Kauf.<\/p>\n<p>Nutzungsbedingungen<\/p>\n<p>Sie k\u00f6nnen<br \/>\nDiese Datei f\u00fcr pers\u00f6nliche Projekte verwenden<br \/>\nPhysische Artikel zum Verkauf herstellen (T-Shirts, Taschen, Wohnaccessoires usw.)<\/p>\n<p>Sie d\u00fcrfen nicht<br \/>\nDiese digitale Datei darf nicht geteilt, verkauft oder weitergegeben werden.<br \/>\nDiese Datei darf in keinem Format weiterverkauft werden (Verkauf im Originalzustand verboten).<\/p>\n<p>Wichtige Informationen<br \/>\nDies ist ein digitales Produkt \u2014 keine R\u00fcckerstattung.<br \/>\nDie Stickqualit\u00e4t h\u00e4ngt von den Einstellungen Ihrer Maschine, der Fadenspannung, dem Vlies, dem Stoff und der Nadel ab.<br \/>\nF\u00fcr eine angepasste Stickdatei speziell f\u00fcr M\u00fctzen kontaktieren Sie mich bitte vor dem Kauf. Diese individuelle Version ist teurer als die Standarddatei.<\/p>\n<p>Ein Probestick wird vor der endg\u00fcltigen Produktion dringend empfohlen.<\/p>\n<p>Kundenzufriedenheit garantiert \ud83d\udcaf<br \/>\nIhre Zufriedenheit liegt mir am Herzen! Bei Fragen oder Problemen zu Ihren Stickdesigns kontaktieren Sie mich bitte jederzeit \u2014 ich helfe Ihnen gern weiter.<\/p>\n<p>Herzlichen Dank, dass Sie StitchedBySyed besucht haben \ud83d\udc8c \u2014 ich w\u00fcnsche Ihnen viel Freude und Inspiration beim Sticken Ihrer neuen Designs.<\/p>","protected":false},"excerpt":{"rendered":"<p>Make your Halloween creations extra adorable with this Kawaii Cute Ghost embroidery design. This filled stitch pattern is perfect for clothing, home d\u00e9cor, or gifts. \ud83d\udccf Sizes (US Inches Only) All sizes in this listing are in inches (US), not metric (cm). Available Sizes: 4&#215;4, 5&#215;7, 6&#215;10 \ud83e\uddf5 Digital Embroidery File Only This is a [&hellip;]<\/p>","protected":false},"featured_media":7907,"comment_status":"open","ping_status":"closed","template":"","meta":[],"product_brand":[],"product_cat":[183,67,155],"product_tag":[359,431,434,437,429,436,435,138,432,430,433,428,135],"class_list":{"0":"post-7905","1":"product","2":"type-product","3":"status-publish","4":"has-post-thumbnail","6":"product_cat-embroidery-machine-files","7":"product_cat-ghost-embroidery-designs","8":"product_cat-halloween-embroidery-designs","9":"product_tag-fall-embroidery","10":"product_tag-feeling-spooky","11":"product_tag-floral-ghost","12":"product_tag-ghost-dog-cat","13":"product_tag-ghost-pes-4x4","14":"product_tag-ghost-with-bats","15":"product_tag-ghost-with-coffee","16":"product_tag-halloween-embroidery","17":"product_tag-horror-pes","18":"product_tag-kids-girls-halloween","19":"product_tag-monkey-halloween","20":"product_tag-pes-spooky-designs","21":"product_tag-trendy-embroidery","23":"first","24":"instock","25":"sale","26":"downloadable","27":"taxable","28":"shipping-taxable","29":"purchasable","30":"product-type-simple"},"yoast_head":"<!-- This site is optimized with the Yoast SEO Premium plugin v26.2 (Yoast SEO v26.2) - https:\/\/yoast.com\/wordpress\/plugins\/seo\/ -->\n<title>Kawaii Ghost Machine Embroidery Design: Halloween Applique (Digital Download) - stitchedbysyed.com<\/title>\n<meta name=\"description\" content=\"Make your Halloween creations extra adorable with this Kawaii Cute Ghost embroidery design. This filled stitch pattern is perfect for clothing, home d\u00e9cor, or gifts.\" \/>\n<meta name=\"robots\" content=\"index, follow, max-snippet:-1, max-image-preview:large, max-video-preview:-1\" \/>\n<link rel=\"canonical\" href=\"https:\/\/stitchedbysyed.com\/de\/produkt\/kawaii-ghost-machine-embroidery-design-halloween-applique-digital-download\/\" \/>\n<meta property=\"og:locale\" content=\"de_DE\" \/>\n<meta property=\"og:type\" content=\"article\" \/>\n<meta property=\"og:title\" content=\"Kawaii Ghost Machine Embroidery Design: Halloween Applique (Digital Download)\" \/>\n<meta property=\"og:description\" content=\"Make your Halloween creations extra adorable with this Kawaii Cute Ghost embroidery design. This filled stitch pattern is perfect for clothing, home d\u00e9cor, or gifts.\" \/>\n<meta property=\"og:url\" content=\"https:\/\/stitchedbysyed.com\/de\/produkt\/kawaii-ghost-machine-embroidery-design-halloween-applique-digital-download\/\" \/>\n<meta property=\"og:site_name\" content=\"stitchedbysyed.com\" \/>\n<meta property=\"article:modified_time\" content=\"2025-11-04T05:24:50+00:00\" \/>\n<meta property=\"og:image\" content=\"https:\/\/stitchedbysyed.com\/wp-content\/uploads\/2025\/10\/il_fullxfull.7163630721_xqt7-1.jpg\" \/>\n\t<meta property=\"og:image:width\" content=\"1080\" \/>\n\t<meta property=\"og:image:height\" content=\"1080\" \/>\n\t<meta property=\"og:image:type\" content=\"image\/jpeg\" \/>\n<meta name=\"twitter:card\" content=\"summary_large_image\" \/>\n<meta name=\"twitter:label1\" content=\"Gesch\u00e4tzte Lesezeit\" \/>\n\t<meta name=\"twitter:data1\" content=\"2\u00a0Minuten\" \/>\n<script type=\"application\/ld+json\" class=\"yoast-schema-graph\">{\"@context\":\"https:\/\/schema.org\",\"@graph\":[{\"@type\":\"WebPage\",\"@id\":\"https:\/\/stitchedbysyed.com\/product\/kawaii-ghost-machine-embroidery-design-halloween-applique-digital-download\/\",\"url\":\"https:\/\/stitchedbysyed.com\/product\/kawaii-ghost-machine-embroidery-design-halloween-applique-digital-download\/\",\"name\":\"Kawaii Ghost Machine Embroidery Design: Halloween Applique (Digital Download) - stitchedbysyed.com\",\"isPartOf\":{\"@id\":\"https:\/\/stitchedbysyed.com\/#website\"},\"primaryImageOfPage\":{\"@id\":\"https:\/\/stitchedbysyed.com\/product\/kawaii-ghost-machine-embroidery-design-halloween-applique-digital-download\/#primaryimage\"},\"image\":{\"@id\":\"https:\/\/stitchedbysyed.com\/product\/kawaii-ghost-machine-embroidery-design-halloween-applique-digital-download\/#primaryimage\"},\"thumbnailUrl\":\"https:\/\/stitchedbysyed.com\/wp-content\/uploads\/2025\/10\/il_fullxfull.7163630721_xqt7-1.jpg\",\"datePublished\":\"2025-10-19T06:37:14+00:00\",\"dateModified\":\"2025-11-04T05:24:50+00:00\",\"description\":\"Make your Halloween creations extra adorable with this Kawaii Cute Ghost embroidery design. This filled stitch pattern is perfect for clothing, home d\u00e9cor, or gifts.\",\"breadcrumb\":{\"@id\":\"https:\/\/stitchedbysyed.com\/product\/kawaii-ghost-machine-embroidery-design-halloween-applique-digital-download\/#breadcrumb\"},\"inLanguage\":\"de\",\"potentialAction\":[{\"@type\":\"ReadAction\",\"target\":[\"https:\/\/stitchedbysyed.com\/product\/kawaii-ghost-machine-embroidery-design-halloween-applique-digital-download\/\"]}]},{\"@type\":\"ImageObject\",\"inLanguage\":\"de\",\"@id\":\"https:\/\/stitchedbysyed.com\/product\/kawaii-ghost-machine-embroidery-design-halloween-applique-digital-download\/#primaryimage\",\"url\":\"https:\/\/stitchedbysyed.com\/wp-content\/uploads\/2025\/10\/il_fullxfull.7163630721_xqt7-1.jpg\",\"contentUrl\":\"https:\/\/stitchedbysyed.com\/wp-content\/uploads\/2025\/10\/il_fullxfull.7163630721_xqt7-1.jpg\",\"width\":1080,\"height\":1080,\"caption\":\"Kawaii Cute Ghost Machine Embroidery Designs\"},{\"@type\":\"BreadcrumbList\",\"@id\":\"https:\/\/stitchedbysyed.com\/product\/kawaii-ghost-machine-embroidery-design-halloween-applique-digital-download\/#breadcrumb\",\"itemListElement\":[{\"@type\":\"ListItem\",\"position\":1,\"name\":\"Home\",\"item\":\"https:\/\/stitchedbysyed.com\/\"},{\"@type\":\"ListItem\",\"position\":2,\"name\":\"Shop\",\"item\":\"https:\/\/stitchedbysyed.com\/shop\/\"},{\"@type\":\"ListItem\",\"position\":3,\"name\":\"Kawaii Ghost Machine Embroidery Design: Halloween Applique (Digital Download)\"}]},{\"@type\":\"WebSite\",\"@id\":\"https:\/\/stitchedbysyed.com\/#website\",\"url\":\"https:\/\/stitchedbysyed.com\/\",\"name\":\"stitchedbysyed.com\",\"description\":\"\",\"publisher\":{\"@id\":\"https:\/\/stitchedbysyed.com\/#organization\"},\"potentialAction\":[{\"@type\":\"SearchAction\",\"target\":{\"@type\":\"EntryPoint\",\"urlTemplate\":\"https:\/\/stitchedbysyed.com\/?s={search_term_string}\"},\"query-input\":{\"@type\":\"PropertyValueSpecification\",\"valueRequired\":true,\"valueName\":\"search_term_string\"}}],\"inLanguage\":\"de\"},{\"@type\":\"Organization\",\"@id\":\"https:\/\/stitchedbysyed.com\/#organization\",\"name\":\"stitchedbysyed.com\",\"url\":\"https:\/\/stitchedbysyed.com\/\",\"logo\":{\"@type\":\"ImageObject\",\"inLanguage\":\"de\",\"@id\":\"https:\/\/stitchedbysyed.com\/#\/schema\/logo\/image\/\",\"url\":\"https:\/\/stitchedbysyed.com\/wp-content\/uploads\/2025\/10\/cropped-Stitchedbysyed_logo_dark.webp\",\"contentUrl\":\"https:\/\/stitchedbysyed.com\/wp-content\/uploads\/2025\/10\/cropped-Stitchedbysyed_logo_dark.webp\",\"width\":395,\"height\":162,\"caption\":\"stitchedbysyed.com\"},\"image\":{\"@id\":\"https:\/\/stitchedbysyed.com\/#\/schema\/logo\/image\/\"}}]}<\/script>\n<!-- \/ Yoast SEO Premium plugin. -->","yoast_head_json":{"title":"Kawaii Ghost Machine Embroidery Design: Halloween Applique (Digital Download) - stitchedbysyed.com","description":"Make your Halloween creations extra adorable with this Kawaii Cute Ghost embroidery design. This filled stitch pattern is perfect for clothing, home d\u00e9cor, or gifts.","robots":{"index":"index","follow":"follow","max-snippet":"max-snippet:-1","max-image-preview":"max-image-preview:large","max-video-preview":"max-video-preview:-1"},"canonical":"https:\/\/stitchedbysyed.com\/de\/produkt\/kawaii-ghost-machine-embroidery-design-halloween-applique-digital-download\/","og_locale":"de_DE","og_type":"article","og_title":"Kawaii Ghost Machine Embroidery Design: Halloween Applique (Digital Download)","og_description":"Make your Halloween creations extra adorable with this Kawaii Cute Ghost embroidery design. This filled stitch pattern is perfect for clothing, home d\u00e9cor, or gifts.","og_url":"https:\/\/stitchedbysyed.com\/de\/produkt\/kawaii-ghost-machine-embroidery-design-halloween-applique-digital-download\/","og_site_name":"stitchedbysyed.com","article_modified_time":"2025-11-04T05:24:50+00:00","og_image":[{"width":1080,"height":1080,"url":"https:\/\/stitchedbysyed.com\/wp-content\/uploads\/2025\/10\/il_fullxfull.7163630721_xqt7-1.jpg","type":"image\/jpeg"}],"twitter_card":"summary_large_image","twitter_misc":{"Gesch\u00e4tzte Lesezeit":"2\u00a0Minuten"},"schema":{"@context":"https:\/\/schema.org","@graph":[{"@type":"WebPage","@id":"https:\/\/stitchedbysyed.com\/product\/kawaii-ghost-machine-embroidery-design-halloween-applique-digital-download\/","url":"https:\/\/stitchedbysyed.com\/product\/kawaii-ghost-machine-embroidery-design-halloween-applique-digital-download\/","name":"Kawaii Ghost Machine Embroidery Design: Halloween Applique (Digital Download) - stitchedbysyed.com","isPartOf":{"@id":"https:\/\/stitchedbysyed.com\/#website"},"primaryImageOfPage":{"@id":"https:\/\/stitchedbysyed.com\/product\/kawaii-ghost-machine-embroidery-design-halloween-applique-digital-download\/#primaryimage"},"image":{"@id":"https:\/\/stitchedbysyed.com\/product\/kawaii-ghost-machine-embroidery-design-halloween-applique-digital-download\/#primaryimage"},"thumbnailUrl":"https:\/\/stitchedbysyed.com\/wp-content\/uploads\/2025\/10\/il_fullxfull.7163630721_xqt7-1.jpg","datePublished":"2025-10-19T06:37:14+00:00","dateModified":"2025-11-04T05:24:50+00:00","description":"Make your Halloween creations extra adorable with this Kawaii Cute Ghost embroidery design. This filled stitch pattern is perfect for clothing, home d\u00e9cor, or gifts.","breadcrumb":{"@id":"https:\/\/stitchedbysyed.com\/product\/kawaii-ghost-machine-embroidery-design-halloween-applique-digital-download\/#breadcrumb"},"inLanguage":"de","potentialAction":[{"@type":"ReadAction","target":["https:\/\/stitchedbysyed.com\/product\/kawaii-ghost-machine-embroidery-design-halloween-applique-digital-download\/"]}]},{"@type":"ImageObject","inLanguage":"de","@id":"https:\/\/stitchedbysyed.com\/product\/kawaii-ghost-machine-embroidery-design-halloween-applique-digital-download\/#primaryimage","url":"https:\/\/stitchedbysyed.com\/wp-content\/uploads\/2025\/10\/il_fullxfull.7163630721_xqt7-1.jpg","contentUrl":"https:\/\/stitchedbysyed.com\/wp-content\/uploads\/2025\/10\/il_fullxfull.7163630721_xqt7-1.jpg","width":1080,"height":1080,"caption":"Kawaii Cute Ghost Machine Embroidery Designs"},{"@type":"BreadcrumbList","@id":"https:\/\/stitchedbysyed.com\/product\/kawaii-ghost-machine-embroidery-design-halloween-applique-digital-download\/#breadcrumb","itemListElement":[{"@type":"ListItem","position":1,"name":"Home","item":"https:\/\/stitchedbysyed.com\/"},{"@type":"ListItem","position":2,"name":"Shop","item":"https:\/\/stitchedbysyed.com\/shop\/"},{"@type":"ListItem","position":3,"name":"Kawaii Ghost Machine Embroidery Design: Halloween Applique (Digital Download)"}]},{"@type":"WebSite","@id":"https:\/\/stitchedbysyed.com\/#website","url":"https:\/\/stitchedbysyed.com\/","name":"stitchedbysyed.com","description":"","publisher":{"@id":"https:\/\/stitchedbysyed.com\/#organization"},"potentialAction":[{"@type":"SearchAction","target":{"@type":"EntryPoint","urlTemplate":"https:\/\/stitchedbysyed.com\/?s={search_term_string}"},"query-input":{"@type":"PropertyValueSpecification","valueRequired":true,"valueName":"search_term_string"}}],"inLanguage":"de"},{"@type":"Organization","@id":"https:\/\/stitchedbysyed.com\/#organization","name":"stitchedbysyed.com","url":"https:\/\/stitchedbysyed.com\/","logo":{"@type":"ImageObject","inLanguage":"de","@id":"https:\/\/stitchedbysyed.com\/#\/schema\/logo\/image\/","url":"https:\/\/stitchedbysyed.com\/wp-content\/uploads\/2025\/10\/cropped-Stitchedbysyed_logo_dark.webp","contentUrl":"https:\/\/stitchedbysyed.com\/wp-content\/uploads\/2025\/10\/cropped-Stitchedbysyed_logo_dark.webp","width":395,"height":162,"caption":"stitchedbysyed.com"},"image":{"@id":"https:\/\/stitchedbysyed.com\/#\/schema\/logo\/image\/"}}]}},"_links":{"self":[{"href":"https:\/\/stitchedbysyed.com\/de\/wp-json\/wp\/v2\/product\/7905","targetHints":{"allow":["GET"]}}],"collection":[{"href":"https:\/\/stitchedbysyed.com\/de\/wp-json\/wp\/v2\/product"}],"about":[{"href":"https:\/\/stitchedbysyed.com\/de\/wp-json\/wp\/v2\/types\/product"}],"replies":[{"embeddable":true,"href":"https:\/\/stitchedbysyed.com\/de\/wp-json\/wp\/v2\/comments?post=7905"}],"wp:featuredmedia":[{"embeddable":true,"href":"https:\/\/stitchedbysyed.com\/de\/wp-json\/wp\/v2\/media\/7907"}],"wp:attachment":[{"href":"https:\/\/stitchedbysyed.com\/de\/wp-json\/wp\/v2\/media?parent=7905"}],"wp:term":[{"taxonomy":"product_brand","embeddable":true,"href":"https:\/\/stitchedbysyed.com\/de\/wp-json\/wp\/v2\/product_brand?post=7905"},{"taxonomy":"product_cat","embeddable":true,"href":"https:\/\/stitchedbysyed.com\/de\/wp-json\/wp\/v2\/product_cat?post=7905"},{"taxonomy":"product_tag","embeddable":true,"href":"https:\/\/stitchedbysyed.com\/de\/wp-json\/wp\/v2\/product_tag?post=7905"}],"curies":[{"name":"wp","href":"https:\/\/api.w.org\/{rel}","templated":true}]}}