{"id":7494,"date":"2025-10-19T06:12:50","date_gmt":"2025-10-19T06:12:50","guid":{"rendered":"https:\/\/stitchedbysyed.com\/product\/peony-flower-machine-embroidery-design-minimalist-peony-line-art-pattern-elegant-wide-blossom-digital-embroidery-file\/"},"modified":"2025-12-26T07:41:37","modified_gmt":"2025-12-26T07:41:37","slug":"peony-flower-machine-embroidery-design-minimalist-peony-line-art-pattern-elegant-wide-blossom-digital-embroidery-file","status":"publish","type":"product","link":"https:\/\/stitchedbysyed.com\/de\/produkt\/peony-flower-machine-embroidery-design-minimalist-peony-line-art-pattern-elegant-wide-blossom-digital-embroidery-file\/","title":{"rendered":"Pfingstrose Blume Maschine Stickerei Design | Minimalistische Pfingstrose Line Art Pattern | Elegante breite Bl\u00fcte Digital Stickerei Datei"},"content":{"rendered":"<p>This is a digital machine embroidery design file \u2014 perfect for creating embroidered sweatshirts, hoodies, , custom cusions, pillow or tote bags using your embroidery machine.<\/p>\n<p>Create timeless beauty with this elegant peony flower embroidery design \u2014 perfect for minimalist decor, clothing, and wedding gifts. Instant digital download for machine embroidery lovers.<\/p>\n<p>\ud83c\udf81 Perfect for:<br \/>\nHome Decoration<br \/>\nWedding Decoration<br \/>\nCrafting<br \/>\nWedding &amp; anniversary gifts<br \/>\nPersonalized home d\u00e9cor<br \/>\nDIY embroidery projects<br \/>\nCustom couple monogram keepsakes<br \/>\nBring timeless beauty to your embroidery projects with this personalized embroidery patch!<\/p>\n<p>\ud83d\udccf Gr\u00f6\u00dfen (nur US-Zoll)<br \/>\nAlle Gr\u00f6\u00dfen in diesem Angebot sind in Zoll (US) angegeben, nicht im metrischen System (cm).<br \/>\nVerf\u00fcgbare Gr\u00f6\u00dfen: 4\u00d74, 5\u00d77, 6\u00d710<\/p>\n<p>\ud83e\uddf5 Nur digitale Stickdatei<br \/>\nDies ist eine digitale Stickdesign-Datei \u2014 es wird kein physisches Produkt versendet. Sie m\u00fcssen eine Stickmaschine besitzen, um diese Designs zu verwenden.<\/p>\n<p>\ud83d\udcc2 Enthaltene Dateiformate<br \/>\nIhr Download enth\u00e4lt die folgenden Stickdateiformate:<br \/>\n\u2705 EMB, EXP, DST, HUS, PES, VP3, ART, JEF, PCS, CND, SEW, XXX, CSD<\/p>\n<p>\ud83d\udca1 Ben\u00f6tigen Sie ein anderes Format? Kontaktieren Sie mich vor dem Kauf.<br \/>\n\ud83d\udccc Ben\u00f6tigen Sie eine individuelle Gr\u00f6\u00dfe? Bitte kontaktieren Sie mich vor dem Kauf.<\/p>\n<p>Nutzungsbedingungen<\/p>\n<p>Sie k\u00f6nnen<br \/>\nDiese Datei f\u00fcr pers\u00f6nliche Projekte verwenden<br \/>\nPhysische Artikel zum Verkauf herstellen (T-Shirts, Taschen, Wohnaccessoires usw.)<\/p>\n<p>Sie d\u00fcrfen nicht<br \/>\nDiese digitale Datei darf nicht geteilt, verkauft oder weitergegeben werden.<br \/>\nDiese Datei darf in keinem Format weiterverkauft werden (Verkauf im Originalzustand verboten).<\/p>\n<p>Wichtige Informationen<\/p>\n<p>Dies ist ein digitales Produkt \u2014 keine R\u00fcckerstattung.<br \/>\nDie Stickqualit\u00e4t h\u00e4ngt von den Einstellungen Ihrer Maschine, der Fadenspannung, dem Vlies, dem Stoff und der Nadel ab.<br \/>\nF\u00fcr eine angepasste Stickdatei speziell f\u00fcr M\u00fctzen kontaktieren Sie mich bitte vor dem Kauf. Diese individuelle Version ist teurer als die Standarddatei.<br \/>\nEin Probestick wird vor der endg\u00fcltigen Produktion dringend empfohlen.<\/p>\n<p>Kundenzufriedenheit garantiert \ud83d\udcaf<br \/>\nIhre Zufriedenheit liegt mir am Herzen! Bei Fragen oder Problemen zu Ihren Stickdesigns kontaktieren Sie mich bitte jederzeit \u2014 ich helfe Ihnen gern weiter.<\/p>\n<p>Vielen Dank f\u00fcr Ihren Besuch bei StitchedBySyed \ud83d\udc8c - Happy Embroidery Design stitching!<\/p>","protected":false},"excerpt":{"rendered":"<p>This is a digital machine embroidery design file \u2014 perfect for creating embroidered sweatshirts, hoodies, , custom cusions, pillow or tote bags using your embroidery machine. Create timeless beauty with this elegant peony flower embroidery design \u2014 perfect for minimalist decor, clothing, and wedding gifts. Instant digital download for machine embroidery lovers. \ud83c\udf81 Perfect for: [&hellip;]<\/p>","protected":false},"featured_media":7495,"comment_status":"open","ping_status":"closed","template":"","meta":[],"product_brand":[],"product_cat":[183,157],"product_tag":[238,237,235,233,236,143,172,241,239,139,232,240,234],"class_list":{"0":"post-7494","1":"product","2":"type-product","3":"status-publish","4":"has-post-thumbnail","6":"product_cat-embroidery-machine-files","7":"product_cat-floral-embroidery","8":"product_tag-bedroom-wall-decor","9":"product_tag-custom-name-stitch","10":"product_tag-digitized-embroidery","11":"product_tag-dst-embroidery","12":"product_tag-elegant-monogram","13":"product_tag-embroidery-files","14":"product_tag-embroiderydesign","15":"product_tag-gift-for-her","16":"product_tag-home-decoration","17":"product_tag-machine-embroidery","18":"product_tag-personalized-designs","19":"product_tag-wedding-decoration","20":"product_tag-wedding-monogram","22":"first","23":"instock","24":"sale","25":"downloadable","26":"taxable","27":"shipping-taxable","28":"purchasable","29":"product-type-simple"},"yoast_head":"<!-- This site is optimized with the Yoast SEO Premium plugin v26.2 (Yoast SEO v26.2) - https:\/\/yoast.com\/wordpress\/plugins\/seo\/ -->\n<title>Peony Flower Machine Embroidery Design | Minimalist Peony Line Art Pattern | Elegant Wide Blossom Digital Embroidery File - stitchedbysyed.com<\/title>\n<meta name=\"description\" content=\"This is a digital machine Peony Flower embroidery design file \u2014 perfect for creating embroidered sweatshirts, hoodies, , custom cusions, pillow or tote bags using your embroidery machine.\" \/>\n<meta name=\"robots\" content=\"index, follow, max-snippet:-1, max-image-preview:large, max-video-preview:-1\" \/>\n<link rel=\"canonical\" href=\"https:\/\/stitchedbysyed.com\/de\/produkt\/peony-flower-machine-embroidery-design-minimalist-peony-line-art-pattern-elegant-wide-blossom-digital-embroidery-file\/\" \/>\n<meta property=\"og:locale\" content=\"de_DE\" \/>\n<meta property=\"og:type\" content=\"article\" \/>\n<meta property=\"og:title\" content=\"Peony Flower Machine Embroidery Design | Minimalist Peony Line Art Pattern | Elegant Wide Blossom Digital Embroidery File\" \/>\n<meta property=\"og:description\" content=\"This is a digital machine Peony Flower embroidery design file \u2014 perfect for creating embroidered sweatshirts, hoodies, , custom cusions, pillow or tote bags using your embroidery machine.\" \/>\n<meta property=\"og:url\" content=\"https:\/\/stitchedbysyed.com\/de\/produkt\/peony-flower-machine-embroidery-design-minimalist-peony-line-art-pattern-elegant-wide-blossom-digital-embroidery-file\/\" \/>\n<meta property=\"og:site_name\" content=\"stitchedbysyed.com\" \/>\n<meta property=\"article:modified_time\" content=\"2025-12-26T07:41:37+00:00\" \/>\n<meta property=\"og:image\" content=\"https:\/\/stitchedbysyed.com\/wp-content\/uploads\/2025\/10\/il_fullxfull.7331033501_9bml.jpg\" \/>\n\t<meta property=\"og:image:width\" content=\"1200\" \/>\n\t<meta property=\"og:image:height\" content=\"1200\" \/>\n\t<meta property=\"og:image:type\" content=\"image\/jpeg\" \/>\n<meta name=\"twitter:card\" content=\"summary_large_image\" \/>\n<meta name=\"twitter:label1\" content=\"Gesch\u00e4tzte Lesezeit\" \/>\n\t<meta name=\"twitter:data1\" content=\"2\u00a0Minuten\" \/>\n<script type=\"application\/ld+json\" class=\"yoast-schema-graph\">{\"@context\":\"https:\/\/schema.org\",\"@graph\":[{\"@type\":\"WebPage\",\"@id\":\"https:\/\/stitchedbysyed.com\/product\/peony-flower-machine-embroidery-design-minimalist-peony-line-art-pattern-elegant-wide-blossom-digital-embroidery-file\/\",\"url\":\"https:\/\/stitchedbysyed.com\/product\/peony-flower-machine-embroidery-design-minimalist-peony-line-art-pattern-elegant-wide-blossom-digital-embroidery-file\/\",\"name\":\"Peony Flower Machine Embroidery Design | Minimalist Peony Line Art Pattern | Elegant Wide Blossom Digital Embroidery File - stitchedbysyed.com\",\"isPartOf\":{\"@id\":\"https:\/\/stitchedbysyed.com\/#website\"},\"primaryImageOfPage\":{\"@id\":\"https:\/\/stitchedbysyed.com\/product\/peony-flower-machine-embroidery-design-minimalist-peony-line-art-pattern-elegant-wide-blossom-digital-embroidery-file\/#primaryimage\"},\"image\":{\"@id\":\"https:\/\/stitchedbysyed.com\/product\/peony-flower-machine-embroidery-design-minimalist-peony-line-art-pattern-elegant-wide-blossom-digital-embroidery-file\/#primaryimage\"},\"thumbnailUrl\":\"https:\/\/stitchedbysyed.com\/wp-content\/uploads\/2025\/10\/il_fullxfull.7331033501_9bml.jpg\",\"datePublished\":\"2025-10-19T06:12:50+00:00\",\"dateModified\":\"2025-12-26T07:41:37+00:00\",\"description\":\"This is a digital machine Peony Flower embroidery design file \u2014 perfect for creating embroidered sweatshirts, hoodies, , custom cusions, pillow or tote bags using your embroidery machine.\",\"breadcrumb\":{\"@id\":\"https:\/\/stitchedbysyed.com\/product\/peony-flower-machine-embroidery-design-minimalist-peony-line-art-pattern-elegant-wide-blossom-digital-embroidery-file\/#breadcrumb\"},\"inLanguage\":\"de\",\"potentialAction\":[{\"@type\":\"ReadAction\",\"target\":[\"https:\/\/stitchedbysyed.com\/product\/peony-flower-machine-embroidery-design-minimalist-peony-line-art-pattern-elegant-wide-blossom-digital-embroidery-file\/\"]}]},{\"@type\":\"ImageObject\",\"inLanguage\":\"de\",\"@id\":\"https:\/\/stitchedbysyed.com\/product\/peony-flower-machine-embroidery-design-minimalist-peony-line-art-pattern-elegant-wide-blossom-digital-embroidery-file\/#primaryimage\",\"url\":\"https:\/\/stitchedbysyed.com\/wp-content\/uploads\/2025\/10\/il_fullxfull.7331033501_9bml.jpg\",\"contentUrl\":\"https:\/\/stitchedbysyed.com\/wp-content\/uploads\/2025\/10\/il_fullxfull.7331033501_9bml.jpg\",\"width\":1200,\"height\":1200},{\"@type\":\"BreadcrumbList\",\"@id\":\"https:\/\/stitchedbysyed.com\/product\/peony-flower-machine-embroidery-design-minimalist-peony-line-art-pattern-elegant-wide-blossom-digital-embroidery-file\/#breadcrumb\",\"itemListElement\":[{\"@type\":\"ListItem\",\"position\":1,\"name\":\"Home\",\"item\":\"https:\/\/stitchedbysyed.com\/\"},{\"@type\":\"ListItem\",\"position\":2,\"name\":\"Shop\",\"item\":\"https:\/\/stitchedbysyed.com\/shop\/\"},{\"@type\":\"ListItem\",\"position\":3,\"name\":\"Peony Flower Machine Embroidery Design | Minimalist Peony Line Art Pattern | Elegant Wide Blossom Digital Embroidery File\"}]},{\"@type\":\"WebSite\",\"@id\":\"https:\/\/stitchedbysyed.com\/#website\",\"url\":\"https:\/\/stitchedbysyed.com\/\",\"name\":\"stitchedbysyed.com\",\"description\":\"\",\"publisher\":{\"@id\":\"https:\/\/stitchedbysyed.com\/#organization\"},\"potentialAction\":[{\"@type\":\"SearchAction\",\"target\":{\"@type\":\"EntryPoint\",\"urlTemplate\":\"https:\/\/stitchedbysyed.com\/?s={search_term_string}\"},\"query-input\":{\"@type\":\"PropertyValueSpecification\",\"valueRequired\":true,\"valueName\":\"search_term_string\"}}],\"inLanguage\":\"de\"},{\"@type\":\"Organization\",\"@id\":\"https:\/\/stitchedbysyed.com\/#organization\",\"name\":\"stitchedbysyed.com\",\"url\":\"https:\/\/stitchedbysyed.com\/\",\"logo\":{\"@type\":\"ImageObject\",\"inLanguage\":\"de\",\"@id\":\"https:\/\/stitchedbysyed.com\/#\/schema\/logo\/image\/\",\"url\":\"https:\/\/stitchedbysyed.com\/wp-content\/uploads\/2025\/10\/cropped-Stitchedbysyed_logo_dark.webp\",\"contentUrl\":\"https:\/\/stitchedbysyed.com\/wp-content\/uploads\/2025\/10\/cropped-Stitchedbysyed_logo_dark.webp\",\"width\":395,\"height\":162,\"caption\":\"stitchedbysyed.com\"},\"image\":{\"@id\":\"https:\/\/stitchedbysyed.com\/#\/schema\/logo\/image\/\"}}]}<\/script>\n<!-- \/ Yoast SEO Premium plugin. -->","yoast_head_json":{"title":"Peony Flower Machine Embroidery Design | Minimalist Peony Line Art Pattern | Elegant Wide Blossom Digital Embroidery File - stitchedbysyed.com","description":"This is a digital machine Peony Flower embroidery design file \u2014 perfect for creating embroidered sweatshirts, hoodies, , custom cusions, pillow or tote bags using your embroidery machine.","robots":{"index":"index","follow":"follow","max-snippet":"max-snippet:-1","max-image-preview":"max-image-preview:large","max-video-preview":"max-video-preview:-1"},"canonical":"https:\/\/stitchedbysyed.com\/de\/produkt\/peony-flower-machine-embroidery-design-minimalist-peony-line-art-pattern-elegant-wide-blossom-digital-embroidery-file\/","og_locale":"de_DE","og_type":"article","og_title":"Peony Flower Machine Embroidery Design | Minimalist Peony Line Art Pattern | Elegant Wide Blossom Digital Embroidery File","og_description":"This is a digital machine Peony Flower embroidery design file \u2014 perfect for creating embroidered sweatshirts, hoodies, , custom cusions, pillow or tote bags using your embroidery machine.","og_url":"https:\/\/stitchedbysyed.com\/de\/produkt\/peony-flower-machine-embroidery-design-minimalist-peony-line-art-pattern-elegant-wide-blossom-digital-embroidery-file\/","og_site_name":"stitchedbysyed.com","article_modified_time":"2025-12-26T07:41:37+00:00","og_image":[{"width":1200,"height":1200,"url":"https:\/\/stitchedbysyed.com\/wp-content\/uploads\/2025\/10\/il_fullxfull.7331033501_9bml.jpg","type":"image\/jpeg"}],"twitter_card":"summary_large_image","twitter_misc":{"Gesch\u00e4tzte Lesezeit":"2\u00a0Minuten"},"schema":{"@context":"https:\/\/schema.org","@graph":[{"@type":"WebPage","@id":"https:\/\/stitchedbysyed.com\/product\/peony-flower-machine-embroidery-design-minimalist-peony-line-art-pattern-elegant-wide-blossom-digital-embroidery-file\/","url":"https:\/\/stitchedbysyed.com\/product\/peony-flower-machine-embroidery-design-minimalist-peony-line-art-pattern-elegant-wide-blossom-digital-embroidery-file\/","name":"Peony Flower Machine Embroidery Design | Minimalist Peony Line Art Pattern | Elegant Wide Blossom Digital Embroidery File - stitchedbysyed.com","isPartOf":{"@id":"https:\/\/stitchedbysyed.com\/#website"},"primaryImageOfPage":{"@id":"https:\/\/stitchedbysyed.com\/product\/peony-flower-machine-embroidery-design-minimalist-peony-line-art-pattern-elegant-wide-blossom-digital-embroidery-file\/#primaryimage"},"image":{"@id":"https:\/\/stitchedbysyed.com\/product\/peony-flower-machine-embroidery-design-minimalist-peony-line-art-pattern-elegant-wide-blossom-digital-embroidery-file\/#primaryimage"},"thumbnailUrl":"https:\/\/stitchedbysyed.com\/wp-content\/uploads\/2025\/10\/il_fullxfull.7331033501_9bml.jpg","datePublished":"2025-10-19T06:12:50+00:00","dateModified":"2025-12-26T07:41:37+00:00","description":"This is a digital machine Peony Flower embroidery design file \u2014 perfect for creating embroidered sweatshirts, hoodies, , custom cusions, pillow or tote bags using your embroidery machine.","breadcrumb":{"@id":"https:\/\/stitchedbysyed.com\/product\/peony-flower-machine-embroidery-design-minimalist-peony-line-art-pattern-elegant-wide-blossom-digital-embroidery-file\/#breadcrumb"},"inLanguage":"de","potentialAction":[{"@type":"ReadAction","target":["https:\/\/stitchedbysyed.com\/product\/peony-flower-machine-embroidery-design-minimalist-peony-line-art-pattern-elegant-wide-blossom-digital-embroidery-file\/"]}]},{"@type":"ImageObject","inLanguage":"de","@id":"https:\/\/stitchedbysyed.com\/product\/peony-flower-machine-embroidery-design-minimalist-peony-line-art-pattern-elegant-wide-blossom-digital-embroidery-file\/#primaryimage","url":"https:\/\/stitchedbysyed.com\/wp-content\/uploads\/2025\/10\/il_fullxfull.7331033501_9bml.jpg","contentUrl":"https:\/\/stitchedbysyed.com\/wp-content\/uploads\/2025\/10\/il_fullxfull.7331033501_9bml.jpg","width":1200,"height":1200},{"@type":"BreadcrumbList","@id":"https:\/\/stitchedbysyed.com\/product\/peony-flower-machine-embroidery-design-minimalist-peony-line-art-pattern-elegant-wide-blossom-digital-embroidery-file\/#breadcrumb","itemListElement":[{"@type":"ListItem","position":1,"name":"Home","item":"https:\/\/stitchedbysyed.com\/"},{"@type":"ListItem","position":2,"name":"Shop","item":"https:\/\/stitchedbysyed.com\/shop\/"},{"@type":"ListItem","position":3,"name":"Peony Flower Machine Embroidery Design | Minimalist Peony Line Art Pattern | Elegant Wide Blossom Digital Embroidery File"}]},{"@type":"WebSite","@id":"https:\/\/stitchedbysyed.com\/#website","url":"https:\/\/stitchedbysyed.com\/","name":"stitchedbysyed.com","description":"","publisher":{"@id":"https:\/\/stitchedbysyed.com\/#organization"},"potentialAction":[{"@type":"SearchAction","target":{"@type":"EntryPoint","urlTemplate":"https:\/\/stitchedbysyed.com\/?s={search_term_string}"},"query-input":{"@type":"PropertyValueSpecification","valueRequired":true,"valueName":"search_term_string"}}],"inLanguage":"de"},{"@type":"Organization","@id":"https:\/\/stitchedbysyed.com\/#organization","name":"stitchedbysyed.com","url":"https:\/\/stitchedbysyed.com\/","logo":{"@type":"ImageObject","inLanguage":"de","@id":"https:\/\/stitchedbysyed.com\/#\/schema\/logo\/image\/","url":"https:\/\/stitchedbysyed.com\/wp-content\/uploads\/2025\/10\/cropped-Stitchedbysyed_logo_dark.webp","contentUrl":"https:\/\/stitchedbysyed.com\/wp-content\/uploads\/2025\/10\/cropped-Stitchedbysyed_logo_dark.webp","width":395,"height":162,"caption":"stitchedbysyed.com"},"image":{"@id":"https:\/\/stitchedbysyed.com\/#\/schema\/logo\/image\/"}}]}},"_links":{"self":[{"href":"https:\/\/stitchedbysyed.com\/de\/wp-json\/wp\/v2\/product\/7494","targetHints":{"allow":["GET"]}}],"collection":[{"href":"https:\/\/stitchedbysyed.com\/de\/wp-json\/wp\/v2\/product"}],"about":[{"href":"https:\/\/stitchedbysyed.com\/de\/wp-json\/wp\/v2\/types\/product"}],"replies":[{"embeddable":true,"href":"https:\/\/stitchedbysyed.com\/de\/wp-json\/wp\/v2\/comments?post=7494"}],"wp:featuredmedia":[{"embeddable":true,"href":"https:\/\/stitchedbysyed.com\/de\/wp-json\/wp\/v2\/media\/7495"}],"wp:attachment":[{"href":"https:\/\/stitchedbysyed.com\/de\/wp-json\/wp\/v2\/media?parent=7494"}],"wp:term":[{"taxonomy":"product_brand","embeddable":true,"href":"https:\/\/stitchedbysyed.com\/de\/wp-json\/wp\/v2\/product_brand?post=7494"},{"taxonomy":"product_cat","embeddable":true,"href":"https:\/\/stitchedbysyed.com\/de\/wp-json\/wp\/v2\/product_cat?post=7494"},{"taxonomy":"product_tag","embeddable":true,"href":"https:\/\/stitchedbysyed.com\/de\/wp-json\/wp\/v2\/product_tag?post=7494"}],"curies":[{"name":"wp","href":"https:\/\/api.w.org\/{rel}","templated":true}]}}